{"id":10305,"date":"2025-01-08T14:33:12","date_gmt":"2025-01-08T17:33:12","guid":{"rendered":"https:\/\/premiolocalbest.com.br\/?page_id=10305"},"modified":"2025-12-29T09:44:51","modified_gmt":"2025-12-29T12:44:51","slug":"09-293-990-0001-78","status":"publish","type":"page","link":"https:\/\/premiolocalbest.com.br\/index.php\/09-293-990-0001-78\/","title":{"rendered":"Empresa: MAC SISTEMAS DE SEGURAN\u00c7A"},"content":{"rendered":"\n<h2 class=\"wp-block-heading\"><strong>Premia\u00e7\u00f5es<\/strong>:<\/h2>\n\n\n\n<p>Ano: 2025<br>Cidade: ITAPETININGA &#8211; SP<br>Segmento: EMPRESA DE SEGURAN\u00c7A ELETR\u00d4NICA<br>Medalha: OURO<\/p>\n\n\n\n<p>Ano: 2024<br>Cidade: ITAPETININGA &#8211; SP<br>Segmento: EMPRESA DE SEGURAN\u00c7A ELETR\u00d4NICA<br>Medalha: OURO<\/p>\n\n\n\n<p>Se voc\u00ea \u00e9 propriet\u00e1rio dessa empresa, saiba como usar esta p\u00e1gina para divulgar as promo\u00e7\u00f5es e outras novidades da sua empresa. Para isso, entre em contato conosco pelo email contato@premiolocalbest.com.br.<\/p>\n","protected":false},"excerpt":{"rendered":"","protected":false},"author":1,"featured_media":0,"parent":0,"menu_order":0,"comment_status":"closed","ping_status":"closed","template":"","meta":{"footnotes":""},"class_list":["post-10305","page","type-page","status-publish","hentry"],"_links":{"self":[{"href":"https:\/\/premiolocalbest.com.br\/index.php\/wp-json\/wp\/v2\/pages\/10305","targetHints":{"allow":["GET"]}}],"collection":[{"href":"https:\/\/premiolocalbest.com.br\/index.php\/wp-json\/wp\/v2\/pages"}],"about":[{"href":"https:\/\/premiolocalbest.com.br\/index.php\/wp-json\/wp\/v2\/types\/page"}],"author":[{"embeddable":true,"href":"https:\/\/premiolocalbest.com.br\/index.php\/wp-json\/wp\/v2\/users\/1"}],"replies":[{"embeddable":true,"href":"https:\/\/premiolocalbest.com.br\/index.php\/wp-json\/wp\/v2\/comments?post=10305"}],"version-history":[{"count":3,"href":"https:\/\/premiolocalbest.com.br\/index.php\/wp-json\/wp\/v2\/pages\/10305\/revisions"}],"predecessor-version":[{"id":12718,"href":"https:\/\/premiolocalbest.com.br\/index.php\/wp-json\/wp\/v2\/pages\/10305\/revisions\/12718"}],"wp:attachment":[{"href":"https:\/\/premiolocalbest.com.br\/index.php\/wp-json\/wp\/v2\/media?parent=10305"}],"curies":[{"name":"wp","href":"https:\/\/api.w.org\/{rel}","templated":true}]}}