{"id":1364,"date":"2019-07-30T08:46:11","date_gmt":"2019-07-30T11:46:11","guid":{"rendered":"http:\/\/premiolocalbest.com.br\/?page_id=1364"},"modified":"2019-08-05T15:16:07","modified_gmt":"2019-08-05T18:16:07","slug":"jantar-de-entrega-dos-diplomas-premio-o-melhor-de-rio-claro-2019","status":"publish","type":"page","link":"https:\/\/premiolocalbest.com.br\/index.php\/jantar-de-entrega-dos-diplomas-premio-o-melhor-de-rio-claro-2019\/","title":{"rendered":"Jantar de Entrega dos Diplomas &#8211; Pr\u00eamio &#8220;O Melhor Daqui&#8221; Rio Claro 2019"},"content":{"rendered":"<h3>\n    <script src=\"https:\/\/ajax.googleapis.com\/ajax\/libs\/webfont\/1\/webfont.js\"><\/script>\n\n\n    <style>\n        #weblizar_1381 .rpgp-header-label {\n            color: #FFFFFF !important;\n        }\n\n        #weblizar_1381 .rpgp-footer-label {\n            color: #000000 !important;\n            font-size: 16px;\n            margin-bottom: 5px;\n            margin-top: 5px;\n            text-align: center;\n            font-weight: normal;\n        }\n\n        #weblizar_1381 .fa {\n            color: #FFFFFF !important;\n        }\n\n        #weblizar_1381 .b-wrapper p a i {\n            color: #FFFFFF !important;\n        }\n\n        #weblizar_1381 .b-link-fade .b-wrapper, #weblizar_1381 .b-link-fade .b-top-line {\n            background: rgba(49, 163, 221, 0.5);\n        }\n\n        #weblizar_1381 .b-link-flow .b-wrapper, #weblizar_1381 .b-link-flow .b-top-line {\n            background: rgba(49, 163, 221, 0.5);\n        }\n\n        #weblizar_1381 .b-link-stroke .b-top-line {\n            background: rgba(49, 163, 221, 0.5);\n        }\n\n        #weblizar_1381 .b-link-stroke .b-bottom-line {\n            background: rgba(49, 163, 221, 0.5);\n        }\n\n        #weblizar_1381 .b-link-box .b-top-line {\n\n            border: 16px solid rgba(49, 163, 221, 0.5);\n        }\n\n        #weblizar_1381 .b-link-box .b-bottom-line {\n            background: rgba(49, 163, 221, 0.5);\n        }\n\n        #weblizar_1381 .b-link-stripe .b-line {\n            background: rgba(49, 163, 221, 0.5);\n        }\n\n        #weblizar_1381 .b-link-apart-horisontal .b-top-line, #weblizar_1381 .b-link-apart-horisontal .b-top-line-up {\n            background: rgba(49, 163, 221, 0.5);\n\n        }\n\n        #weblizar_1381 .b-link-apart-horisontal .b-bottom-line, #weblizar_1381 .b-link-apart-horisontal .b-bottom-line-up {\n            background: rgba(49, 163, 221, 0.5);\n        }\n\n        #weblizar_1381 .b-link-apart-vertical .b-top-line, #weblizar_1381 .b-link-apart-vertical .b-top-line-up {\n            background: rgba(49, 163, 221, 0.5);\n        }\n\n        #weblizar_1381 .b-link-apart-vertical .b-bottom-line, #weblizar_1381 .b-link-apart-vertical .b-bottom-line-up {\n            background: rgba(49, 163, 221, 0.5);\n        }\n\n        #weblizar_1381 .b-link-diagonal .b-line {\n            background: rgba(49, 163, 221, 0.5);\n        }\n\n        #weblizar_1381 .b-wrapper {\n            font-family: Arial;\n        \/ \/ real name pass here\n        }\n\n        #weblizar_1381 .rpgp-header-label {\n            font-family: Arial !important;\n        \/ \/ real name pass here\n        }\n\n        #weblizar_1381 .rpgp-footer-label {\n            font-family: Arial !important;\n        \/ \/ real name pass here\n        }\n\n        @media (min-width: 992px) {\n            .col-md-6 {\n                width: 49.97% !important;\n            }\n\n            .col-md-4 {\n                width: 33.30% !important;\n            }\n\n            .col-md-3 {\n                width: 24.90% !important;\n            }\n        }\n\n                @media (max-width: 992px) {\n            #weblizar_1381 .rpgp-header-label {\n                display: none;\n            }\n        }\n\n        @media (min-width: 993px) {\n            #weblizar_1381 .rpgp-footer-label {\n                display: none;\n            }\n        }\n\n                #weblizar_1381 a {\n            border-bottom: none;\n        }\n\n        .rpgp-gallery-head {\n            font-weight: bolder;\n            padding-bottom: 10px;\n            border-bottom: 2px solid #cccccc;\n            margin-bottom: 20px;\n            font-size: 24px;\n            font-family: Arial;\n        }\n\n        #swipebox-caption {\n            font-family: Arial;\n        }\n\n            <\/style>\n\n\t    <div class=\"gal-container photobox-lightbox_1381 \">\n\t\t            <!--get the post id-->\n\t\t\t\n\t\t\t\n            <div class=\"gallery1\" id=\"weblizar_1381\">\n\t\t\t\t                    <div class=\"col-md-3 col-sm-6 wl-gallery\">\n                        <div class=\"b-link-fade b-animate-go\">\n\t\t\t\t\t\t\t                                <img decoding=\"async\" src=\"http:\/\/omelhordaqui.net\/wp-content\/uploads\/2018\/11\/IMG_0720.jpg\" class=\"gall-img-responsive\"\n                                     alt=\"\">\n                                <div class=\"b-wrapper\">\n\t\t\t\t\t\t\t\t\t                                        <p class=\"b-from-right b-animate b-delay03\">\n                                            <a href=\"http:\/\/omelhordaqui.net\/wp-content\/uploads\/2018\/11\/IMG_0720.jpg\"\n                                               alt=\"\">\n                                                <i class=\"fas fa-camera fa-4x\"><\/i>\n                                                <img decoding=\"async\" src=\"http:\/\/omelhordaqui.net\/wp-content\/uploads\/2018\/11\/IMG_0720.jpg\" class=\"gall-img-responsive\"\n                                                     style=\"display:none !important; visibility:hidden\"\n                                                     alt=\"\">\n                                            <\/a>\n                                        <\/p>\n\t\t\t\t\t\t\t\t\t\t                                <\/div>\n\t\t\t\t\t\t\t\t                        <\/div>\n\t\t\t\t\t\t                    <\/div>\n\t\t\t\t\t                    <div class=\"col-md-3 col-sm-6 wl-gallery\">\n                        <div class=\"b-link-fade b-animate-go\">\n\t\t\t\t\t\t\t                                <img decoding=\"async\" src=\"http:\/\/omelhordaqui.net\/wp-content\/uploads\/2018\/11\/IMG_0897-1.jpg\" class=\"gall-img-responsive\"\n                                     alt=\"\">\n                                <div class=\"b-wrapper\">\n\t\t\t\t\t\t\t\t\t                                        <p class=\"b-from-right b-animate b-delay03\">\n                                            <a href=\"http:\/\/omelhordaqui.net\/wp-content\/uploads\/2018\/11\/IMG_0897-1.jpg\"\n                                               alt=\"\">\n                                                <i class=\"fas fa-camera fa-4x\"><\/i>\n                                                <img decoding=\"async\" src=\"http:\/\/omelhordaqui.net\/wp-content\/uploads\/2018\/11\/IMG_0897-1.jpg\" class=\"gall-img-responsive\"\n                                                     style=\"display:none !important; visibility:hidden\"\n                                                     alt=\"\">\n                                            <\/a>\n                                        <\/p>\n\t\t\t\t\t\t\t\t\t\t                                <\/div>\n\t\t\t\t\t\t\t\t                        <\/div>\n\t\t\t\t\t\t                    <\/div>\n\t\t\t\t\t                    <div class=\"col-md-3 col-sm-6 wl-gallery\">\n                        <div class=\"b-link-fade b-animate-go\">\n\t\t\t\t\t\t\t                                <img decoding=\"async\" src=\"http:\/\/omelhordaqui.net\/wp-content\/uploads\/2018\/11\/IMG_2548.jpg\" class=\"gall-img-responsive\"\n                                     alt=\"\">\n                                <div class=\"b-wrapper\">\n\t\t\t\t\t\t\t\t\t                                        <p class=\"b-from-right b-animate b-delay03\">\n                                            <a href=\"http:\/\/omelhordaqui.net\/wp-content\/uploads\/2018\/11\/IMG_2548.jpg\"\n                                               alt=\"\">\n                                                <i class=\"fas fa-camera fa-4x\"><\/i>\n                                                <img decoding=\"async\" src=\"http:\/\/omelhordaqui.net\/wp-content\/uploads\/2018\/11\/IMG_2548.jpg\" class=\"gall-img-responsive\"\n                                                     style=\"display:none !important; visibility:hidden\"\n                                                     alt=\"\">\n                                            <\/a>\n                                        <\/p>\n\t\t\t\t\t\t\t\t\t\t                                <\/div>\n\t\t\t\t\t\t\t\t                        <\/div>\n\t\t\t\t\t\t                    <\/div>\n\t\t\t\t\t                    <div class=\"col-md-3 col-sm-6 wl-gallery\">\n                        <div class=\"b-link-fade b-animate-go\">\n\t\t\t\t\t\t\t                                <img decoding=\"async\" src=\"http:\/\/omelhordaqui.net\/wp-content\/uploads\/2018\/11\/IMG_0728.jpg\" class=\"gall-img-responsive\"\n                                     alt=\"\">\n                                <div class=\"b-wrapper\">\n\t\t\t\t\t\t\t\t\t                                        <p class=\"b-from-right b-animate b-delay03\">\n                                            <a href=\"http:\/\/omelhordaqui.net\/wp-content\/uploads\/2018\/11\/IMG_0728.jpg\"\n                                               alt=\"\">\n                                                <i class=\"fas fa-camera fa-4x\"><\/i>\n                                                <img decoding=\"async\" src=\"http:\/\/omelhordaqui.net\/wp-content\/uploads\/2018\/11\/IMG_0728.jpg\" class=\"gall-img-responsive\"\n                                                     style=\"display:none !important; visibility:hidden\"\n                                                     alt=\"\">\n                                            <\/a>\n                                        <\/p>\n\t\t\t\t\t\t\t\t\t\t                                <\/div>\n\t\t\t\t\t\t\t\t                        <\/div>\n\t\t\t\t\t\t                    <\/div>\n\t\t\t\t\t            <\/div>\n\t\t    <\/div>\n\n\t        <script>\n            jQuery('.photobox-lightbox_1381').photobox('a');\n            \/\/ or with a fancier selector and some settings, and a callback:\n            jQuery('.photobox-lightbox_1381').photobox('a:first', {\n                thumbs: false,\n                time: 0\n            }, imageLoaded);\n\n            function imageLoaded() {\n                console.log('image has been loaded...');\n            }\n        <\/script>\n\t\n\t\n    <!-- swipe box-->\n\t\n\t<strong>Venha receber seu diploma Ouro, Prata ou Bronze e comemorar com sua fam\u00edlia e colaboradores de sua empresa!<\/strong><\/h3>\n<p>Participando do Jantar de Entrega dos Diplomas do Pr\u00eamio &#8220;O Melhor Daqui&#8221; Rio Claro 2019, sua empresa recebe:<\/p>\n<p><strong>DIPLOMA:<\/strong> lindo <strong>diploma 30x40cm com a imagem da medalha<\/strong> (ouro, prata ou bronze), o nome de sua empresa e seu segmento comercial montado em quadro de metal escovado e vidro.<\/p>\n<p><strong>PUBLICIDADE SEMANAL AT\u00c9 JUNHO DE 2020:<\/strong>\u00a0divulga\u00e7\u00e3o semanal das novidades de sua empresa\u00a0at\u00e9 junho de 2020 para as 10.000 pessoas que fazem parte do grupo &#8220;O Melhor de Rio Claro&#8221; no Facebook. Esse item sozinho vale <strong>mais de R$2.000<\/strong>!<\/p>\n<p><strong>SPOT COMERCIAL:<\/strong> \u00e1udio de 30 segundos\u00a0comunicando o pr\u00eamio para usar nas redes sociais da sua empresa, nas r\u00e1dios da cidade ou internamente em sua estabelecimento.<\/p>\n<h4>Uma noite inesquec\u00edvel para os melhores empres\u00e1rios de Rio Claro!<\/h4>\n<p><strong>Local: <\/strong>Churrascaria Est\u00e2ncia Ga\u00facha<br \/>\n<strong>Jantar:<\/strong>\u00a0Delicioso buffet de carnes grelhadas e saladas. Refrigerantes e \u00e1gua j\u00e1 inclu\u00eddos no valor.<br \/>\n<strong>Data: <\/strong>28 de agosto de 2019 (4\u00aa feira)<br \/>\n<strong>Hor\u00e1rio: <\/strong>20h<br \/>\n<strong>Endere\u00e7o: <\/strong>Avenida Tr\u00eas, 1602 &#8211; Jardim Claret &#8211; Rio Claro-SP<\/p>\n<h4><strong>Reservas at\u00e9 10\/08, mas fa\u00e7a sua reserva o quanto antes, pois os lugares s\u00e3o limitados!<\/strong><\/h4>\n<p>1- Preencha o <strong>formul\u00e1rio<\/strong> abaixo, escolha o <strong>n\u00famero de pessoas<\/strong> que sua empresa quer levar ao evento e clique em &#8220;Enviar Dados&#8221;.<br \/>\n2- Receba, em at\u00e9 24 horas, o <strong>link para pagamento em seu e-mail<\/strong>.<br \/>\n3- Pague at\u00e9 a data de vencimento (at\u00e9 2 dias \u00fateis) por<strong> boleto ou cart\u00e3o de cr\u00e9dito<\/strong>.<br \/>\n4- As reservas de sua empresa estar\u00e3o confirmadas <strong>mediante a confirma\u00e7\u00e3o do pagamento em nosso sistema<\/strong>. N\u00e3o \u00e9 necess\u00e1rio nos enviar o comprovante.<br \/>\n<div role=\"form\" class=\"wpcf7\" id=\"wpcf7-f1371-o1\" lang=\"pt-BR\" dir=\"ltr\">\n<div class=\"screen-reader-response\"><p role=\"status\" aria-live=\"polite\" aria-atomic=\"true\"><\/p> <ul><\/ul><\/div>\n<form action=\"\/index.php\/wp-json\/wp\/v2\/pages\/1364#wpcf7-f1371-o1\" method=\"post\" class=\"wpcf7-form init\" novalidate=\"novalidate\" data-status=\"init\">\n<div style=\"display: none;\">\n<input type=\"hidden\" name=\"_wpcf7\" value=\"1371\" \/>\n<input type=\"hidden\" name=\"_wpcf7_version\" value=\"5.5.6.1\" \/>\n<input type=\"hidden\" name=\"_wpcf7_locale\" value=\"pt_BR\" \/>\n<input type=\"hidden\" name=\"_wpcf7_unit_tag\" value=\"wpcf7-f1371-o1\" \/>\n<input type=\"hidden\" name=\"_wpcf7_container_post\" value=\"0\" \/>\n<input type=\"hidden\" name=\"_wpcf7_posted_data_hash\" value=\"\" \/>\n<\/div>\n<p><label>Seu Nome Completo *<br \/>\n<span class=\"wpcf7-form-control-wrap your-name\"><input type=\"text\" name=\"your-name\" value=\"\" size=\"40\" class=\"wpcf7-form-control wpcf7-text wpcf7-validates-as-required\" aria-required=\"true\" aria-invalid=\"false\" \/><\/span><\/label><\/p>\n<p><label>Sua Empresa *<br \/>\n<span class=\"wpcf7-form-control-wrap your-empresa\"><input type=\"text\" name=\"your-empresa\" value=\"\" size=\"40\" class=\"wpcf7-form-control wpcf7-text wpcf7-validates-as-required\" aria-required=\"true\" aria-invalid=\"false\" \/><\/span><\/label><\/p>\n<p><label>CNPJ ou CPF *<br \/>\n<span class=\"wpcf7-form-control-wrap your-cnpj\"><input type=\"text\" name=\"your-cnpj\" value=\"\" size=\"40\" class=\"wpcf7-form-control wpcf7-text wpcf7-validates-as-required\" aria-required=\"true\" aria-invalid=\"false\" \/><\/span><\/label><\/p>\n<p><label> E-Mail *<br \/>\n<span class=\"wpcf7-form-control-wrap your-email\"><input type=\"email\" name=\"your-email\" value=\"\" size=\"40\" class=\"wpcf7-form-control wpcf7-text wpcf7-email wpcf7-validates-as-required wpcf7-validates-as-email\" aria-required=\"true\" aria-invalid=\"false\" \/><\/span> <\/label><\/p>\n<p><label> Telefone *<br \/>\n<span class=\"wpcf7-form-control-wrap your-telefone\"><input type=\"text\" name=\"your-telefone\" value=\"\" size=\"40\" class=\"wpcf7-form-control wpcf7-text wpcf7-validates-as-required\" aria-required=\"true\" aria-invalid=\"false\" \/><\/span> <\/label><\/p>\n<p><label> WhatsApp *<br \/>\n<span class=\"wpcf7-form-control-wrap your-whatsapp\"><input type=\"text\" name=\"your-whatsapp\" value=\"\" size=\"40\" class=\"wpcf7-form-control wpcf7-text wpcf7-validates-as-required\" aria-required=\"true\" aria-invalid=\"false\" \/><\/span> <\/label><\/p>\n<p><label> Endere\u00e7o *<br \/>\n<span class=\"wpcf7-form-control-wrap your-endereco\"><input type=\"text\" name=\"your-endereco\" value=\"\" size=\"40\" class=\"wpcf7-form-control wpcf7-text wpcf7-validates-as-required\" aria-required=\"true\" aria-invalid=\"false\" \/><\/span> <\/label><\/p>\n<p><label> CEP *<br \/>\n<span class=\"wpcf7-form-control-wrap your-cep\"><input type=\"text\" name=\"your-cep\" value=\"\" size=\"40\" class=\"wpcf7-form-control wpcf7-text wpcf7-validates-as-required\" aria-required=\"true\" aria-invalid=\"false\" \/><\/span> <\/label><\/p>\n<p><label> N\u00famero de reservas para o jantar *<\/label><br \/>\n<span class=\"wpcf7-form-control-wrap reservas\"><select name=\"reservas\" class=\"wpcf7-form-control wpcf7-select wpcf7-validates-as-required\" aria-required=\"true\" aria-invalid=\"false\"><option value=\"\">Escolha o n\u00famero de pessoas que sua empresa quer levar ao jantar: *<\/option><option value=\"2 pessoas: valor total R$458\">2 pessoas: valor total R$458<\/option><option value=\"3 pessoas: valor total R$538\">3 pessoas: valor total R$538<\/option><option value=\"4 pessoas: valor total R$570\">4 pessoas: valor total R$570<\/option><option value=\"5 pessoas: valor total R$650\">5 pessoas: valor total R$650<\/option><option value=\"6 pessoas: valor total R$730\">6 pessoas: valor total R$730<\/option><option value=\"7 pessoas: valor total R$810\">7 pessoas: valor total R$810<\/option><option value=\"8 pessoas: valor total R$890\">8 pessoas: valor total R$890<\/option><option value=\"9 pessoas: valor total R$970\">9 pessoas: valor total R$970<\/option><option value=\"10 pessoas: valor total R$1.050\">10 pessoas: valor total R$1.050<\/option><option value=\"Apenas o DIPLOMA, sem participa\u00e7\u00e3o no jantar: valor R$250 (retira no evento)\">Apenas o DIPLOMA, sem participa\u00e7\u00e3o no jantar: valor R$250 (retira no evento)<\/option><\/select><\/span><br><\/p>\n<p style=\"text-align: left; font-size: medium;\"><strong>*  Campos obrigat\u00f3rios<\/strong><\/p>\n<p>[recaptcha]<br><\/p>\n<p><input type=\"submit\" value=\"Enviar Dados\" class=\"wpcf7-form-control has-spinner wpcf7-submit\" \/><br><\/p>\n<div class=\"wpcf7-response-output\" aria-hidden=\"true\"><\/div><\/form><\/div><\/p>\n<p><strong>O Pr\u00eamio &#8220;O Melhor Daqui&#8221; nasceu no bairro do Morumbi em S\u00e3o Paulo em 2004 e hoje \u00e9 realizado em diversas localidades. Confira em nosso site: <a href=\"http:\/\/premiolocalbest.com.br\/\">www.premiolocalbest.com.br<\/a><\/strong><\/p>\n<p><strong>Equipe OMelhorDaqui.Net<br \/>\nCelular\/Whatsapp: (14) 99742-8267 (Angela)<br \/>\ncontato@premiolocalbest.com.br<\/strong><\/p>\n","protected":false},"excerpt":{"rendered":"","protected":false},"author":1,"featured_media":0,"parent":0,"menu_order":0,"comment_status":"closed","ping_status":"closed","template":"","meta":{"footnotes":""},"class_list":["post-1364","page","type-page","status-publish","hentry"],"_links":{"self":[{"href":"https:\/\/premiolocalbest.com.br\/index.php\/wp-json\/wp\/v2\/pages\/1364","targetHints":{"allow":["GET"]}}],"collection":[{"href":"https:\/\/premiolocalbest.com.br\/index.php\/wp-json\/wp\/v2\/pages"}],"about":[{"href":"https:\/\/premiolocalbest.com.br\/index.php\/wp-json\/wp\/v2\/types\/page"}],"author":[{"embeddable":true,"href":"https:\/\/premiolocalbest.com.br\/index.php\/wp-json\/wp\/v2\/users\/1"}],"replies":[{"embeddable":true,"href":"https:\/\/premiolocalbest.com.br\/index.php\/wp-json\/wp\/v2\/comments?post=1364"}],"version-history":[{"count":29,"href":"https:\/\/premiolocalbest.com.br\/index.php\/wp-json\/wp\/v2\/pages\/1364\/revisions"}],"predecessor-version":[{"id":1422,"href":"https:\/\/premiolocalbest.com.br\/index.php\/wp-json\/wp\/v2\/pages\/1364\/revisions\/1422"}],"wp:attachment":[{"href":"https:\/\/premiolocalbest.com.br\/index.php\/wp-json\/wp\/v2\/media?parent=1364"}],"curies":[{"name":"wp","href":"https:\/\/api.w.org\/{rel}","templated":true}]}}