{"id":1483,"date":"2019-08-20T20:51:22","date_gmt":"2019-08-20T23:51:22","guid":{"rendered":"http:\/\/premiolocalbest.com.br\/?page_id=1483"},"modified":"2019-08-21T19:45:30","modified_gmt":"2019-08-21T22:45:30","slug":"premio-o-melhor-daqui-cerquilho-2019-empresas-vencedoras","status":"publish","type":"page","link":"https:\/\/premiolocalbest.com.br\/index.php\/premio-o-melhor-daqui-cerquilho-2019-empresas-vencedoras\/","title":{"rendered":"Pr\u00eamio &#8220;O Melhor Daqui&#8221; Cerquilho 2019 &#8211; Empresas Vencedoras"},"content":{"rendered":"<p><img fetchpriority=\"high\" decoding=\"async\" class=\"alignnone size-full wp-image-1499\" src=\"http:\/\/premiolocalbest.com.br\/wp-content\/uploads\/2019\/08\/cerquilho_post_jantar_com_lista_vencedores_3.png\" alt=\"\" width=\"2892\" height=\"5659\" srcset=\"https:\/\/premiolocalbest.com.br\/wp-content\/uploads\/2019\/08\/cerquilho_post_jantar_com_lista_vencedores_3.png 2892w, https:\/\/premiolocalbest.com.br\/wp-content\/uploads\/2019\/08\/cerquilho_post_jantar_com_lista_vencedores_3-153x300.png 153w, https:\/\/premiolocalbest.com.br\/wp-content\/uploads\/2019\/08\/cerquilho_post_jantar_com_lista_vencedores_3-768x1503.png 768w, https:\/\/premiolocalbest.com.br\/wp-content\/uploads\/2019\/08\/cerquilho_post_jantar_com_lista_vencedores_3-523x1024.png 523w\" sizes=\"(max-width: 2892px) 100vw, 2892px\" \/><\/p>\n<p><strong>O Pr\u00eamio \u201cO Melhor Daqui\u201d nasceu no bairro do Morumbi em S\u00e3o Paulo em 2004 e hoje \u00e9 realizado em diversas localidades, onde mobiliza milhares de pessoas que desejam participar da \u00fanica premia\u00e7\u00e3o a eleger as melhores empresas de suas cidades de forma DIRETA e TRANSPARENTE. Confira em nosso site: <a href=\"http:\/\/premiolocalbest.com.br\/\">www.premiolocalbest.com.br<\/a><\/strong><\/p>\n<p><strong>Encomende o merecido deploma de sua empresa e participe do nosso Jantar de Confraterniza\u00e7\u00e3o!<\/strong><\/p>\n<p><strong>Equipe OMelhorDaqui.Net<\/strong><strong>Celular\/Whatsapp: (14) 99742-8267 (Angela)<br \/>\ncontato@premiolocalbest.com.br<\/strong><\/p>\n","protected":false},"excerpt":{"rendered":"","protected":false},"author":1,"featured_media":0,"parent":0,"menu_order":0,"comment_status":"closed","ping_status":"closed","template":"","meta":{"footnotes":""},"class_list":["post-1483","page","type-page","status-publish","hentry"],"_links":{"self":[{"href":"https:\/\/premiolocalbest.com.br\/index.php\/wp-json\/wp\/v2\/pages\/1483","targetHints":{"allow":["GET"]}}],"collection":[{"href":"https:\/\/premiolocalbest.com.br\/index.php\/wp-json\/wp\/v2\/pages"}],"about":[{"href":"https:\/\/premiolocalbest.com.br\/index.php\/wp-json\/wp\/v2\/types\/page"}],"author":[{"embeddable":true,"href":"https:\/\/premiolocalbest.com.br\/index.php\/wp-json\/wp\/v2\/users\/1"}],"replies":[{"embeddable":true,"href":"https:\/\/premiolocalbest.com.br\/index.php\/wp-json\/wp\/v2\/comments?post=1483"}],"version-history":[{"count":5,"href":"https:\/\/premiolocalbest.com.br\/index.php\/wp-json\/wp\/v2\/pages\/1483\/revisions"}],"predecessor-version":[{"id":1500,"href":"https:\/\/premiolocalbest.com.br\/index.php\/wp-json\/wp\/v2\/pages\/1483\/revisions\/1500"}],"wp:attachment":[{"href":"https:\/\/premiolocalbest.com.br\/index.php\/wp-json\/wp\/v2\/media?parent=1483"}],"curies":[{"name":"wp","href":"https:\/\/api.w.org\/{rel}","templated":true}]}}