{"id":1574,"date":"2019-08-24T11:26:53","date_gmt":"2019-08-24T14:26:53","guid":{"rendered":"http:\/\/premiolocalbest.com.br\/?page_id=1574"},"modified":"2019-08-24T14:19:13","modified_gmt":"2019-08-24T17:19:13","slug":"premio-o-melhor-daqui-piraju-2019-selo-ouro","status":"publish","type":"page","link":"https:\/\/premiolocalbest.com.br\/index.php\/premio-o-melhor-daqui-piraju-2019-selo-ouro\/","title":{"rendered":"PR\u00caMIO &#8220;O MELHOR DAQUI&#8221; PIRAJU 2019  \u2013 SELO OURO"},"content":{"rendered":"<div id=\"content\" class=\"sidebar-right twelve columns\">\n<article id=\"post-7365\" class=\"post-7365 page type-page status-publish hentry\">\n<div class=\"entry\">\n<h4><span class=\"style1\">Parab\u00e9ns, campe\u00e3o!<\/span><\/h4>\n<p class=\"txt12\">Estes s\u00e3o os selos que comunicam aos seus clientes que sua empresa \u00e9 a <strong>&#8220;Melhor de Piraju&#8221;<\/strong> em seu segmento, eleita pelo <strong>Pr\u00eamio &#8220;O Melhor Daqui&#8221; Piraju 2019<\/strong>, a \u00fanica premia\u00e7\u00e3o a eleger as melhores empresas da cidade de forma direta, transparente e com grande participa\u00e7\u00e3o popular. Ele prova a qualidade dos servi\u00e7os prestados por sua empresa e certamente incentivar\u00e1 mais pessoas a conhecerem e consumirem seus produtos e servi\u00e7os.<\/p>\n<h4 class=\"titulomeio\"><strong>Escolha um dos formatos de selos dispon\u00edveis para usar em seu site e redes sociais.<\/strong><\/h4>\n<p>Aten\u00e7\u00e3o: o nome e a marca &#8220;O MELHOR DAQUI&#8221; s\u00e3o registrados no INPI, e seu uso indevido pode implicar em san\u00e7\u00f5es legais. Utilize nossos selos apenas para comunicar a real classifica\u00e7\u00e3o de sua empresa no resultado final do Pr\u00eamio &#8220;O Melhor Daqui&#8221; de sua cidade no ano indicado no selo.<\/p>\n<p>Caso queira encomendar um selo digital personalizado, mencionando o nome de sua empresa e seu segmento comercial, pe\u00e7a um or\u00e7amento pelo e-mail contato@premiolocalbest.com.br.<\/p>\n<p class=\"txt12\"><strong>SELO PEQUENO (160 x 180 pixels)<\/strong><\/p>\n<div class=\"two_third last\">\n<p><strong><img decoding=\"async\" class=\"size-full wp-image-1593 alignleft\" src=\"http:\/\/premiolocalbest.com.br\/wp-content\/uploads\/2019\/08\/selo_pequeno_piraju_ouro.png\" alt=\"\" width=\"160\" height=\"180\" \/>Para inserir o selo em seu site, copie e cole o c\u00f3digo abaixo no HTML do seu site:<\/strong><\/p>\n<\/div>\n<\/div>\n<\/article>\n<article id=\"post-7365\" class=\"post-7365 page type-page status-publish hentry\">\n<div class=\"entry\">\n<p>&lt;a href=&#8221;http:\/\/premiolocalbest.com.br\/index.php\/premio-o-melhor-daqui-piraju-2019-empresas-vencedoras\/&#8221;&gt;&lt;img class=\u201dalignnone wp-image-4381 size-full\u201d title=&#8221;Esta empresa foi eleita a Melhor de Piraju em seu segmento, atrav\u00e9s de vota\u00e7\u00e3o direta e transparente pelo p\u00fablico no Pr\u00eamio O Melhor Daqui Piraju 2019.&#8221; src=&#8221; http:\/\/premiolocalbest.com.br\/wp-content\/uploads\/2019\/08\/selo_pequeno_piraju_ouro.png&#8221; alt=\u201dEsta empresa foi eleita a Melhor de Piraju em seu segmento, atrav\u00e9s de vota\u00e7\u00e3o direta e transparente pelo p\u00fablico no Pr\u00eamio O Melhor Daqui Piraju 2019.\u201d width=\u201d160\u2033 height=\u201d180\u2033 \/&gt;&lt;\/a&gt;<\/p>\n<p><strong>Para baixar o selo e usar em suas redes sociais, clique com o bot\u00e3o direito do mouse sobre a imagem e escolha &#8220;Salvar Imagem Como&#8221;.<\/strong><\/p>\n<p>&nbsp;<\/p>\n<p><strong>SELO GRANDE (177\u00a0x 272 pixels)<\/strong><\/p>\n<\/div>\n<\/article>\n<\/div>\n<div id=\"content\" class=\"sidebar-right twelve columns\">\n<article id=\"post-7365\" class=\"post-7365 page type-page status-publish hentry\">\n<div class=\"entry\">\n<div class=\"one_third\"><strong><img decoding=\"async\" class=\"size-full wp-image-1594 alignleft\" src=\"http:\/\/premiolocalbest.com.br\/wp-content\/uploads\/2019\/08\/selo_grande_caio_piraju_ouro.png\" alt=\"\" width=\"177\" height=\"272\" \/>Para inserir o selo em seu site, copie e cole o c\u00f3digo abaixo no HTML do seu site:<\/strong><\/div>\n<\/div>\n<\/article>\n<\/div>\n<div id=\"content\" class=\"sidebar-right twelve columns\">\n<article id=\"post-7365\" class=\"post-7365 page type-page status-publish hentry\">\n<div class=\"entry\">\n<div class=\"two_third last\">\n<p>&lt;a href=&#8221; http:\/\/premiolocalbest.com.br\/index.php\/premio-o-melhor-daqui-piraju-2019-empresas-vencedoras\/&#8221;&gt;&lt;img class=\u201dalignnone wp-image-4389 size-full\u201d title=&#8221;Esta empresa foi eleita a Melhor de Piraju em seu segmento, atrav\u00e9s de vota\u00e7\u00e3o direta e transparente pelo p\u00fablico no Pr\u00eamio &#8220;O Melhor Daqui&#8221; Piraju 2019.&#8221; src=&#8221;http:\/\/premiolocalbest.com.br\/wp-content\/uploads\/2019\/08\/selo_grande_piraju_ouro.png&#8221; alt=\u201dEsta empresa foi eleita a Melhor de Piraju em seu segmento, atrav\u00e9s de vota\u00e7\u00e3o direta e transparente pelo p\u00fablico no Pr\u00eamio &#8220;O Melhor Daqui&#8221; Piraju 2019.\u201d width=\u201d177\u2033 height=\u201d272\u2033 \/&gt;&lt;\/a&gt;<\/p>\n<p><strong>Para baixar o selo e usar em suas redes sociais, clique com o bot\u00e3o direito do mouse sobre a imagem e escolha &#8220;Salvar Imagem Como&#8221;.<\/strong><\/p>\n<p>&nbsp;<\/p>\n<\/div>\n<div class=\"clear\"><\/div>\n<p>&nbsp;<\/p>\n<p><strong>Encomende o diploma oficial (30 x 40cm) conquistado por sua empresa nesta vota\u00e7\u00e3o, com o nome da empresa e o segmento comercial no qual foi premiada: <a href=\"http:\/\/bit.ly\/JantarDiplomasPiraju2019\">www.bit.ly\/JantarDiplomasPiraju2019<\/a><\/strong><\/p>\n<p>O Pr\u00eamio \u201cO Melhor Daqui\u201d nasceu no bairro do Morumbi em S\u00e3o Paulo em 2004 e hoje \u00e9 realizado em diversas localidades, onde mobiliza milhares de pessoas que desejam participar da \u00fanica premia\u00e7\u00e3o a eleger as melhores empresas de suas cidades de forma DIRETA e TRANSPARENTE. Confira em nosso site:\u00a0<a href=\"http:\/\/premiolocalbest.com.br\/\">www.premiolocalbest.com.br<\/a><\/p>\n<p>Obrigado por sua participa\u00e7\u00e3o, parab\u00e9ns pela vit\u00f3ria e at\u00e9 o <strong>Pr\u00eamio &#8220;O Melhor Daqui&#8221; Piraju 2020!<\/strong><\/p>\n<p><strong>Equipe OMelhorDaqui.Net<br \/>\n<\/strong><strong>Celular\/Whatsapp: (14) 99733-2186 (Adriane)<br \/>\ncontato@premiolocalbest.com.br<\/strong><\/p>\n<\/div>\n<\/article>\n<\/div>\n","protected":false},"excerpt":{"rendered":"","protected":false},"author":1,"featured_media":0,"parent":0,"menu_order":0,"comment_status":"closed","ping_status":"closed","template":"","meta":{"footnotes":""},"class_list":["post-1574","page","type-page","status-publish","hentry"],"_links":{"self":[{"href":"https:\/\/premiolocalbest.com.br\/index.php\/wp-json\/wp\/v2\/pages\/1574","targetHints":{"allow":["GET"]}}],"collection":[{"href":"https:\/\/premiolocalbest.com.br\/index.php\/wp-json\/wp\/v2\/pages"}],"about":[{"href":"https:\/\/premiolocalbest.com.br\/index.php\/wp-json\/wp\/v2\/types\/page"}],"author":[{"embeddable":true,"href":"https:\/\/premiolocalbest.com.br\/index.php\/wp-json\/wp\/v2\/users\/1"}],"replies":[{"embeddable":true,"href":"https:\/\/premiolocalbest.com.br\/index.php\/wp-json\/wp\/v2\/comments?post=1574"}],"version-history":[{"count":6,"href":"https:\/\/premiolocalbest.com.br\/index.php\/wp-json\/wp\/v2\/pages\/1574\/revisions"}],"predecessor-version":[{"id":1595,"href":"https:\/\/premiolocalbest.com.br\/index.php\/wp-json\/wp\/v2\/pages\/1574\/revisions\/1595"}],"wp:attachment":[{"href":"https:\/\/premiolocalbest.com.br\/index.php\/wp-json\/wp\/v2\/media?parent=1574"}],"curies":[{"name":"wp","href":"https:\/\/api.w.org\/{rel}","templated":true}]}}