{"id":1684,"date":"2019-10-01T10:08:40","date_gmt":"2019-10-01T13:08:40","guid":{"rendered":"http:\/\/premiolocalbest.com.br\/?page_id=1684"},"modified":"2019-10-01T10:08:40","modified_gmt":"2019-10-01T13:08:40","slug":"premio-o-melhor-daqui-jau-2019-sorveteria-itapolitana","status":"publish","type":"page","link":"https:\/\/premiolocalbest.com.br\/index.php\/premio-o-melhor-daqui-jau-2019-sorveteria-itapolitana\/","title":{"rendered":"PR\u00caMIO &#8220;O MELHOR DAQUI&#8221; JA\u00da 2019  &#8211; SORVETERIA ITAPOLITANA"},"content":{"rendered":"<div id=\"content\" class=\"sidebar-right twelve columns\">\n<article id=\"post-7365\" class=\"post-7365 page type-page status-publish hentry\">\n<div class=\"entry\">\n<h4><span class=\"style1\">Spot comercial SORVETERIA ITAPOLITANA, o melhor\u00a0SORVETERIA\u00a0<\/span><span class=\"style1\">de Ja\u00fa!<\/span><\/h4>\n<\/div>\n<\/article>\n<\/div>\n<div id=\"content\" class=\"sidebar-right twelve columns\">\n<article id=\"post-7365\" class=\"post-7365 page type-page status-publish hentry\">\n<div class=\"entry\">\n<div class=\"hr hr1\">\n<audio class=\"wp-audio-shortcode\" id=\"audio-1684-1\" preload=\"none\" style=\"width: 100%;\" controls=\"controls\"><source type=\"audio\/mpeg\" src=\"http:\/\/premiolocalbest.com.br\/wp-content\/uploads\/2019\/10\/Spot-07896610015699318370-JAU_ITAPOLITANA.mp3?_=1\" \/><a href=\"http:\/\/premiolocalbest.com.br\/wp-content\/uploads\/2019\/10\/Spot-07896610015699318370-JAU_ITAPOLITANA.mp3\">http:\/\/premiolocalbest.com.br\/wp-content\/uploads\/2019\/10\/Spot-07896610015699318370-JAU_ITAPOLITANA.mp3<\/a><\/audio>\n<\/div>\n<p>Esse tipo de spot comercial, \u00e9 um dos itens que entregamos \u00e0s empresas que decidem participar do Jantar de Entrega dos Diplomas do Pr\u00eamio &#8220;O Melhor Daqui&#8221; Ja\u00fa 2019! Ele pode ser usado nas redes sociais da empresa, internamente na loja ou nas r\u00e1dios da cidade (a empresa fica respons\u00e1vel pela veicula\u00e7\u00e3o).<\/p>\n<p>Al\u00e9m do <strong>spot comercial,<\/strong> as empresas participantes recebem tamb\u00e9m <strong>divulga\u00e7\u00e3o semanal<\/strong> de suas novidades e promo\u00e7\u00f5es at\u00e9 junho de 2020 para as <strong>mais de 1.900 pessoas<\/strong> que fazem parte do grupo \u201cO Melhor de Ja\u00fa\u201d no Facebook. \ud83d\ude42<\/p>\n<p>Fale conosco e <strong>fa\u00e7a sua reserva at\u00e9 13\/09\/2019<\/strong>!<\/p>\n<p><strong>Equipe OMelhorDaqui.Net<br \/>\nCelular\/Whatsapp: (14) 99733-2186 (Adriane)<br \/>\ncontato@premiolocalbest.com.br<\/strong><\/p>\n<\/div>\n<\/article>\n<\/div>\n","protected":false},"excerpt":{"rendered":"","protected":false},"author":1,"featured_media":0,"parent":0,"menu_order":0,"comment_status":"closed","ping_status":"closed","template":"","meta":{"footnotes":""},"class_list":["post-1684","page","type-page","status-publish","hentry"],"_links":{"self":[{"href":"https:\/\/premiolocalbest.com.br\/index.php\/wp-json\/wp\/v2\/pages\/1684","targetHints":{"allow":["GET"]}}],"collection":[{"href":"https:\/\/premiolocalbest.com.br\/index.php\/wp-json\/wp\/v2\/pages"}],"about":[{"href":"https:\/\/premiolocalbest.com.br\/index.php\/wp-json\/wp\/v2\/types\/page"}],"author":[{"embeddable":true,"href":"https:\/\/premiolocalbest.com.br\/index.php\/wp-json\/wp\/v2\/users\/1"}],"replies":[{"embeddable":true,"href":"https:\/\/premiolocalbest.com.br\/index.php\/wp-json\/wp\/v2\/comments?post=1684"}],"version-history":[{"count":1,"href":"https:\/\/premiolocalbest.com.br\/index.php\/wp-json\/wp\/v2\/pages\/1684\/revisions"}],"predecessor-version":[{"id":1686,"href":"https:\/\/premiolocalbest.com.br\/index.php\/wp-json\/wp\/v2\/pages\/1684\/revisions\/1686"}],"wp:attachment":[{"href":"https:\/\/premiolocalbest.com.br\/index.php\/wp-json\/wp\/v2\/media?parent=1684"}],"curies":[{"name":"wp","href":"https:\/\/api.w.org\/{rel}","templated":true}]}}