{"id":2,"date":"2018-07-16T15:37:54","date_gmt":"2018-07-16T18:37:54","guid":{"rendered":"http:\/\/premiolocalbest.com.br\/?page_id=2"},"modified":"2024-02-13T14:14:18","modified_gmt":"2024-02-13T17:14:18","slug":"sobre","status":"publish","type":"page","link":"https:\/\/premiolocalbest.com.br\/index.php\/sobre\/","title":{"rendered":"SOBRE"},"content":{"rendered":"<p><strong>O Pr\u00eamio LocalBest <\/strong>\u00e9 a maior premia\u00e7\u00e3o empresarial do Brasil, pela qual o p\u00fablico elege as melhores empresas e profissionais de sua cidade de maneira transparente e direta atrav\u00e9s do Facebook.<\/p>\n<p><strong>DIFERENCIAIS EM RELA\u00c7\u00c3O A OUTRAS PREMIA\u00c7\u00d5ES SEMELHANTES<\/strong><\/p>\n<p>Nossa premia\u00e7\u00e3o possui cinco grandes diferenciais:<\/p>\n<p><span style=\"color: #000080;\"><strong>1-Transpar\u00eancia:<\/strong><\/span> vota\u00e7\u00e3o direta com identifica\u00e7\u00e3o clara e computa\u00e7\u00e3o efetiva de cada voto recebido por cada empresa.<br \/>\n<span style=\"color: #000080;\"><strong>2- Independ\u00eancia:<\/strong><\/span> resultado divulgado publicamente, antes de iniciar o processo de vendas das placas comemorativas.<br \/>\n<strong><span style=\"color: #000080;\">3- Abrang\u00eancia:<\/span><\/strong> presente em n\u00famero crescente de munic\u00edpios ano a ano chegando a mais de trezentas cidades em 2023.<br \/>\n<span style=\"color: #000080;\"><strong>4- Capilaridade:<\/strong><\/span> realiza\u00e7\u00e3o em cidades com contingente populacional variado, de pequenas a grandes popula\u00e7\u00f5es.<br \/>\n<strong><span style=\"color: #000080;\">5- Credibilidade:<\/span><\/strong> vinte anos de credibilidade, desde o in\u00edcio, em 2004, no bairro do Morumbi na capital paulista.<\/p>\n<p><strong>NOSSA HIST\u00d3RIA<\/strong><br \/>\nA hist\u00f3ria do <strong>Pr\u00eamio LocalBest<\/strong> come\u00e7ou no ano de 2004, quando lan\u00e7amos o pr\u00eamio &#8220;O Melhor do Morumbi&#8221; no bairro do Morumbi na capital de S\u00e3o Paulo, em parceria com o portal Morumbi.Net, o maior ve\u00edculo de comunica\u00e7\u00e3o segmentada da regi\u00e3o. Em 2017, com o nome Pr\u00eamio &#8220;O Melhor Daqui&#8221;, a premia\u00e7\u00e3o se espalhos dezenas de cidades do estado de S\u00e3o Paulo. No ano de 2023, a premia\u00e7\u00e3o atingiu mais de 350 cidades em 12 estados do Brasil.<\/p>\n<p><strong>SELO DE QUALIDADE<\/strong><br \/>\nPela sua longevidade, transpar\u00eancia e fidedignidade, o <strong>Pr\u00eamio LocalBest <\/strong>transformou-se num verdadeiro &#8220;selo de qualidade&#8221; para o p\u00fablico das cidades onde a premia\u00e7\u00e3o acontece.<\/p>\n<p><strong>FRANQUIA<\/strong><br \/>\nFormatado como empresa franqueadora em 2023, o <strong>Pr\u00eamio LocalBest<\/strong> busca pessoas com perfil empreendedor para levar nosso modelo de neg\u00f3cio, com sucesso comprovado h\u00e1 20 anos, a todas as cidades do Brasil. Se voc\u00ea deseja levar o Pr\u00eamio LocalBest \u00e0s cidades de sua regi\u00e3o, entre em contato conosco atrav\u00e9s do email abaixo:<\/p>\n<pre><b>E-mail:\ncontato@premiolocalbest.com.br<\/b><\/pre>\n<pre><strong>Endere\u00e7o: Av. Tiradentes 360 sala 44 Santa Cruz do Rio Pardo - SP<\/strong><\/pre>\n<p><strong>Equipe Pr\u00eamio <em>LocalBest\u00a0<\/em><\/strong><\/p>\n","protected":false},"excerpt":{"rendered":"","protected":false},"author":1,"featured_media":0,"parent":0,"menu_order":0,"comment_status":"closed","ping_status":"closed","template":"","meta":{"footnotes":""},"class_list":["post-2","page","type-page","status-publish","hentry"],"_links":{"self":[{"href":"https:\/\/premiolocalbest.com.br\/index.php\/wp-json\/wp\/v2\/pages\/2","targetHints":{"allow":["GET"]}}],"collection":[{"href":"https:\/\/premiolocalbest.com.br\/index.php\/wp-json\/wp\/v2\/pages"}],"about":[{"href":"https:\/\/premiolocalbest.com.br\/index.php\/wp-json\/wp\/v2\/types\/page"}],"author":[{"embeddable":true,"href":"https:\/\/premiolocalbest.com.br\/index.php\/wp-json\/wp\/v2\/users\/1"}],"replies":[{"embeddable":true,"href":"https:\/\/premiolocalbest.com.br\/index.php\/wp-json\/wp\/v2\/comments?post=2"}],"version-history":[{"count":23,"href":"https:\/\/premiolocalbest.com.br\/index.php\/wp-json\/wp\/v2\/pages\/2\/revisions"}],"predecessor-version":[{"id":5892,"href":"https:\/\/premiolocalbest.com.br\/index.php\/wp-json\/wp\/v2\/pages\/2\/revisions\/5892"}],"wp:attachment":[{"href":"https:\/\/premiolocalbest.com.br\/index.php\/wp-json\/wp\/v2\/media?parent=2"}],"curies":[{"name":"wp","href":"https:\/\/api.w.org\/{rel}","templated":true}]}}