{"id":2078,"date":"2020-10-01T19:06:51","date_gmt":"2020-10-01T22:06:51","guid":{"rendered":"http:\/\/premiolocalbest.com.br\/?page_id=2078"},"modified":"2020-10-01T19:15:56","modified_gmt":"2020-10-01T22:15:56","slug":"premio-o-melhor-daqui-assis-2020","status":"publish","type":"page","link":"https:\/\/premiolocalbest.com.br\/index.php\/premio-o-melhor-daqui-assis-2020\/","title":{"rendered":"Pr\u00eamio &#8220;O Melhor Daqui&#8221; Assis 2020"},"content":{"rendered":"<h3><img fetchpriority=\"high\" decoding=\"async\" class=\"alignnone size-full wp-image-1984\" src=\"http:\/\/premiolocalbest.com.br\/wp-content\/uploads\/2020\/06\/arte-Encomende-seu-diploma.png\" alt=\"\" width=\"5841\" height=\"942\" srcset=\"https:\/\/premiolocalbest.com.br\/wp-content\/uploads\/2020\/06\/arte-Encomende-seu-diploma.png 5841w, https:\/\/premiolocalbest.com.br\/wp-content\/uploads\/2020\/06\/arte-Encomende-seu-diploma-300x48.png 300w, https:\/\/premiolocalbest.com.br\/wp-content\/uploads\/2020\/06\/arte-Encomende-seu-diploma-768x124.png 768w, https:\/\/premiolocalbest.com.br\/wp-content\/uploads\/2020\/06\/arte-Encomende-seu-diploma-1024x165.png 1024w\" sizes=\"(max-width: 5841px) 100vw, 5841px\" \/>Encomende a placa com o DIPLOMA de sua empresa at\u00e9 o dia 16 de outubro por apenas R$197,00* e ganhe vantagens imperd\u00edveis!<\/h3>\n<ol>\n<li><strong>DIPLOMA PERSONALIZADO<\/strong>: nosso lindo diploma (20x30cm) fabricado em placa de acr\u00edlico com impress\u00e3o HD da imagem de nossa <strong>exclusiva medalha Ouro, Prata ou Bronze<\/strong>, <strong>personalizado com o nome e o segmento comercial<\/strong> da sua empresa, para ser usado de p\u00e9, como trof\u00e9u, ou fixado na parede.<img decoding=\"async\" class=\"alignright wp-image-2021\" src=\"http:\/\/premiolocalbest.com.br\/wp-content\/uploads\/2020\/07\/duas_medidas-Daqui.png\" alt=\"\" width=\"500\" height=\"132\" srcset=\"https:\/\/premiolocalbest.com.br\/wp-content\/uploads\/2020\/07\/duas_medidas-Daqui.png 3150w, https:\/\/premiolocalbest.com.br\/wp-content\/uploads\/2020\/07\/duas_medidas-Daqui-300x79.png 300w, https:\/\/premiolocalbest.com.br\/wp-content\/uploads\/2020\/07\/duas_medidas-Daqui-768x202.png 768w, https:\/\/premiolocalbest.com.br\/wp-content\/uploads\/2020\/07\/duas_medidas-Daqui-1024x270.png 1024w\" sizes=\"(max-width: 500px) 100vw, 500px\" \/><\/li>\n<li><strong>QUAT<\/strong><strong>RO SELOS ADESIVOS:<\/strong> <strong>quatro selos adesivos<\/strong>\u00a0com a imagem de nossa <strong>exclusiva medalha Ouro, Prata ou Bronze <\/strong>para colocar na vitrine, na porta e em outros locais de destaque de sua empresa.<\/li>\n<li><strong>POSTAGEM COMEMORATIVA:<\/strong>\u00a0fa\u00e7a uma postagem na p\u00e1gina de sua empresa no Facebook com uma foto ou v\u00eddeo exibindo o diploma de sua empresa e comemorando sua conquista. Depois nos mande o link dessa postagem para ser compartilhada no grupo &#8220;O Melhor de Assis&#8221; no Facebook e visualizada pelos mais de <strong>40.000 moradores da cidade<\/strong>\u00a0que fazem parte do grupo!<\/li>\n<li><strong>PUBLICIDADE AT\u00c9 2021 NO GRUPO:\u00a0<\/strong>divulga\u00e7\u00e3o <strong>semanal<\/strong> das novidades de sua empresa\u00a0no grupo &#8220;O Melhor de Assis&#8221; no Facebook at\u00e9 o in\u00edcio das vota\u00e7\u00f5es da premia\u00e7\u00e3o em 2021. S\u00e3o dezenas de oportunidades para divulgar gratuitamente sua empresa aos <strong>mais de 40.000 moradores da cidade<\/strong>\u00a0que fazem parte do grupo. A divulga\u00e7\u00e3o semanal gratuita funciona de maneira simples e \u00e1gil: voc\u00ea faz a postagem com os textos e imagem que desejar na p\u00e1gina da sua empresa no Facebook e nos envia o link da postagem para compartilharmos no grupo.<br \/>\n(*) Ap\u00f3s a data de fechamento do lote da cidade, o valor passa a ser de R$257,00 em fun\u00e7\u00e3o do frete individual.<\/li>\n<\/ol>\n<h4><strong>Encomende o seu diploma AGORA!<\/strong><\/h4>\n<p>1- Preencha o <strong>formul\u00e1rio <\/strong>abaixo at\u00e9 o dia 16\/10\/2020 (data de fechamento do lote de sua cidade)\u00a0e clique em &#8220;Enviar Dados&#8221;.<br \/>\n2- Receba, em at\u00e9 24 horas, o link do <strong>boleto<\/strong> para pagamento em seu e-mail.<br \/>\n3- Realize o <strong>pagamento<\/strong> do boleto na ag\u00eancia banc\u00e1ria, lot\u00e9rica ou atrav\u00e9s do internet banking.<br \/>\n4- Retire o seu <strong>diploma e os quatro selos adesivos de sua empresa<\/strong>\u00a0a partir do 16\/11\/2020 em nosso distribuidor na sua cidade.<\/p>\n<div role=\"form\" class=\"wpcf7\" id=\"wpcf7-f1855-o1\" lang=\"pt-BR\" dir=\"ltr\">\n<div class=\"screen-reader-response\"><p role=\"status\" aria-live=\"polite\" aria-atomic=\"true\"><\/p> <ul><\/ul><\/div>\n<form action=\"\/index.php\/wp-json\/wp\/v2\/pages\/2078#wpcf7-f1855-o1\" method=\"post\" class=\"wpcf7-form init\" novalidate=\"novalidate\" data-status=\"init\">\n<div style=\"display: none;\">\n<input type=\"hidden\" name=\"_wpcf7\" value=\"1855\" \/>\n<input type=\"hidden\" name=\"_wpcf7_version\" value=\"5.5.6.1\" \/>\n<input type=\"hidden\" name=\"_wpcf7_locale\" value=\"pt_BR\" \/>\n<input type=\"hidden\" name=\"_wpcf7_unit_tag\" value=\"wpcf7-f1855-o1\" \/>\n<input type=\"hidden\" name=\"_wpcf7_container_post\" value=\"0\" \/>\n<input type=\"hidden\" name=\"_wpcf7_posted_data_hash\" value=\"\" \/>\n<\/div>\n<p><label>Seu Nome Completo *<br \/>\n<span class=\"wpcf7-form-control-wrap your-name\"><input type=\"text\" name=\"your-name\" value=\"\" size=\"40\" class=\"wpcf7-form-control wpcf7-text wpcf7-validates-as-required\" aria-required=\"true\" aria-invalid=\"false\" \/><\/span><\/label><\/p>\n<p><label>Nome da Empresa na Vota\u00e7\u00e3o *<br \/>\n<span class=\"wpcf7-form-control-wrap your-empresa\"><input type=\"text\" name=\"your-empresa\" value=\"\" size=\"40\" class=\"wpcf7-form-control wpcf7-text wpcf7-validates-as-required\" aria-required=\"true\" aria-invalid=\"false\" \/><\/span><\/label><\/p>\n<p><label>CNPJ ou CPF *<br \/>\n<span class=\"wpcf7-form-control-wrap your-cnpj\"><input type=\"text\" name=\"your-cnpj\" value=\"\" size=\"40\" class=\"wpcf7-form-control wpcf7-text wpcf7-validates-as-required\" aria-required=\"true\" aria-invalid=\"false\" \/><\/span><\/label><\/p>\n<p><label> E-Mail *<br \/>\n<span class=\"wpcf7-form-control-wrap your-email\"><input type=\"email\" name=\"your-email\" value=\"\" size=\"40\" class=\"wpcf7-form-control wpcf7-text wpcf7-email wpcf7-validates-as-required wpcf7-validates-as-email\" aria-required=\"true\" aria-invalid=\"false\" \/><\/span> <\/label><\/p>\n<p><label> Telefone *<br \/>\n<span class=\"wpcf7-form-control-wrap your-telefone\"><input type=\"text\" name=\"your-telefone\" value=\"\" size=\"40\" class=\"wpcf7-form-control wpcf7-text wpcf7-validates-as-required\" aria-required=\"true\" aria-invalid=\"false\" \/><\/span> <\/label><\/p>\n<p><label> WhatsApp *<br \/>\n<span class=\"wpcf7-form-control-wrap your-whatsapp\"><input type=\"text\" name=\"your-whatsapp\" value=\"\" size=\"40\" class=\"wpcf7-form-control wpcf7-text wpcf7-validates-as-required\" aria-required=\"true\" aria-invalid=\"false\" \/><\/span> <\/label><\/p>\n<p><label> Cidade *<br \/>\n<span class=\"wpcf7-form-control-wrap your-cidade\"><input type=\"text\" name=\"your-cidade\" value=\"\" size=\"40\" class=\"wpcf7-form-control wpcf7-text wpcf7-validates-as-required\" aria-required=\"true\" aria-invalid=\"false\" \/><\/span> <\/label><\/p>\n<p><label> CONFIRME AGORA SUA ENCOMENDA!* <\/label><\/p>\n<p><span class=\"wpcf7-form-control-wrap DIPLOMA\"><span class=\"wpcf7-form-control wpcf7-checkbox wpcf7-validates-as-required wpcf7-exclusive-checkbox\"><span class=\"wpcf7-list-item first last\"><input type=\"checkbox\" name=\"DIPLOMA\" value=\"DENTRO DO LOTE DA CIDADE: estou encomendando o diploma e os quatro selos adesivos da minha empresa dentro do lote da cidade por R$197.\" \/><span class=\"wpcf7-list-item-label\">DENTRO DO LOTE DA CIDADE: estou encomendando o diploma e os quatro selos adesivos da minha empresa dentro do lote da cidade por R$197.<\/span><\/span><\/span><\/span><br \/>\n<span class=\"wpcf7-form-control-wrap DIPLOMA\"><span class=\"wpcf7-form-control wpcf7-checkbox wpcf7-validates-as-required wpcf7-exclusive-checkbox\"><span class=\"wpcf7-list-item first last\"><input type=\"checkbox\" name=\"DIPLOMA\" value=\"FORA DO LOTE DA CIDADE: estou encomendando o diploma e os quatro selos adesivos da minha empresa fora do lote da cidade por R$257.\" \/><span class=\"wpcf7-list-item-label\">FORA DO LOTE DA CIDADE: estou encomendando o diploma e os quatro selos adesivos da minha empresa fora do lote da cidade por R$257.<\/span><\/span><\/span><\/span><\/p>\n<p>[recaptcha]<br><\/p>\n<p><input type=\"submit\" value=\"Enviar Dados\" class=\"wpcf7-form-control has-spinner wpcf7-submit\" \/><br><\/p>\n<div class=\"wpcf7-response-output\" aria-hidden=\"true\"><\/div><\/form><\/div>\n<p><strong>O Pr\u00eamio &#8220;O Melhor Daqui&#8221; nasceu no bairro do Morumbi em S\u00e3o Paulo em 2004 e hoje \u00e9 realizado em diversas cidades do interior paulista, onde mobiliza milhares de pessoas que desejam participar da \u00fanica premia\u00e7\u00e3o a eleger as melhores empresas da cidade de forma DIRETA e TRANSPARENTE. Confira em nosso site: <a href=\"http:\/\/premiolocalbest.com.br\/\">www.premiolocalbest.com.br<\/a><\/strong><\/p>\n<p><strong>Equipe OMelhorDaqui.Net<\/strong><\/p>\n<p><strong>Celular\/Whatsapp: (14) 99733-2186 (com Adriane)<br \/>\ncontato@premiolocalbest.com.br<\/strong><\/p>\n","protected":false},"excerpt":{"rendered":"","protected":false},"author":1,"featured_media":0,"parent":0,"menu_order":0,"comment_status":"closed","ping_status":"closed","template":"","meta":{"footnotes":""},"class_list":["post-2078","page","type-page","status-publish","hentry"],"_links":{"self":[{"href":"https:\/\/premiolocalbest.com.br\/index.php\/wp-json\/wp\/v2\/pages\/2078","targetHints":{"allow":["GET"]}}],"collection":[{"href":"https:\/\/premiolocalbest.com.br\/index.php\/wp-json\/wp\/v2\/pages"}],"about":[{"href":"https:\/\/premiolocalbest.com.br\/index.php\/wp-json\/wp\/v2\/types\/page"}],"author":[{"embeddable":true,"href":"https:\/\/premiolocalbest.com.br\/index.php\/wp-json\/wp\/v2\/users\/1"}],"replies":[{"embeddable":true,"href":"https:\/\/premiolocalbest.com.br\/index.php\/wp-json\/wp\/v2\/comments?post=2078"}],"version-history":[{"count":4,"href":"https:\/\/premiolocalbest.com.br\/index.php\/wp-json\/wp\/v2\/pages\/2078\/revisions"}],"predecessor-version":[{"id":2082,"href":"https:\/\/premiolocalbest.com.br\/index.php\/wp-json\/wp\/v2\/pages\/2078\/revisions\/2082"}],"wp:attachment":[{"href":"https:\/\/premiolocalbest.com.br\/index.php\/wp-json\/wp\/v2\/media?parent=2078"}],"curies":[{"name":"wp","href":"https:\/\/api.w.org\/{rel}","templated":true}]}}