{"id":2311,"date":"2021-05-03T17:50:05","date_gmt":"2021-05-03T20:50:05","guid":{"rendered":"https:\/\/premiolocalbest.com.br\/?page_id=2311"},"modified":"2024-01-10T15:27:52","modified_gmt":"2024-01-10T18:27:52","slug":"contato-2","status":"publish","type":"page","link":"https:\/\/premiolocalbest.com.br\/index.php\/contato-2\/","title":{"rendered":"Pr\u00eamio &#8220;O Melhor Daqui&#8221; &#8211; Coordenadores"},"content":{"rendered":"\n<h3 class=\"wp-block-heading\">Para tirar d\u00favidas sobre a premia\u00e7\u00e3o, sugerir novas enquetes, etc entre em contato com a coordenadora de sua cidade pelo WhatsApp!<\/h3>\n\n\n\n<ul class=\"wp-block-list\">\n<li><strong>ADRIANE (14 99733-2186): <\/strong>Agudos, Amparo, Araras, Assis, C\u00e2ndido Mota, Cerquilho, Cravinhos, Dracena, Fernand\u00f3polis, Ilhabela, Jales, Monte Alto, Paragua\u00e7u Paulista, Piraju, Presidente Epit\u00e1cio, Registro, Rio Claro, Sert\u00e3ozinho, Taquaritinga.<\/li>\n<\/ul>\n\n\n\n<ul class=\"wp-block-list\">\n<li><strong>ANA BEATRIZ (14 99889-7386): <\/strong>\u00c1guas de Lind\u00f3ia, Almirante Tamandar\u00e9, Andradina, Aparecida, Apia\u00ed, Campo Limpo Paulista, Campo Mour\u00e3o, Campos do Jord\u00e3o, Capivari, Cordeir\u00f3polis, Cotia, Dois Vizinhos, Fazenda Rio Grande, Francisco Morato, Gua\u00edra (SP), Guariba, Indaiatuba, Iper\u00f3, Itapevi , Itarar\u00e9, Itu, Juquitiba, Marialva, Matinhos, Monte Si\u00e3o, Pai\u00e7andu, Piracaia, Piraquara, Pompeia, Pontal, Porto Feliz, Porto Ferreira, Presidente Prudente, Promiss\u00e3o, Quatro Barras, Quedas do Igua\u00e7u, Rio Branco do Sul, Rio das Pedras, Santa Isabel, S\u00e3o Jos\u00e9 do Rio Pardo, S\u00e3o Miguel Arcanjo, Vargem Grande Paulista.<\/li>\n<\/ul>\n\n\n\n<ul class=\"wp-block-list\">\n<li><strong>BEATRIZ RIBEIRO (14 99744-5407):<\/strong> Angatuba, Ara\u00e7oiaba da Serra, Arax\u00e1, Astorga, Barra Bonita, Bastos, Bela Vista do Para\u00edso, Brodowski, Buri, Caconde, Ca\u00e7ador, Canela, Capela do Alto, Carambe\u00ed, Ces\u00e1rio Lange, Conchas, Conc\u00f3rdia, Coronel Fabriciano, Coronel Vivida, Cunha, Curvelo, Elias Fausto, Engenheiro Coelho, Gaspar, Gramado, Guapia\u00e7u, Guar\u00e1, Guararema, Guare\u00ed, Ibat\u00e9, Ibirit\u00e9, Igarapava, Igara\u00e7u do Itiet\u00ea, Imbituva, Ipaussu, Itabira, Itabirito, Itai\u00f3polis, Itatinga, Itirapina, Ituiutaba, Jacupiranga, Jana\u00faba, Jandaia do Sul, Jarinu, Jo\u00e3o Moslevade, Junqueir\u00f3polis, Loanda, Mairinque, Mandagua\u00e7u, Mandirituba, Manhua\u00e7u, Mar\u00edlia, Mutum, Nova Andradina, Paraibuna, Paranapanema, Pariquera-A\u00e7u, Patos de Minas, Piraju\u00ed, Pirapora do Bom Jesus, Porecatu, Pouso Alegre, Rio Negrinho, Salto de Pirapora, Santa Helena, Santo Anast\u00e1cio, Santo Ant\u00f4nio do Sudoeste, S\u00e3o Bento do Sul, S\u00e3o Francisco de Itabapoana, Siqueira Campos, Tabatinga, Tamarana, Tamba\u00fa, Vi\u00e7osa, Votorantim.<\/li>\n<\/ul>\n\n\n\n<ul class=\"wp-block-list\">\n<li><strong>BEATRIZ RODRIGUES (14 99891-1637<\/strong>)<strong>:<\/strong> Alagoinhas, Angra dos Reis, Aquidauana, Araruama, Arauc\u00e1ria,  Bag\u00e9, Barra do Pira\u00ed, Barra Mansa, Barreiras, Barueri, Bigua\u00e7u, Brumado, Cabo Frio, Campo Largo, Candeias, Cruzeiro, Eun\u00e1polis, Ferraz de Vasconcelos, Guanambi, Guapimirim, Guarapuava, Guaruj\u00e1, Ilh\u00e9us, Itabora\u00ed, Itabuna, Itagua\u00ed, Itaperuna, Itapetinga, Itapeva, Jacobina, Japeri, Jequi\u00e9, Juazeiro, Lu\u00eds Eduardo Magalh\u00e3es, Mag\u00e9, Mangaratiba, Maric\u00e1, Nil\u00f3polis, Nova Friburgo, Paraty, Paulo Afonso, Pelotas, Ponta Grossa, Ponta Por\u00e3, Porto Seguro, Praia Grande, Queimados, Resende, Rio Bonito, Rio das Ostras, Santo Ant\u00f4nio de Jesus, Sabar\u00e1, S\u00e3o Pedro da Aldeia, S\u00e3o Sebasti\u00e3o do Para\u00edso, Saquarema, Senhor do Bonfim, Serrinha, Sidrol\u00e2ndia, Sim\u00f5es Filho, Teixeira de Freitas, Teres\u00f3polis, Tr\u00eas Rios, Tup\u00e3, Ub\u00e1, Valen\u00e7a, Volta Redonda<\/li>\n<\/ul>\n\n\n\n<ul class=\"wp-block-list\">\n<li><strong>BIANCA (14 99844-8848):<\/strong> Adamantina, Barretos, Gar\u00e7a, Jacarezinho, Jaguari\u00fana, Socorro, Votuporanga.<\/li>\n<\/ul>\n\n\n\n<ul class=\"wp-block-list\">\n<li><strong>CINTIA (17 99667-1161): <\/strong>Am\u00e9rico Brasiliense, Cachoeiras de Macacu, Corn\u00e9lio Proc\u00f3pio, Esp\u00edrito Santo do Pinhal, Guararapes, Iturama, Ituverava, Louveira, Mirand\u00f3polis, Ouroeste, Paracambi, Pinhais, Rio Grande da Serra, S\u00e3o Jo\u00e3o da Boa Vista, S\u00e3o Joaquim da Barra, S\u00e3o Manuel, Serrana, Serop\u00e9dica, Teodoro Sampaio, Trememb\u00e9, Vargem Grande do Sul.<\/li>\n<\/ul>\n\n\n\n<ul class=\"wp-block-list\">\n<li><strong>EDUARDO (14 99619-8238):<\/strong> Altin\u00f3polis, Ara\u00e7ariguama, Batatais, Cajuru, Cambar\u00e1, Chavantes, Divinol\u00e2ndia, Hortol\u00e2ndia, Ibitinga, Ilha Solteira, Ipu\u00e3, Itobi, Jardin\u00f3polis, Joaquim T\u00e1vora, Leme, Martin\u00f3polis, Mogi Gua\u00e7u, Nova Granada, Nova Odessa, Paranava\u00ed, Pedregulho, Pinhais, Pinhalzinho, Pinh\u00e3o, Pomerode, Potim, Prudent\u00f3polis, Santa Mariana, Santa Rosa de Viterbo, Santo Ant\u00f4nio da Platina, Santo Ant\u00f4nio de Posse, S\u00e3o Carlos, Sumar\u00e9, S\u00e3o Sebasti\u00e3o da Grama, Tanabi, Tangar\u00e1 da Serra, Tapiratiba, Tomazina, Umuarama, Valpara\u00edso, Vinhedo, Wenceslau Braz.<\/li>\n<\/ul>\n\n\n\n<ul class=\"wp-block-list\">\n<li><strong>GISELE (14 99845-1599):<\/strong> Ararangu\u00e1, Arco Verde, Balne\u00e1rio Cambori\u00fa, Canan\u00e9ia, Balsas, Barra Velha, Biritiba Mirim, Bombinhas, Brusque, Garuva, Guaramirim, Igarat\u00e1, Iguape, Ilhota, Indaial, Itapema, Itapo\u00e1, Laguna, Luis Alves, Mafra, Nazar\u00e9 Paulista, Nova Mutum, Nova Trento, Oliveira, Paudalho, Penha, Pi\u00e7arras, Porto Belo, Rio do Sul, Sales\u00f3polis, S\u00e3o Francisco do Sul, S\u00e3o Sebasti\u00e3o, Timb\u00f3, Tubar\u00e3o, Xanxer\u00ea.<\/li>\n<\/ul>\n\n\n\n<ul class=\"wp-block-list\">\n<li><strong>HISABELA (14 99852-7356):<\/strong> Alvorada, Cachoeirinha, Caieiras, Embu-Gua\u00e7u, Guaratinguet\u00e1, Itapira, Itatiba, Mococa, Monte Mor, Pindamonhangaba, Po\u00e1, Salto, Santa B\u00e1rbara d&#8217;Oeste, Valinhos, V\u00e1rzea Paulista.<\/li>\n<\/ul>\n\n\n\n<ul class=\"wp-block-list\">\n<li><strong>HISADORA (14 99845-3493):<\/strong> Ara\u00e7atuba, Arraial do Cabo, Aruj\u00e1, Avar\u00e9, Barra Mansa, Barueri, Bertioga, Boituva, Bragan\u00e7a Paulista, Ca\u00e7apava, Chapec\u00f3, Cosm\u00f3polis, Cubat\u00e3o, Franco da Rocha, Itanha\u00e9m, Itapecerica da Serra, Itapetininga, Itupeva, Jaboticabal, Ja\u00fa, Len\u00e7\u00f3is Paulista, Lins, Mairipor\u00e3, Mesquita, Mongagu\u00e1, Osasco, Ourinhos, Paul\u00ednia, Peru\u00edbe, Pirassununga, Ribeir\u00e3o Pires, Santa Cruz do Rio Pardo, Santana de Parna\u00edba, S\u00e3o Roque, Tabo\u00e3o da Serra, Tatu\u00ed, Ubatuba.<\/li>\n<\/ul>\n\n\n\n<ul class=\"wp-block-list\">\n<li><strong>VAL\u00c9RIA (15 99734-8859):<\/strong> Cajati, Conchal, Dois Corregos, Pilar do Sul, Pirapozinho, Pitangueiras, Santa Rita do Passa Quatro.<\/li>\n<\/ul>\n\n\n\n<ul class=\"wp-block-list\">\n<li><strong>VIT\u00d3RIA (14 99859-5464):<\/strong> Agua\u00ed, Alum\u00ednio, Arapoti, Artur Nogueira, Atibaia, Bariri, Barrinha, Bom Jesus dos Perd\u00f5es, Brotas, Buritama, Cachoeira Paulista, Campo Magro, Casa Branca, Colina, Cruzeiro do Oeste, Descalvado, Goioer\u00ea, Gua\u00edra (PR), Guapiara, Guaratuba, Ibaiti, Ilha Comprida, Itaber\u00e1, Ita\u00ed, Itajobi, Itaperu\u00e7u, Ivaipor\u00e3, Jaguaria\u00edva, Laranjeiras do sul, Lapa, Macatuba, Mandaguari, Medianeira, Miguel\u00f3polis, Monte Azul Paulista, Morro Agudo, Navegantes, Nova Esperan\u00e7a, Novo Horizonte, Orl\u00e2ndia, Ortigueira, Ouro Preto, Palmas, Palmeira, Palmital (PR), Pederneiras, Pen\u00e1polis, Pereira Barreto, Pira\u00ed do Sul, Pitanga, Piquete, Pontal do Paran\u00e1, Porto Uni\u00e3o, Prad\u00f3polis, Quitandinha, Regente Feij\u00f3, Reserva, Rio Negro, Rosana, Santa Cruz das Palmeiras, Santa Terezinha de Itaipu, Santo Ant\u00f4nio de P\u00e1dua, S\u00e3o Mateus do Sul, S\u00e3o Miguel do Igua\u00e7u, S\u00e3o Pedro, S\u00e3o Sim\u00e3o, Serra Negra, Taquarituba, Tiet\u00ea, Tijucas do Sul, Tr\u00eas Pontas, Uni\u00e3o da Vit\u00f3ria, Viradouro.<\/li>\n<\/ul>\n\n\n\n<p><\/p>\n\n\n\n<p><\/p>\n","protected":false},"excerpt":{"rendered":"","protected":false},"author":1,"featured_media":0,"parent":0,"menu_order":0,"comment_status":"closed","ping_status":"closed","template":"","meta":{"footnotes":""},"class_list":["post-2311","page","type-page","status-publish","hentry"],"_links":{"self":[{"href":"https:\/\/premiolocalbest.com.br\/index.php\/wp-json\/wp\/v2\/pages\/2311","targetHints":{"allow":["GET"]}}],"collection":[{"href":"https:\/\/premiolocalbest.com.br\/index.php\/wp-json\/wp\/v2\/pages"}],"about":[{"href":"https:\/\/premiolocalbest.com.br\/index.php\/wp-json\/wp\/v2\/types\/page"}],"author":[{"embeddable":true,"href":"https:\/\/premiolocalbest.com.br\/index.php\/wp-json\/wp\/v2\/users\/1"}],"replies":[{"embeddable":true,"href":"https:\/\/premiolocalbest.com.br\/index.php\/wp-json\/wp\/v2\/comments?post=2311"}],"version-history":[{"count":196,"href":"https:\/\/premiolocalbest.com.br\/index.php\/wp-json\/wp\/v2\/pages\/2311\/revisions"}],"predecessor-version":[{"id":5341,"href":"https:\/\/premiolocalbest.com.br\/index.php\/wp-json\/wp\/v2\/pages\/2311\/revisions\/5341"}],"wp:attachment":[{"href":"https:\/\/premiolocalbest.com.br\/index.php\/wp-json\/wp\/v2\/media?parent=2311"}],"curies":[{"name":"wp","href":"https:\/\/api.w.org\/{rel}","templated":true}]}}