{"id":3244,"date":"2022-12-26T18:23:43","date_gmt":"2022-12-26T21:23:43","guid":{"rendered":"https:\/\/premiolocalbest.com.br\/?page_id=3244"},"modified":"2022-12-26T18:48:32","modified_gmt":"2022-12-26T21:48:32","slug":"premio-o-melhor-daqui-itapetininga-sp-2023","status":"publish","type":"page","link":"https:\/\/premiolocalbest.com.br\/index.php\/premio-o-melhor-daqui-itapetininga-sp-2023\/","title":{"rendered":"Pr\u00eamio &#8220;O Melhor Daqui&#8221; Itapetininga-SP 2023"},"content":{"rendered":"\n<h3 class=\"wp-block-heading\">Mostre para o p\u00fablico que sua empresa foi eleita entre as melhores da cidade!<\/h3>\n\n\n\n<p><\/p>\n\n\n\n<div class=\"wp-block-media-text alignwide is-stacked-on-mobile\"><figure class=\"wp-block-media-text__media\"><img fetchpriority=\"high\" decoding=\"async\" width=\"1024\" height=\"741\" src=\"https:\/\/premiolocalbest.com.br\/wp-content\/uploads\/2022\/01\/CERTIFICADO_OURO-1-1024x741.png\" alt=\"\" class=\"wp-image-2499 size-full\" srcset=\"https:\/\/premiolocalbest.com.br\/wp-content\/uploads\/2022\/01\/CERTIFICADO_OURO-1-1024x741.png 1024w, https:\/\/premiolocalbest.com.br\/wp-content\/uploads\/2022\/01\/CERTIFICADO_OURO-1-300x217.png 300w, https:\/\/premiolocalbest.com.br\/wp-content\/uploads\/2022\/01\/CERTIFICADO_OURO-1-768x556.png 768w, https:\/\/premiolocalbest.com.br\/wp-content\/uploads\/2022\/01\/CERTIFICADO_OURO-1.png 1406w\" sizes=\"(max-width: 1024px) 100vw, 1024px\" \/><\/figure><div class=\"wp-block-media-text__content\">\n<p class=\"has-medium-font-size\"><strong><span style=\"color:#e2506c\" class=\"has-inline-color\">1) CERTIFICADO EM PDF: R$69,00 (pagamento via pix).<\/span><\/strong><br>Certificado em arquivo pdf, atestando a conquista da medalha Ouro, Prata ou Bronze de sua empresa no segmento comercial em que foi premiada. Arquivo em formato A4, com qualidade para impress\u00e3o em 300 dpi. Receba em at\u00e9 48 horas e imprima na gr\u00e1fica de sua prefer\u00eancia.<\/p>\n<\/div><\/div>\n\n\n\n<div class=\"wp-block-media-text alignwide is-stacked-on-mobile is-vertically-aligned-center\"><figure class=\"wp-block-media-text__media\"><img decoding=\"async\" width=\"790\" height=\"1024\" src=\"https:\/\/premiolocalbest.com.br\/wp-content\/uploads\/2022\/01\/moca-bonita-diploma-quebrado-790x1024.jpeg\" alt=\"\" class=\"wp-image-2506 size-full\" srcset=\"https:\/\/premiolocalbest.com.br\/wp-content\/uploads\/2022\/01\/moca-bonita-diploma-quebrado-790x1024.jpeg 790w, https:\/\/premiolocalbest.com.br\/wp-content\/uploads\/2022\/01\/moca-bonita-diploma-quebrado-232x300.jpeg 232w, https:\/\/premiolocalbest.com.br\/wp-content\/uploads\/2022\/01\/moca-bonita-diploma-quebrado-768x995.jpeg 768w, https:\/\/premiolocalbest.com.br\/wp-content\/uploads\/2022\/01\/moca-bonita-diploma-quebrado.jpeg 988w\" sizes=\"(max-width: 790px) 100vw, 790px\" \/><\/figure><div class=\"wp-block-media-text__content\">\n<p class=\"has-medium-font-size\"><span style=\"color:#e2506c\" class=\"has-inline-color\"><strong>2) PLACA PERSONALIZADA: R$247,00 (pagamento via pix, vendas at\u00e9 09\/01\/2023).<\/strong><\/span><br>Diploma (20x30cm) em placa de acr\u00edlico com impress\u00e3o HD da imagem de nossa <strong>exclusiva medalha Ouro, Prata ou Bronze<\/strong>, <strong>personalizado com o nome e o segmento comercial<\/strong> da sua empresa, para ser usado de p\u00e9, como trof\u00e9u, ou fixado na parede + <strong>quatro adesivos<\/strong>\u00a0para colocar na vitrine, na porta e em outros locais de destaque de sua empresa. Receba em at\u00e9 45 dias. <\/p>\n<\/div><\/div>\n\n\n\n<div class=\"wp-block-media-text alignwide is-stacked-on-mobile\"><figure class=\"wp-block-media-text__media\"><img decoding=\"async\" width=\"1000\" height=\"1000\" src=\"https:\/\/premiolocalbest.com.br\/wp-content\/uploads\/2022\/12\/kit-mercado-pago.png\" alt=\"\" class=\"wp-image-3245 size-full\" srcset=\"https:\/\/premiolocalbest.com.br\/wp-content\/uploads\/2022\/12\/kit-mercado-pago.png 1000w, https:\/\/premiolocalbest.com.br\/wp-content\/uploads\/2022\/12\/kit-mercado-pago-300x300.png 300w, https:\/\/premiolocalbest.com.br\/wp-content\/uploads\/2022\/12\/kit-mercado-pago-150x150.png 150w, https:\/\/premiolocalbest.com.br\/wp-content\/uploads\/2022\/12\/kit-mercado-pago-768x768.png 768w, https:\/\/premiolocalbest.com.br\/wp-content\/uploads\/2022\/12\/kit-mercado-pago-500x500.png 500w, https:\/\/premiolocalbest.com.br\/wp-content\/uploads\/2022\/12\/kit-mercado-pago-400x400.png 400w\" sizes=\"(max-width: 1000px) 100vw, 1000px\" \/><\/figure><div class=\"wp-block-media-text__content\">\n<p class=\"has-medium-font-size\"><strong><span style=\"color:#e2506c\" class=\"has-inline-color\">3) KIT COMPLETO = PLACA + CERTIFICADO PDF + 4 ADESIVOS: R$297,00 parcelado no cart\u00e3o ou R$282 via pix (vendas at\u00e9 09\/01\/2023).<\/span><\/strong><br>Todos os itens descritos acima: placa personalizada em acr\u00edlico + 4 adesivos + Certificado em PDF com qualidade para impress\u00e3o. Parcele em at\u00e9 12 vezes pelo seu cart\u00e3o de cr\u00e9dito ou pague com desconto via pix.<\/p>\n<\/div><\/div>\n\n\n\n<p><\/p>\n\n\n\n<h4 class=\"wp-block-heading\"><em><strong>Fa\u00e7a a sua escolha<\/strong>&#8230;<\/em><\/h4>\n\n\n\n<p><span style=\"color:#e2506c\" class=\"has-inline-color\"><strong>1) CERTIFICADO PDF: R$69,00 (\u00e0 vista no pix)<br>2) PLACA PERSONALIZADA: R$247.00 (\u00e0 vista no pix)<br>3) KIT COMPLETO<\/strong><\/span><span style=\"color:#e2506c\" class=\"has-inline-color\"><strong>: R$297 (parcelado no cart\u00e3o) ou R$282 (\u00e0 vista no pix)<\/strong><\/span><\/p>\n\n\n\n<h4 class=\"wp-block-heading\"><strong><em>&#8230; e encomende AGORA!<\/em><\/strong><\/h4>\n\n\n\n<p><strong>>><\/strong> <strong>Fa\u00e7a o pagamento via chave PIX CNPJ: <strong>18.073.675\/0001-26 ou clique aqui para pagar o kit completo parcelado no cart\u00e3o de cr\u00e9dito.<\/strong><\/strong>  <br>Link para adquirir o KIt Completo parcelado no cart\u00e3o de cr\u00e9dito: <a href=\"https:\/\/bit.ly\/KitCompleto2023\"><strong><span style=\"color:#e2506c\" class=\"has-inline-color\">https:\/\/bit.ly\/KitCompleto2023<\/span><\/strong><\/a><br>>><strong> Envie uma imagem do comprovante<\/strong> junto com o nome e o CNPJ da sua empresa (ou seu CPF se preferir) para o WhatsApp (14) 99845-3493 (com Hisadora).<br><strong>>><\/strong> O kit com a placa com o diploma de sua empresa e os quatro selos adesivos (R$197) poder\u00e3o ser <strong>retirados em nosso distribuidor <\/strong>de sua cidade em m\u00e9dia <strong>45 dias ap\u00f3s o fechamento do lote da cidade<\/strong>. Esse prazo pode variar em fun\u00e7\u00e3o da transportadora que atenda a sua cidade. A partir da comprova\u00e7\u00e3o do pagamento, sua empresa j\u00e1 poder\u00e1 utilizar a <strong>propaganda semanal<\/strong> no grupo de vota\u00e7\u00e3o de sua cidade no Facebook.<br><strong>>><\/strong> O <strong>Certificado<\/strong> em PDF (R$49) ser\u00e1 enviado no seu whatsapp at\u00e9 <strong>48 horas ap\u00f3s a identifica\u00e7\u00e3o do pagamento<\/strong>. <\/p>\n\n\n\n<p>Aten\u00e7\u00e3o: Fa\u00e7a o pagamento apenas pela op\u00e7\u00e3o indicada acima. Ningu\u00e9m est\u00e1 autorizado a receber o pagamento de sua empresa pessoalmente ou atrav\u00e9s de outras contas banc\u00e1rias ou outras chaves PIX. Para assegurar a seguran\u00e7a da premia\u00e7\u00e3o, o nome da sua empresa no diploma ser\u00e1 impresso como consta no resultado da premia\u00e7\u00e3o, publicado no grupo de vota\u00e7\u00e3o de sua cidade no Facebook. <\/p>\n\n\n\n<p>O Pr\u00eamio &#8220;O Melhor Daqui&#8221; nasceu no bairro do Morumbi em S\u00e3o Paulo em 2004 e hoje \u00e9 realizado em mais de 250 cidades do Brasil. <strong>A premia\u00e7\u00e3o e sua medalha exclusiva est\u00e3o protegidas pelo INPI e apenas esta premia\u00e7\u00e3o tem autoriza\u00e7\u00e3o para utiliz\u00e1-las e para oferecer a medalha \u00e0s empresas vencedoras.<\/strong> Confira em nosso site: <strong><a href=\"http:\/\/premiolocalbest.com.br\/\">www.premiolocalbest.com.br<\/a><\/strong><\/p>\n\n\n\n<p><strong>Equipe OMelhorDaqui.Net<\/strong><\/p>\n\n\n\n<p><strong>Celular\/Whatsapp: (14) 99845-3493 (com Hisadora).<br>contato@premiolocalbest.com.br<\/strong><\/p>\n\n\n\n<p><\/p>\n","protected":false},"excerpt":{"rendered":"","protected":false},"author":1,"featured_media":0,"parent":0,"menu_order":0,"comment_status":"closed","ping_status":"closed","template":"","meta":{"footnotes":""},"class_list":["post-3244","page","type-page","status-publish","hentry"],"_links":{"self":[{"href":"https:\/\/premiolocalbest.com.br\/index.php\/wp-json\/wp\/v2\/pages\/3244","targetHints":{"allow":["GET"]}}],"collection":[{"href":"https:\/\/premiolocalbest.com.br\/index.php\/wp-json\/wp\/v2\/pages"}],"about":[{"href":"https:\/\/premiolocalbest.com.br\/index.php\/wp-json\/wp\/v2\/types\/page"}],"author":[{"embeddable":true,"href":"https:\/\/premiolocalbest.com.br\/index.php\/wp-json\/wp\/v2\/users\/1"}],"replies":[{"embeddable":true,"href":"https:\/\/premiolocalbest.com.br\/index.php\/wp-json\/wp\/v2\/comments?post=3244"}],"version-history":[{"count":3,"href":"https:\/\/premiolocalbest.com.br\/index.php\/wp-json\/wp\/v2\/pages\/3244\/revisions"}],"predecessor-version":[{"id":3249,"href":"https:\/\/premiolocalbest.com.br\/index.php\/wp-json\/wp\/v2\/pages\/3244\/revisions\/3249"}],"wp:attachment":[{"href":"https:\/\/premiolocalbest.com.br\/index.php\/wp-json\/wp\/v2\/media?parent=3244"}],"curies":[{"name":"wp","href":"https:\/\/api.w.org\/{rel}","templated":true}]}}