{"id":3364,"date":"2023-02-08T14:56:24","date_gmt":"2023-02-08T17:56:24","guid":{"rendered":"https:\/\/premiolocalbest.com.br\/?page_id=3364"},"modified":"2023-02-08T14:56:24","modified_gmt":"2023-02-08T17:56:24","slug":"premio-o-melhor-daqui-ibaiti-pr-2023","status":"publish","type":"page","link":"https:\/\/premiolocalbest.com.br\/index.php\/premio-o-melhor-daqui-ibaiti-pr-2023\/","title":{"rendered":"Pr\u00eamio &#8220;O Melhor Daqui&#8221; IBAITI &#8211; PR 2023"},"content":{"rendered":"\n<h3 class=\"wp-block-heading\">Mostre para o p\u00fablico que sua empresa foi eleita entre as melhores da cidade!<\/h3>\n\n\n\n<p><\/p>\n\n\n\n<div class=\"wp-block-media-text alignwide is-stacked-on-mobile is-vertically-aligned-center\"><figure class=\"wp-block-media-text__media\"><img fetchpriority=\"high\" decoding=\"async\" width=\"790\" height=\"1024\" src=\"https:\/\/premiolocalbest.com.br\/wp-content\/uploads\/2022\/01\/moca-bonita-diploma-quebrado-790x1024.jpeg\" alt=\"\" class=\"wp-image-2506 size-full\" srcset=\"https:\/\/premiolocalbest.com.br\/wp-content\/uploads\/2022\/01\/moca-bonita-diploma-quebrado-790x1024.jpeg 790w, https:\/\/premiolocalbest.com.br\/wp-content\/uploads\/2022\/01\/moca-bonita-diploma-quebrado-232x300.jpeg 232w, https:\/\/premiolocalbest.com.br\/wp-content\/uploads\/2022\/01\/moca-bonita-diploma-quebrado-768x995.jpeg 768w, https:\/\/premiolocalbest.com.br\/wp-content\/uploads\/2022\/01\/moca-bonita-diploma-quebrado.jpeg 988w\" sizes=\"(max-width: 790px) 100vw, 790px\" \/><\/figure><div class=\"wp-block-media-text__content\">\n<p class=\"has-medium-font-size\"><span style=\"color:#e2506c\" class=\"has-inline-color\"><strong>1) PLACA PERSONALIZADA + 4 ADESIVOS: R$247,00 (pagamento via pix, vendas at\u00e9 22\/02\/2023).<\/strong><\/span><br>Diploma (20x30cm) em placa de acr\u00edlico com impress\u00e3o HD da imagem de nossa <strong>exclusiva medalha Ouro, Prata ou Bronze<\/strong>, <strong>personalizado com o nome e o segmento comercial<\/strong> da sua empresa, para ser usado de p\u00e9, como trof\u00e9u, ou fixado na parede + <strong>quatro adesivos<\/strong>\u00a0para colocar na vitrine, na porta e em outros locais de destaque de sua empresa. Receba em at\u00e9 45 dias no distribuidor de sua cidade. <\/p>\n<\/div><\/div>\n\n\n\n<div class=\"wp-block-media-text alignwide is-stacked-on-mobile\"><figure class=\"wp-block-media-text__media\"><img decoding=\"async\" width=\"1000\" height=\"1000\" src=\"https:\/\/premiolocalbest.com.br\/wp-content\/uploads\/2022\/12\/kit-mercado-pago.png\" alt=\"\" class=\"wp-image-3245 size-full\" srcset=\"https:\/\/premiolocalbest.com.br\/wp-content\/uploads\/2022\/12\/kit-mercado-pago.png 1000w, https:\/\/premiolocalbest.com.br\/wp-content\/uploads\/2022\/12\/kit-mercado-pago-300x300.png 300w, https:\/\/premiolocalbest.com.br\/wp-content\/uploads\/2022\/12\/kit-mercado-pago-150x150.png 150w, https:\/\/premiolocalbest.com.br\/wp-content\/uploads\/2022\/12\/kit-mercado-pago-768x768.png 768w, https:\/\/premiolocalbest.com.br\/wp-content\/uploads\/2022\/12\/kit-mercado-pago-500x500.png 500w, https:\/\/premiolocalbest.com.br\/wp-content\/uploads\/2022\/12\/kit-mercado-pago-400x400.png 400w\" sizes=\"(max-width: 1000px) 100vw, 1000px\" \/><\/figure><div class=\"wp-block-media-text__content\">\n<p class=\"has-medium-font-size\"><strong><span style=\"color:#e2506c\" class=\"has-inline-color\">2) KIT COMPLETO = PLACA PERSONALIZADA + 4 ADESIVOS CERTIFICADO PDF A4: R$297,00 parcelado no cart\u00e3o ou R$282,00 via pix (vendas at\u00e9 22<strong>\/02\/2023<\/strong>).<\/span><\/strong><br>Todos os itens do pacote 1 + Certificado em arquivo PDF em formato A4, com qualidade para impress\u00e3o em 300 dpi. Receba o certificado em at\u00e9 48 horas para imprimir na gr\u00e1fica de sua prefer\u00eancia e receba a placa personalizada e os 4 adesivos em at\u00e9 45 dias no distribuidor de sua cidade.<\/p>\n<\/div><\/div>\n\n\n\n<p><\/p>\n\n\n\n<h4 class=\"wp-block-heading\"><em><strong>Fa\u00e7a a sua escolha<\/strong>&#8230;<\/em><\/h4>\n\n\n\n<p><span style=\"color:#e2506c\" class=\"has-inline-color\"><strong>1) PLACA PERSONALIZADA: R$247.00 (\u00e0 vista no pix). Receba em at\u00e9 48 horas)<br>2) KIT COMPLETO: R$297 (parcelado no cart\u00e3o) ou R$282 (\u00e0 vista no pix). Receba em at\u00e9 45 dias no distribuidor de sua cidade.<\/strong><\/span><\/p>\n\n\n\n<h4 class=\"wp-block-heading\"><strong><em>&#8230; e encomende AGORA!<\/em><\/strong><\/h4>\n\n\n\n<p><strong>&gt;&gt;<\/strong> <strong>Fa\u00e7a o pagamento via chave PIX CNPJ: <strong>18.073.675\/0001-26 ou clique aqui para pagar o kit completo parcelado no cart\u00e3o de cr\u00e9dito.<\/strong><\/strong>  <br>Link para adquirir o KIt Completo parcelado no cart\u00e3o de cr\u00e9dito: <a href=\"https:\/\/bit.ly\/KitCompleto2023\"><strong><span style=\"color:#e2506c\" class=\"has-inline-color\">https:\/\/bit.ly\/KitCompleto2023<\/span><\/strong><\/a><br>&gt;&gt;<strong> Envie uma imagem do comprovante do pix<\/strong> junto com o nome e o CNPJ da sua empresa (ou seu CPF se preferir) para o WhatsApp (14) 99712-7596 com Vit\u00f3ria. No caso de pagamento por <strong>cart\u00e3o de cr\u00e9dito<\/strong>, o Mercado Pago fornece um comprovante com o N\u00famero da Opera\u00e7\u00e3o no ato do pagamento. Voc\u00ea pode nos <strong>enviar para o mesmo whatsapp acima o print desse comprovante ou o pr\u00f3prio N\u00famero da Opera\u00e7\u00e3o<\/strong> para que possamos identificar o seu pagamento.<br><strong>&gt;&gt;<\/strong> O kit com a placa com o diploma de sua empresa e os quatro selos adesivos (R$297) poder\u00e3o ser <strong>retirados em nosso distribuidor <\/strong>de sua cidade em m\u00e9dia <strong>45 dias ap\u00f3s o fechamento do lote da cidade<\/strong>. Esse prazo pode variar em fun\u00e7\u00e3o da transportadora que atenda a sua cidade. A partir da comprova\u00e7\u00e3o do pagamento, sua empresa j\u00e1 poder\u00e1 utilizar a <strong>propaganda semanal<\/strong> no grupo de vota\u00e7\u00e3o de sua cidade no Facebook.<br><strong>&gt;&gt;<\/strong> O <strong>Certificado<\/strong> em PDF ser\u00e1 enviado no seu whatsapp at\u00e9 <strong>48 horas ap\u00f3s a identifica\u00e7\u00e3o do pagamento<\/strong>. <\/p>\n\n\n\n<p>Aten\u00e7\u00e3o: Fa\u00e7a o pagamento apenas pela op\u00e7\u00e3o indicada acima. Ningu\u00e9m est\u00e1 autorizado a receber o pagamento de sua empresa pessoalmente ou atrav\u00e9s de outras contas banc\u00e1rias ou outras chaves PIX. Para assegurar a seguran\u00e7a da premia\u00e7\u00e3o, o nome da sua empresa no diploma ser\u00e1 impresso como consta no resultado da premia\u00e7\u00e3o, publicado no grupo de vota\u00e7\u00e3o de sua cidade no Facebook. <\/p>\n\n\n\n<p>O Pr\u00eamio &#8220;O Melhor Daqui&#8221; nasceu no bairro do Morumbi em S\u00e3o Paulo em 2004 e hoje \u00e9 realizado em mais de 250 cidades do Brasil. <strong>A premia\u00e7\u00e3o e sua medalha exclusiva est\u00e3o protegidas pelo INPI e apenas esta premia\u00e7\u00e3o tem autoriza\u00e7\u00e3o para utiliz\u00e1-las e para oferecer a medalha \u00e0s empresas vencedoras.<\/strong> Confira em nosso site: <strong><a href=\"http:\/\/premiolocalbest.com.br\/\">www.premiolocalbest.com.br<\/a><\/strong><\/p>\n\n\n\n<p><strong>Equipe OMelhorDaqui.Net<\/strong><\/p>\n\n\n\n<p><strong>Celular\/Whatsapp: (14) 99712-7596 com Vit\u00f3ria.<br>contato@premiolocalbest.com.br<\/strong><\/p>\n\n\n\n<p><\/p>\n","protected":false},"excerpt":{"rendered":"","protected":false},"author":1,"featured_media":0,"parent":0,"menu_order":0,"comment_status":"closed","ping_status":"closed","template":"","meta":{"footnotes":""},"class_list":["post-3364","page","type-page","status-publish","hentry"],"_links":{"self":[{"href":"https:\/\/premiolocalbest.com.br\/index.php\/wp-json\/wp\/v2\/pages\/3364","targetHints":{"allow":["GET"]}}],"collection":[{"href":"https:\/\/premiolocalbest.com.br\/index.php\/wp-json\/wp\/v2\/pages"}],"about":[{"href":"https:\/\/premiolocalbest.com.br\/index.php\/wp-json\/wp\/v2\/types\/page"}],"author":[{"embeddable":true,"href":"https:\/\/premiolocalbest.com.br\/index.php\/wp-json\/wp\/v2\/users\/1"}],"replies":[{"embeddable":true,"href":"https:\/\/premiolocalbest.com.br\/index.php\/wp-json\/wp\/v2\/comments?post=3364"}],"version-history":[{"count":1,"href":"https:\/\/premiolocalbest.com.br\/index.php\/wp-json\/wp\/v2\/pages\/3364\/revisions"}],"predecessor-version":[{"id":3365,"href":"https:\/\/premiolocalbest.com.br\/index.php\/wp-json\/wp\/v2\/pages\/3364\/revisions\/3365"}],"wp:attachment":[{"href":"https:\/\/premiolocalbest.com.br\/index.php\/wp-json\/wp\/v2\/media?parent=3364"}],"curies":[{"name":"wp","href":"https:\/\/api.w.org\/{rel}","templated":true}]}}