{"id":5343,"date":"2024-01-10T15:34:11","date_gmt":"2024-01-10T18:34:11","guid":{"rendered":"https:\/\/premiolocalbest.com.br\/?page_id=5343"},"modified":"2024-03-07T19:23:00","modified_gmt":"2024-03-07T22:23:00","slug":"contato","status":"publish","type":"page","link":"https:\/\/premiolocalbest.com.br\/index.php\/contato\/","title":{"rendered":"CONTATO"},"content":{"rendered":"\n<h1 class=\"wp-block-heading\">Pr\u00eamio LocalBest \u2013 Coordenadores<\/h1>\n\n\n\n<h3 class=\"wp-block-heading\">Para tirar d\u00favidas sobre a premia\u00e7\u00e3o, sugerir novas enquetes, etc entre em contato com o(a) coordenador(a) de sua cidade pelo WhatsApp!<\/h3>\n\n\n\n<ul class=\"wp-block-list\">\n<li><strong>ADRIANE (14 99733-2186):&nbsp;<\/strong>Agudos, Amparo, Araras, Assis, Bernardino de Campos, C\u00e2ndido Mota, Cerquilho, Cravinhos, Dracena, Fernand\u00f3polis, Ilhabela, Jales, Monte Alto, Paragua\u00e7u Paulista, Piraju, Presidente Epit\u00e1cio, Registro, Rio Claro, Sert\u00e3ozinho, Taquaritinga.<\/li>\n\n\n\n<li><strong><strong>ANA BEATRIZ (14 99889-7386): <\/strong><\/strong>\u00c1guas de Lind\u00f3ia, Almirante Tamandar\u00e9, Andradina, Aparecida, Apia\u00ed, Campo Limpo Paulista, Campo Mour\u00e3o, Campos do Jord\u00e3o, Capivari, Castilho, Charqueada, Cotia, Dois Vizinhos, Esteio, Fazenda Rio Grande, Francisco Morato, Gua\u00edra (SP), Guare\u00ed, Guariba, Iper\u00f3, Itarar\u00e9, Itu, Junqueir\u00f3polis, Juquitiba, Marialva, Matinhos, Mirante do Paranapanema, Pai\u00e7andu, Pindorama, Piracaia, Piraquara, Pompeia, Pontal, Porto Feliz, Porto Ferreira, Presidente Prudente, Promiss\u00e3o, Quatro Barras, Quedas do Igua\u00e7u, Rio Branco do Sul, Rio das Pedras, Santa Isabel, S\u00e3o Jos\u00e9 do Rio Pardo, S\u00e3o Miguel Arcanjo, Tel\u00eamaco Borba, Tupi Paulista, Vargem Grande Paulista.<\/li>\n\n\n\n<li><strong>BEATRIZ RIBEIRO (14 99744-5407):<\/strong>&nbsp;Angatuba, Ara\u00e7oiaba da Serra, Arax\u00e1, Astorga, Barra Bonita, Bastos, Bela Vista do Para\u00edso, Brodowski, Buri, Caconde, Ca\u00e7ador, Canela, Capela do Alto, Ces\u00e1rio Lange, Conchas, Coronel Vivida, Cunha, Elias Fausto, Engenheiro Coelho, Guar\u00e1, Guararema, Guare\u00ed, Guapia\u00e7u, Gramado Ibat\u00e9, Igarapava, Igara\u00e7u do Itiet\u00ea, Imbituva, Ipaussu, Itariri, Itatinga, Itirapina, Jo\u00e3o Monlevade, Jacupiranga, Jarinu, Mandagua\u00e7u, Mairinque, Mandirituba, Mar\u00edlia, Mutum, Panorama, Paraibuna, Pariquera-A\u00e7u, Piraju\u00ed, Pirapora do Bom Jesus, Presidente Bernardes, Rio Negrinho, Salto de Pirapora, S\u00e3o Bento do Sul, S\u00e3o Louren\u00e7o da Serra, Severina, Siqueira Campos, Tamba\u00fa, Tarum\u00e3, Urup\u00eas, Valentim Gentil, Vi\u00e7osa.<\/li>\n\n\n\n<li><strong>BEATRIZ RODRIGUES (14 99891-1637<\/strong>)<strong>:<\/strong>&nbsp;Aquidauana, Araruama, Arauc\u00e1ria, Bag\u00e9, Barra do Pira\u00ed, Barueri, Bigua\u00e7u, Campo Largo, Candeias, Cruzeiro, Guapimirim, Itagua\u00ed, Itaperuna, Itapeva, Mag\u00e9, Mngaratiba, Maric\u00e1, Nil\u00f3polis, Nova Friburgo, Ponta Por\u00e3, Rio Bonito, S\u00e3o Pedro da Aldeia, Saquarema, Sidrol\u00e2ndia, Teres\u00f3polis, Tr\u00eas Rios, Tup\u00e3.<\/li>\n\n\n\n<li><strong>BIANCA (14 99844-8848):<\/strong>&nbsp;Adamantina, Barretos, Gar\u00e7a, Jacarezinho, Jaguari\u00fana, Ribeir\u00e3o Claro, Socorro, Votuporanga.<\/li>\n\n\n\n<li><strong>CINTIA (17 99667-1161):&nbsp;<\/strong>Alegrete, Am\u00e9rico Brasiliense, Cachoeiras de Macacu, Corn\u00e9lio Proc\u00f3pio, Esp\u00edrito Santo do Pinhal, Guararapes, Iturama, Ituverava, Juqui\u00e1, Louveira, Mirand\u00f3polis, Ouroeste, Paracambi, Rio Grande da Serra, S\u00e3o Manuel, Serrana, Serop\u00e9dica, Teodoro Sampaio, Vargem Grande do Sul.<\/li>\n\n\n\n<li><strong>EDUARDO (14 99619-8238):<\/strong>&nbsp;Altin\u00f3polis, Alt\u00f4nia, Auriflama,Cajuru, Cambar\u00e1, Chavantes, Duartina, General Carneiro, Ibitinga, Itobi, Jardin\u00f3polis, Leme, Neves Paulista, Nova Odessa, Pinhalzinho, Pinh\u00e3o, Potim, Santa Mariana, Santa Rosa de Viterbo, Santo Ant\u00f4nio de Posse, S\u00e3o Carlos, Sumar\u00e9, Tapiratiba, Tomazina.<\/li>\n\n\n\n<li><strong>GISELE (14 99845-1599):<\/strong>Canan\u00e9ia, Barra Velha, Biritiba Mirim, Brusque, Garuva, Igarat\u00e1, Iguape, Ilhota, Itapo\u00e1, Laguna, Luiz Alves, Mafra, Nazar\u00e9 Paulista, Nova Trento, Paudalho, Penha, Pi\u00e7arras, Rio do Sul, Sales\u00f3polis, S\u00e3o Francisco do Sul, Timb\u00f3.<\/li>\n\n\n\n<li><strong>HISABELA (14 99852-7356):<\/strong>&nbsp;It\u00e1polis, Manduri, Viam\u00e3o .<\/li>\n\n\n\n<li><strong>HISADORA (14 99845-3493):<\/strong>&nbsp;Alvorada, Ara\u00e7atuba, Aruj\u00e1, Avar\u00e9,Bertioga, Boituva, Bragan\u00e7a Paulista, Ca\u00e7apava, Cachoeirinha, Caieiras, Cubat\u00e3o, Embu-Gua\u00e7u, Franco da Rocha, Guaratinguet\u00e1, Itanha\u00e9m, Itapecerica da Serra, Itapetininga, Itapira, Itupeva, Jaboticabal, Ja\u00fa, Len\u00e7\u00f3is Paulista, Lins, Mairipor\u00e3, Mococa, Monte Mor, Osasco, Ourinhos, Paul\u00ednia, Peru\u00edbe, Pindamonhangaba, Pirassununga, Po\u00e1, Ribeir\u00e3o Pires, Salto, Santa B\u00e1rbara d&#8217;Oeste, Santa Cruz do Rio Pardo, Santana de Parna\u00edba, S\u00e3o Roque, Tabo\u00e3o da Serra, Tatu\u00ed, Ubatuba, Valinhos, V\u00e1rzea Paulista.<\/li>\n\n\n\n<li><strong>VAL\u00c9RIA (15 99734-8859):<\/strong>&nbsp;Bebedouro, Birigui, Blumenau, Cafel\u00e2ndia, Cajati, Conchal, Dois Corregos, Francisco Beltr\u00e3o, Guapiara, Ibi\u00fana, Jacare\u00ed, Mat\u00e3o, Passo Fundo, Pilar do Sul, Pirapozinho, Pitangueiras, Potirendaba, Santa Rita do Passa Quatro, Santo Anast\u00e1cio, S\u00e3o Caetano do Sul, S\u00e3o Jorge d&#8217;Oeste, Sarandi, Toledo.<\/li>\n\n\n\n<li><strong>VIT\u00d3RIA (14 99859-5464):<\/strong>&nbsp;Agua\u00ed, Alum\u00ednio, Arapoti, Bariri, Barrinha, Bom Jesus dos Perd\u00f5es, Brotas, Buritama, Cachoeira Paulista, Campo Magro, Casa Branca, Cerqueira C\u00e9sar, Colina, Cruzeiro do Oeste, Descalvado, Goioer\u00ea, Gua\u00edra (PR), Guaratuba, Ibaiti, Ilha Comprida, Itaber\u00e1, Ita\u00ed, Itajobi, Itaperu\u00e7u, Ivaipor\u00e3, Jaguaria\u00edva, Laranjeiras do sul, Lapa, Macatuba, Mandaguari, Miguel\u00f3polis, Monte Apraz\u00edvel, Monte Azul Paulista, Monte Si\u00e3o, Morro Agudo, Navegantes, Novo Horizonte, Orl\u00e2ndia, Ortigueira, Palmas, Palmeira, Pederneiras, Pen\u00e1polis, Pereira Barreto, Pira\u00ed do Sul, Pitanga, Pontal do Paran\u00e1, Prad\u00f3polis, Quitandinha, Regente Feij\u00f3, Reserva, Rio Negro, Santa Cruz das Palmeiras, Santa Terezinha de Itaipu, Santo Ant\u00f4nio de P\u00e1dua, S\u00e3o Mateus do Sul, S\u00e3o Miguel do Igua\u00e7u, S\u00e3o Pedro, S\u00e3o Sim\u00e3o, Sapucaia do Sul, Serra Negra, Taquarituba, Tiet\u00ea, Tr\u00eas Pontas, Uni\u00e3o da Vit\u00f3ria, Viradouro.<\/li>\n<\/ul>\n","protected":false},"excerpt":{"rendered":"","protected":false},"author":1,"featured_media":0,"parent":0,"menu_order":0,"comment_status":"closed","ping_status":"closed","template":"","meta":{"footnotes":""},"class_list":["post-5343","page","type-page","status-publish","hentry"],"_links":{"self":[{"href":"https:\/\/premiolocalbest.com.br\/index.php\/wp-json\/wp\/v2\/pages\/5343","targetHints":{"allow":["GET"]}}],"collection":[{"href":"https:\/\/premiolocalbest.com.br\/index.php\/wp-json\/wp\/v2\/pages"}],"about":[{"href":"https:\/\/premiolocalbest.com.br\/index.php\/wp-json\/wp\/v2\/types\/page"}],"author":[{"embeddable":true,"href":"https:\/\/premiolocalbest.com.br\/index.php\/wp-json\/wp\/v2\/users\/1"}],"replies":[{"embeddable":true,"href":"https:\/\/premiolocalbest.com.br\/index.php\/wp-json\/wp\/v2\/comments?post=5343"}],"version-history":[{"count":9,"href":"https:\/\/premiolocalbest.com.br\/index.php\/wp-json\/wp\/v2\/pages\/5343\/revisions"}],"predecessor-version":[{"id":6328,"href":"https:\/\/premiolocalbest.com.br\/index.php\/wp-json\/wp\/v2\/pages\/5343\/revisions\/6328"}],"wp:attachment":[{"href":"https:\/\/premiolocalbest.com.br\/index.php\/wp-json\/wp\/v2\/media?parent=5343"}],"curies":[{"name":"wp","href":"https:\/\/api.w.org\/{rel}","templated":true}]}}