{"id":5407,"date":"2024-01-15T09:39:23","date_gmt":"2024-01-15T12:39:23","guid":{"rendered":"https:\/\/premiolocalbest.com.br\/?page_id=5407"},"modified":"2025-02-13T07:45:45","modified_gmt":"2025-02-13T10:45:45","slug":"26-988-270-0001-46","status":"publish","type":"page","link":"https:\/\/premiolocalbest.com.br\/index.php\/26-988-270-0001-46\/","title":{"rendered":"Empresa: V\u00ca BARCELOS ESPA\u00c7O DA BELEZA"},"content":{"rendered":"\n<h2 class=\"wp-block-heading\"><strong>Premia\u00e7\u00f5es<\/strong>:<\/h2>\n\n\n\n<p>Ano: 2025<br>Cidade: VIAM\u00c3O &#8211; RS<br>Segmento: SERVI\u00c7O DE DEPILA\u00c7\u00c3O<br>Medalha: OURO<\/p>\n\n\n\n<p><br>Ano: 2024<br>Cidade: VIAM\u00c3O &#8211; RS<br>Segmento: SERVI\u00c7O DE DEPILA\u00c7\u00c3O<br>Medalha: BRONZE<\/p>\n\n\n\n<p>Se voc\u00ea \u00e9 propriet\u00e1rio dessa empresa, saiba como usar esta p\u00e1gina para divulgar as promo\u00e7\u00f5es e outras novidades da sua empresa. Para isso, entre em contato conosco pelo email contato@premiolocalbest.com.br.<\/p>\n","protected":false},"excerpt":{"rendered":"","protected":false},"author":1,"featured_media":0,"parent":0,"menu_order":0,"comment_status":"closed","ping_status":"closed","template":"","meta":{"footnotes":""},"class_list":["post-5407","page","type-page","status-publish","hentry"],"_links":{"self":[{"href":"https:\/\/premiolocalbest.com.br\/index.php\/wp-json\/wp\/v2\/pages\/5407","targetHints":{"allow":["GET"]}}],"collection":[{"href":"https:\/\/premiolocalbest.com.br\/index.php\/wp-json\/wp\/v2\/pages"}],"about":[{"href":"https:\/\/premiolocalbest.com.br\/index.php\/wp-json\/wp\/v2\/types\/page"}],"author":[{"embeddable":true,"href":"https:\/\/premiolocalbest.com.br\/index.php\/wp-json\/wp\/v2\/users\/1"}],"replies":[{"embeddable":true,"href":"https:\/\/premiolocalbest.com.br\/index.php\/wp-json\/wp\/v2\/comments?post=5407"}],"version-history":[{"count":2,"href":"https:\/\/premiolocalbest.com.br\/index.php\/wp-json\/wp\/v2\/pages\/5407\/revisions"}],"predecessor-version":[{"id":10477,"href":"https:\/\/premiolocalbest.com.br\/index.php\/wp-json\/wp\/v2\/pages\/5407\/revisions\/10477"}],"wp:attachment":[{"href":"https:\/\/premiolocalbest.com.br\/index.php\/wp-json\/wp\/v2\/media?parent=5407"}],"curies":[{"name":"wp","href":"https:\/\/api.w.org\/{rel}","templated":true}]}}