{"id":5449,"date":"2024-01-16T14:05:35","date_gmt":"2024-01-16T17:05:35","guid":{"rendered":"https:\/\/premiolocalbest.com.br\/?page_id=5449"},"modified":"2025-02-21T13:39:20","modified_gmt":"2025-02-21T16:39:20","slug":"42-661-682-0001-23","status":"publish","type":"page","link":"https:\/\/premiolocalbest.com.br\/index.php\/42-661-682-0001-23\/","title":{"rendered":"Empresa: LOJA SUPORTE CELL"},"content":{"rendered":"\n<h2 class=\"wp-block-heading\"><strong>Premia\u00e7\u00f5es<\/strong>:<\/h2>\n\n\n\n<p>Ano: 2025<br>Cidade: RIO NEGRO &#8211; PR<br>Segmento: ASSIST\u00caNCIA T\u00c9CNICA DE CELULAR E ACESS\u00d3RIOS<br>Medalha: OURO<\/p>\n\n\n\n<p>Ano: 2024<br>Cidade: RIO NEGRO &#8211; PR<br>Segmento: ASSIST\u00caNCIA T\u00c9CNICA DE CELULAR E ACESS\u00d3RIOS<br>Medalha: OURO<\/p>\n\n\n\n<p>Se voc\u00ea \u00e9 propriet\u00e1rio dessa empresa, saiba como usar esta p\u00e1gina para divulgar as promo\u00e7\u00f5es e outras novidades da sua empresa. Para isso, entre em contato conosco pelo email contato@premiolocalbest.com.br.<\/p>\n","protected":false},"excerpt":{"rendered":"","protected":false},"author":1,"featured_media":0,"parent":0,"menu_order":0,"comment_status":"closed","ping_status":"closed","template":"","meta":{"footnotes":""},"class_list":["post-5449","page","type-page","status-publish","hentry"],"_links":{"self":[{"href":"https:\/\/premiolocalbest.com.br\/index.php\/wp-json\/wp\/v2\/pages\/5449","targetHints":{"allow":["GET"]}}],"collection":[{"href":"https:\/\/premiolocalbest.com.br\/index.php\/wp-json\/wp\/v2\/pages"}],"about":[{"href":"https:\/\/premiolocalbest.com.br\/index.php\/wp-json\/wp\/v2\/types\/page"}],"author":[{"embeddable":true,"href":"https:\/\/premiolocalbest.com.br\/index.php\/wp-json\/wp\/v2\/users\/1"}],"replies":[{"embeddable":true,"href":"https:\/\/premiolocalbest.com.br\/index.php\/wp-json\/wp\/v2\/comments?post=5449"}],"version-history":[{"count":2,"href":"https:\/\/premiolocalbest.com.br\/index.php\/wp-json\/wp\/v2\/pages\/5449\/revisions"}],"predecessor-version":[{"id":10559,"href":"https:\/\/premiolocalbest.com.br\/index.php\/wp-json\/wp\/v2\/pages\/5449\/revisions\/10559"}],"wp:attachment":[{"href":"https:\/\/premiolocalbest.com.br\/index.php\/wp-json\/wp\/v2\/media?parent=5449"}],"curies":[{"name":"wp","href":"https:\/\/api.w.org\/{rel}","templated":true}]}}