{"id":5637,"date":"2024-01-31T12:24:54","date_gmt":"2024-01-31T15:24:54","guid":{"rendered":"https:\/\/premiolocalbest.com.br\/?page_id=5637"},"modified":"2025-02-13T13:57:00","modified_gmt":"2025-02-13T16:57:00","slug":"406-657-348-75","status":"publish","type":"page","link":"https:\/\/premiolocalbest.com.br\/index.php\/406-657-348-75\/","title":{"rendered":"Empresa: ESPA\u00c7O JULIANA JACOMASSI"},"content":{"rendered":"\n<h2 class=\"wp-block-heading\"><strong>Premia\u00e7\u00f5es<\/strong>:<\/h2>\n\n\n\n<p>Ano: 2025<br>Cidade: PORTO FELIZ &#8211; SP<br>Segmento: CL\u00cdNICA DE EST\u00c9TICA E SA\u00daDE<br>Medalha: OURO<\/p>\n\n\n\n<p>Ano: 2024<br>Cidade: PORTO FELIZ &#8211; SP<br>Segmento: CL\u00cdNICA DE EST\u00c9TICA E SA\u00daDE<br>Medalha: OURO<\/p>\n\n\n\n<p>Se voc\u00ea \u00e9 propriet\u00e1rio dessa empresa, saiba como usar esta p\u00e1gina para divulgar as promo\u00e7\u00f5es e outras novidades da sua empresa. Para isso, entre em contato conosco pelo email contato@premiolocalbest.com.br.<\/p>\n","protected":false},"excerpt":{"rendered":"","protected":false},"author":1,"featured_media":0,"parent":0,"menu_order":0,"comment_status":"closed","ping_status":"closed","template":"","meta":{"footnotes":""},"class_list":["post-5637","page","type-page","status-publish","hentry"],"_links":{"self":[{"href":"https:\/\/premiolocalbest.com.br\/index.php\/wp-json\/wp\/v2\/pages\/5637","targetHints":{"allow":["GET"]}}],"collection":[{"href":"https:\/\/premiolocalbest.com.br\/index.php\/wp-json\/wp\/v2\/pages"}],"about":[{"href":"https:\/\/premiolocalbest.com.br\/index.php\/wp-json\/wp\/v2\/types\/page"}],"author":[{"embeddable":true,"href":"https:\/\/premiolocalbest.com.br\/index.php\/wp-json\/wp\/v2\/users\/1"}],"replies":[{"embeddable":true,"href":"https:\/\/premiolocalbest.com.br\/index.php\/wp-json\/wp\/v2\/comments?post=5637"}],"version-history":[{"count":2,"href":"https:\/\/premiolocalbest.com.br\/index.php\/wp-json\/wp\/v2\/pages\/5637\/revisions"}],"predecessor-version":[{"id":10484,"href":"https:\/\/premiolocalbest.com.br\/index.php\/wp-json\/wp\/v2\/pages\/5637\/revisions\/10484"}],"wp:attachment":[{"href":"https:\/\/premiolocalbest.com.br\/index.php\/wp-json\/wp\/v2\/media?parent=5637"}],"curies":[{"name":"wp","href":"https:\/\/api.w.org\/{rel}","templated":true}]}}