{"id":5688,"date":"2024-02-02T17:29:00","date_gmt":"2024-02-02T20:29:00","guid":{"rendered":"https:\/\/premiolocalbest.com.br\/?page_id=5688"},"modified":"2025-02-06T17:57:13","modified_gmt":"2025-02-06T20:57:13","slug":"49-765-726-0001-04","status":"publish","type":"page","link":"https:\/\/premiolocalbest.com.br\/index.php\/49-765-726-0001-04\/","title":{"rendered":"Empresa: MARCENARIA RENOVA\u00c7\u00c3O"},"content":{"rendered":"\n<h2 class=\"wp-block-heading\"><strong>Premia\u00e7\u00f5es<\/strong>:<\/h2>\n\n\n\n<p>Ano: 2025<br>Cidade: ELIAS FAUSTO &#8211; SP<br>Segmento: EMPRESA DE M\u00d3VEIS PLANEJADOS<br>Medalha: OURO<\/p>\n\n\n\n<p>Ano: 2024<br>Cidade: ELIAS FAUSTO &#8211; SP<br>Segmento: EMPRESA DE M\u00d3VEIS PLANEJADOS<br>Medalha: OURO<\/p>\n\n\n\n<p>Se voc\u00ea \u00e9 propriet\u00e1rio dessa empresa, saiba como usar esta p\u00e1gina para divulgar as promo\u00e7\u00f5es e outras novidades da sua empresa. Para isso, entre em contato conosco pelo email contato@premiolocalbest.com.br.<\/p>\n","protected":false},"excerpt":{"rendered":"","protected":false},"author":1,"featured_media":0,"parent":0,"menu_order":0,"comment_status":"closed","ping_status":"closed","template":"","meta":{"footnotes":""},"class_list":["post-5688","page","type-page","status-publish","hentry"],"_links":{"self":[{"href":"https:\/\/premiolocalbest.com.br\/index.php\/wp-json\/wp\/v2\/pages\/5688","targetHints":{"allow":["GET"]}}],"collection":[{"href":"https:\/\/premiolocalbest.com.br\/index.php\/wp-json\/wp\/v2\/pages"}],"about":[{"href":"https:\/\/premiolocalbest.com.br\/index.php\/wp-json\/wp\/v2\/types\/page"}],"author":[{"embeddable":true,"href":"https:\/\/premiolocalbest.com.br\/index.php\/wp-json\/wp\/v2\/users\/1"}],"replies":[{"embeddable":true,"href":"https:\/\/premiolocalbest.com.br\/index.php\/wp-json\/wp\/v2\/comments?post=5688"}],"version-history":[{"count":2,"href":"https:\/\/premiolocalbest.com.br\/index.php\/wp-json\/wp\/v2\/pages\/5688\/revisions"}],"predecessor-version":[{"id":10438,"href":"https:\/\/premiolocalbest.com.br\/index.php\/wp-json\/wp\/v2\/pages\/5688\/revisions\/10438"}],"wp:attachment":[{"href":"https:\/\/premiolocalbest.com.br\/index.php\/wp-json\/wp\/v2\/media?parent=5688"}],"curies":[{"name":"wp","href":"https:\/\/api.w.org\/{rel}","templated":true}]}}