{"id":6265,"date":"2024-03-04T14:13:20","date_gmt":"2024-03-04T17:13:20","guid":{"rendered":"https:\/\/premiolocalbest.com.br\/?page_id=6265"},"modified":"2026-03-02T17:15:09","modified_gmt":"2026-03-02T20:15:09","slug":"53-493-431-0001-01","status":"publish","type":"page","link":"https:\/\/premiolocalbest.com.br\/index.php\/53-493-431-0001-01\/","title":{"rendered":"Empresa: MIG TENNIS"},"content":{"rendered":"\n<h2 class=\"wp-block-heading\"><strong>Premia\u00e7\u00f5es<\/strong>:<\/h2>\n\n\n\n<p>Ano: 2026<br>Cidade: CRAVINHOS &#8211; SP<br>Segmento: LOJA DE CAL\u00c7ADOS<br>Medalha: OURO<\/p>\n\n\n\n<p>Ano: 2025<br>Cidade: CRAVINHOS &#8211; SP<br>Segmento: LOJA DE CAL\u00c7ADOS<br>Medalha: OURO<\/p>\n\n\n\n<p>Ano: 2024<br>Cidade: CRAVINHOS &#8211; SP<br>Segmento: LOJA DE CAL\u00c7ADOS<br>Medalha: OURO<\/p>\n\n\n\n<p>Se voc\u00ea \u00e9 propriet\u00e1rio dessa empresa, saiba como usar esta p\u00e1gina para divulgar as promo\u00e7\u00f5es e outras novidades da sua empresa. Para isso, entre em contato conosco pelo email contato@premiolocalbest.com.br.<\/p>\n","protected":false},"excerpt":{"rendered":"","protected":false},"author":1,"featured_media":0,"parent":0,"menu_order":0,"comment_status":"closed","ping_status":"closed","template":"","meta":{"footnotes":""},"class_list":["post-6265","page","type-page","status-publish","hentry"],"_links":{"self":[{"href":"https:\/\/premiolocalbest.com.br\/index.php\/wp-json\/wp\/v2\/pages\/6265","targetHints":{"allow":["GET"]}}],"collection":[{"href":"https:\/\/premiolocalbest.com.br\/index.php\/wp-json\/wp\/v2\/pages"}],"about":[{"href":"https:\/\/premiolocalbest.com.br\/index.php\/wp-json\/wp\/v2\/types\/page"}],"author":[{"embeddable":true,"href":"https:\/\/premiolocalbest.com.br\/index.php\/wp-json\/wp\/v2\/users\/1"}],"replies":[{"embeddable":true,"href":"https:\/\/premiolocalbest.com.br\/index.php\/wp-json\/wp\/v2\/comments?post=6265"}],"version-history":[{"count":3,"href":"https:\/\/premiolocalbest.com.br\/index.php\/wp-json\/wp\/v2\/pages\/6265\/revisions"}],"predecessor-version":[{"id":12939,"href":"https:\/\/premiolocalbest.com.br\/index.php\/wp-json\/wp\/v2\/pages\/6265\/revisions\/12939"}],"wp:attachment":[{"href":"https:\/\/premiolocalbest.com.br\/index.php\/wp-json\/wp\/v2\/media?parent=6265"}],"curies":[{"name":"wp","href":"https:\/\/api.w.org\/{rel}","templated":true}]}}