{"id":6717,"date":"2024-04-02T09:42:05","date_gmt":"2024-04-02T12:42:05","guid":{"rendered":"https:\/\/premiolocalbest.com.br\/?page_id=6717"},"modified":"2025-04-16T07:46:45","modified_gmt":"2025-04-16T10:46:45","slug":"388-130-318-90","status":"publish","type":"page","link":"https:\/\/premiolocalbest.com.br\/index.php\/388-130-318-90\/","title":{"rendered":"Empresa: ALMEIDA DECORA\u00c7\u00d5ES"},"content":{"rendered":"\n<h2 class=\"wp-block-heading\"><strong>Premia\u00e7\u00f5es<\/strong>:<\/h2>\n\n\n\n<p>Ano: 2025<br>Cidade: SANTA CRUZ DO RIO PARDO &#8211; SP<br>Segmento: SERVI\u00c7O DE DECORA\u00c7\u00c3O DE FESTA INFANTIL<br>Medalha: OURO<\/p>\n\n\n\n<p>Ano: 2024<br>Cidade: SANTA CRUZ DO RIO PARDO &#8211; SP<br>Segmento: EMPRESA DE LOCA\u00c7\u00c3O DE BRINQUEDOS<br>Medalha: OURO<\/p>\n\n\n\n<p>Se voc\u00ea \u00e9 propriet\u00e1rio dessa empresa, saiba como usar esta p\u00e1gina para divulgar as promo\u00e7\u00f5es e outras novidades da sua empresa. Para isso, entre em contato conosco pelo email contato@premiolocalbest.com.br.<\/p>\n","protected":false},"excerpt":{"rendered":"","protected":false},"author":1,"featured_media":0,"parent":0,"menu_order":0,"comment_status":"closed","ping_status":"closed","template":"","meta":{"footnotes":""},"class_list":["post-6717","page","type-page","status-publish","hentry"],"_links":{"self":[{"href":"https:\/\/premiolocalbest.com.br\/index.php\/wp-json\/wp\/v2\/pages\/6717","targetHints":{"allow":["GET"]}}],"collection":[{"href":"https:\/\/premiolocalbest.com.br\/index.php\/wp-json\/wp\/v2\/pages"}],"about":[{"href":"https:\/\/premiolocalbest.com.br\/index.php\/wp-json\/wp\/v2\/types\/page"}],"author":[{"embeddable":true,"href":"https:\/\/premiolocalbest.com.br\/index.php\/wp-json\/wp\/v2\/users\/1"}],"replies":[{"embeddable":true,"href":"https:\/\/premiolocalbest.com.br\/index.php\/wp-json\/wp\/v2\/comments?post=6717"}],"version-history":[{"count":3,"href":"https:\/\/premiolocalbest.com.br\/index.php\/wp-json\/wp\/v2\/pages\/6717\/revisions"}],"predecessor-version":[{"id":10915,"href":"https:\/\/premiolocalbest.com.br\/index.php\/wp-json\/wp\/v2\/pages\/6717\/revisions\/10915"}],"wp:attachment":[{"href":"https:\/\/premiolocalbest.com.br\/index.php\/wp-json\/wp\/v2\/media?parent=6717"}],"curies":[{"name":"wp","href":"https:\/\/api.w.org\/{rel}","templated":true}]}}