{"id":6947,"date":"2024-04-17T09:19:30","date_gmt":"2024-04-17T12:19:30","guid":{"rendered":"https:\/\/premiolocalbest.com.br\/?page_id=6947"},"modified":"2024-04-17T09:19:30","modified_gmt":"2024-04-17T12:19:30","slug":"368-766-088-59","status":"publish","type":"page","link":"https:\/\/premiolocalbest.com.br\/index.php\/368-766-088-59\/","title":{"rendered":"Empresa: FISIOPOSTURAL"},"content":{"rendered":"\n<h2 class=\"wp-block-heading\"><strong>Premia\u00e7\u00f5es<\/strong>:<\/h2>\n\n\n\n<p>Ano: 2024<br>Cidade: REGISTRO &#8211; SP<br>Segmento: EST\u00daDIO DE PILATES<br>Medalha: OURO<\/p>\n\n\n\n<p>Se voc\u00ea \u00e9 propriet\u00e1rio dessa empresa, saiba como usar esta p\u00e1gina para divulgar as promo\u00e7\u00f5es e outras novidades da sua empresa. Para isso, entre em contato conosco pelo email contato@premiolocalbest.com.br.<\/p>\n","protected":false},"excerpt":{"rendered":"","protected":false},"author":1,"featured_media":0,"parent":0,"menu_order":0,"comment_status":"closed","ping_status":"closed","template":"","meta":{"footnotes":""},"class_list":["post-6947","page","type-page","status-publish","hentry"],"_links":{"self":[{"href":"https:\/\/premiolocalbest.com.br\/index.php\/wp-json\/wp\/v2\/pages\/6947","targetHints":{"allow":["GET"]}}],"collection":[{"href":"https:\/\/premiolocalbest.com.br\/index.php\/wp-json\/wp\/v2\/pages"}],"about":[{"href":"https:\/\/premiolocalbest.com.br\/index.php\/wp-json\/wp\/v2\/types\/page"}],"author":[{"embeddable":true,"href":"https:\/\/premiolocalbest.com.br\/index.php\/wp-json\/wp\/v2\/users\/1"}],"replies":[{"embeddable":true,"href":"https:\/\/premiolocalbest.com.br\/index.php\/wp-json\/wp\/v2\/comments?post=6947"}],"version-history":[{"count":1,"href":"https:\/\/premiolocalbest.com.br\/index.php\/wp-json\/wp\/v2\/pages\/6947\/revisions"}],"predecessor-version":[{"id":6948,"href":"https:\/\/premiolocalbest.com.br\/index.php\/wp-json\/wp\/v2\/pages\/6947\/revisions\/6948"}],"wp:attachment":[{"href":"https:\/\/premiolocalbest.com.br\/index.php\/wp-json\/wp\/v2\/media?parent=6947"}],"curies":[{"name":"wp","href":"https:\/\/api.w.org\/{rel}","templated":true}]}}