{"id":7026,"date":"2024-04-22T13:25:08","date_gmt":"2024-04-22T16:25:08","guid":{"rendered":"https:\/\/premiolocalbest.com.br\/?page_id=7026"},"modified":"2025-04-14T14:27:08","modified_gmt":"2025-04-14T17:27:08","slug":"119-497-039-75","status":"publish","type":"page","link":"https:\/\/premiolocalbest.com.br\/index.php\/119-497-039-75\/","title":{"rendered":"Empresa: INGETETTO ENGENHARIA E ARQUITETURA"},"content":{"rendered":"\n<h2 class=\"wp-block-heading\"><strong>Premia\u00e7\u00f5es<\/strong>:<\/h2>\n\n\n\n<p>Ano: 2025<br>Cidade: JACAREZINHO &#8211; PR<br>Segmento: ESCRIT\u00d3RIO DE ARQUITETURA<br>Medalha: OURO<\/p>\n\n\n\n<p>Ano: 2024<br>Cidade: JACAREZINHO &#8211; PR<br>Segmento: ESCRIT\u00d3RIO DE ARQUITETURA<br>Medalha: OURO<\/p>\n\n\n\n<p>Se voc\u00ea \u00e9 propriet\u00e1rio dessa empresa, saiba como usar esta p\u00e1gina para divulgar as promo\u00e7\u00f5es e outras novidades da sua empresa. Para isso, entre em contato conosco pelo email contato@premiolocalbest.com.br.<\/p>\n","protected":false},"excerpt":{"rendered":"","protected":false},"author":1,"featured_media":0,"parent":0,"menu_order":0,"comment_status":"closed","ping_status":"closed","template":"","meta":{"footnotes":""},"class_list":["post-7026","page","type-page","status-publish","hentry"],"_links":{"self":[{"href":"https:\/\/premiolocalbest.com.br\/index.php\/wp-json\/wp\/v2\/pages\/7026","targetHints":{"allow":["GET"]}}],"collection":[{"href":"https:\/\/premiolocalbest.com.br\/index.php\/wp-json\/wp\/v2\/pages"}],"about":[{"href":"https:\/\/premiolocalbest.com.br\/index.php\/wp-json\/wp\/v2\/types\/page"}],"author":[{"embeddable":true,"href":"https:\/\/premiolocalbest.com.br\/index.php\/wp-json\/wp\/v2\/users\/1"}],"replies":[{"embeddable":true,"href":"https:\/\/premiolocalbest.com.br\/index.php\/wp-json\/wp\/v2\/comments?post=7026"}],"version-history":[{"count":2,"href":"https:\/\/premiolocalbest.com.br\/index.php\/wp-json\/wp\/v2\/pages\/7026\/revisions"}],"predecessor-version":[{"id":10864,"href":"https:\/\/premiolocalbest.com.br\/index.php\/wp-json\/wp\/v2\/pages\/7026\/revisions\/10864"}],"wp:attachment":[{"href":"https:\/\/premiolocalbest.com.br\/index.php\/wp-json\/wp\/v2\/media?parent=7026"}],"curies":[{"name":"wp","href":"https:\/\/api.w.org\/{rel}","templated":true}]}}