{"id":7186,"date":"2024-05-03T17:25:50","date_gmt":"2024-05-03T20:25:50","guid":{"rendered":"https:\/\/premiolocalbest.com.br\/?page_id=7186"},"modified":"2025-05-07T09:16:07","modified_gmt":"2025-05-07T12:16:07","slug":"50-984-635-0001-49","status":"publish","type":"page","link":"https:\/\/premiolocalbest.com.br\/index.php\/50-984-635-0001-49\/","title":{"rendered":"Empresa: CHAR\u00c1 MEC\u00c2NICA AUTOMOTIVA"},"content":{"rendered":"\n<h2 class=\"wp-block-heading\"><strong>Premia\u00e7\u00f5es<\/strong>:<\/h2>\n\n\n\n<p>Ano: 2025<br>Cidade: MAIRINQUE &#8211; SP<br>Segmento: OFICINA MEC\u00c2NICA DE AUTOM\u00d3VEIS<br>Medalha: OURO<\/p>\n\n\n\n<p>Ano: 2024<br>Cidade: MAIRINQUE &#8211; SP<br>Segmento: OFICINA MEC\u00c2NICA DE AUTOM\u00d3VEIS<br>Medalha: OURO<\/p>\n\n\n\n<p>Se voc\u00ea \u00e9 propriet\u00e1rio dessa empresa, saiba como usar esta p\u00e1gina para divulgar as promo\u00e7\u00f5es e outras novidades da sua empresa. Para isso, entre em contato conosco pelo email contato@premiolocalbest.com.br.<\/p>\n","protected":false},"excerpt":{"rendered":"","protected":false},"author":1,"featured_media":0,"parent":0,"menu_order":0,"comment_status":"closed","ping_status":"closed","template":"","meta":{"footnotes":""},"class_list":["post-7186","page","type-page","status-publish","hentry"],"_links":{"self":[{"href":"https:\/\/premiolocalbest.com.br\/index.php\/wp-json\/wp\/v2\/pages\/7186","targetHints":{"allow":["GET"]}}],"collection":[{"href":"https:\/\/premiolocalbest.com.br\/index.php\/wp-json\/wp\/v2\/pages"}],"about":[{"href":"https:\/\/premiolocalbest.com.br\/index.php\/wp-json\/wp\/v2\/types\/page"}],"author":[{"embeddable":true,"href":"https:\/\/premiolocalbest.com.br\/index.php\/wp-json\/wp\/v2\/users\/1"}],"replies":[{"embeddable":true,"href":"https:\/\/premiolocalbest.com.br\/index.php\/wp-json\/wp\/v2\/comments?post=7186"}],"version-history":[{"count":2,"href":"https:\/\/premiolocalbest.com.br\/index.php\/wp-json\/wp\/v2\/pages\/7186\/revisions"}],"predecessor-version":[{"id":11094,"href":"https:\/\/premiolocalbest.com.br\/index.php\/wp-json\/wp\/v2\/pages\/7186\/revisions\/11094"}],"wp:attachment":[{"href":"https:\/\/premiolocalbest.com.br\/index.php\/wp-json\/wp\/v2\/media?parent=7186"}],"curies":[{"name":"wp","href":"https:\/\/api.w.org\/{rel}","templated":true}]}}