{"id":7329,"date":"2024-05-14T10:24:48","date_gmt":"2024-05-14T13:24:48","guid":{"rendered":"https:\/\/premiolocalbest.com.br\/?page_id=7329"},"modified":"2024-05-14T10:24:48","modified_gmt":"2024-05-14T13:24:48","slug":"premio-localbest-campo-largo-pr-2024","status":"publish","type":"page","link":"https:\/\/premiolocalbest.com.br\/index.php\/premio-localbest-campo-largo-pr-2024\/","title":{"rendered":"Pr\u00eamio LocalBest CAMPO LARGO &#8211; PR 2024"},"content":{"rendered":"\n<h3 class=\"wp-block-heading\">Mostre para o p\u00fablico que sua empresa foi eleita entre as melhores da cidade!<\/h3>\n\n\n\n<p><\/p>\n\n\n\n<div class=\"wp-block-media-text alignwide is-stacked-on-mobile is-vertically-aligned-center\"><figure class=\"wp-block-media-text__media\"><img fetchpriority=\"high\" decoding=\"async\" width=\"1020\" height=\"1024\" src=\"https:\/\/premiolocalbest.com.br\/wp-content\/uploads\/2024\/01\/localbest-moca-bonita-apontando-placas-2024_quadrada-1020x1024.png\" alt=\"\" class=\"wp-image-5311 size-full\" srcset=\"https:\/\/premiolocalbest.com.br\/wp-content\/uploads\/2024\/01\/localbest-moca-bonita-apontando-placas-2024_quadrada-1020x1024.png 1020w, https:\/\/premiolocalbest.com.br\/wp-content\/uploads\/2024\/01\/localbest-moca-bonita-apontando-placas-2024_quadrada-300x300.png 300w, https:\/\/premiolocalbest.com.br\/wp-content\/uploads\/2024\/01\/localbest-moca-bonita-apontando-placas-2024_quadrada-150x150.png 150w, https:\/\/premiolocalbest.com.br\/wp-content\/uploads\/2024\/01\/localbest-moca-bonita-apontando-placas-2024_quadrada-768x771.png 768w, https:\/\/premiolocalbest.com.br\/wp-content\/uploads\/2024\/01\/localbest-moca-bonita-apontando-placas-2024_quadrada-1530x1536.png 1530w, https:\/\/premiolocalbest.com.br\/wp-content\/uploads\/2024\/01\/localbest-moca-bonita-apontando-placas-2024_quadrada-2040x2048.png 2040w\" sizes=\"(max-width: 1020px) 100vw, 1020px\" \/><\/figure><div class=\"wp-block-media-text__content\">\n<p class=\"has-medium-font-size\"><mark style=\"background-color:rgba(0, 0, 0, 0);color:#e2506c\" class=\"has-inline-color\"><strong>1) PLACA PERSONALIZADA + 4 ADESIVOS: R$260 no cart\u00e3o ou R$247,00 \u00e0 vista no pix (vendas at\u00e9 28\/05\/2024).<\/strong><\/mark><br>Placa de acr\u00edlico (20x30cm) com impress\u00e3o HD da imagem de nossa <strong>exclusiva medalha Ouro, Prata ou Bronze<\/strong>, <strong>personalizada com o nome e o segmento comercial<\/strong> da sua empresa, para ser usado de p\u00e9, como trof\u00e9u, ou fixado na parede + <strong>quatro adesivos<\/strong>\u00a0(14x16cm) para colocar na vitrine, na porta e em outros locais de destaque de sua empresa. Receba em at\u00e9 45 dias no distribuidor de sua cidade. <\/p>\n<\/div><\/div>\n\n\n\n<div class=\"wp-block-media-text alignwide is-stacked-on-mobile\"><figure class=\"wp-block-media-text__media\"><img decoding=\"async\" width=\"1020\" height=\"1020\" src=\"https:\/\/premiolocalbest.com.br\/wp-content\/uploads\/2024\/01\/localbest-kit-completo-pag-vendas-1.png\" alt=\"\" class=\"wp-image-5309 size-full\" srcset=\"https:\/\/premiolocalbest.com.br\/wp-content\/uploads\/2024\/01\/localbest-kit-completo-pag-vendas-1.png 1020w, https:\/\/premiolocalbest.com.br\/wp-content\/uploads\/2024\/01\/localbest-kit-completo-pag-vendas-1-300x300.png 300w, https:\/\/premiolocalbest.com.br\/wp-content\/uploads\/2024\/01\/localbest-kit-completo-pag-vendas-1-150x150.png 150w, https:\/\/premiolocalbest.com.br\/wp-content\/uploads\/2024\/01\/localbest-kit-completo-pag-vendas-1-768x768.png 768w, https:\/\/premiolocalbest.com.br\/wp-content\/uploads\/2024\/01\/localbest-kit-completo-pag-vendas-1-500x500.png 500w, https:\/\/premiolocalbest.com.br\/wp-content\/uploads\/2024\/01\/localbest-kit-completo-pag-vendas-1-400x400.png 400w\" sizes=\"(max-width: 1020px) 100vw, 1020px\" \/><\/figure><div class=\"wp-block-media-text__content\">\n<p class=\"has-medium-font-size\"><strong><mark style=\"background-color:rgba(0, 0, 0, 0);color:#e2506c\" class=\"has-inline-color\">2) KIT COMPLETO = PLACA PERSONALIZADA + 4 ADESIVOS DIPLOMA PDF (20X30CM): R$297,00 no cart\u00e3o ou R$282,00 \u00e0 vista no pix (vendas at\u00e9 28\/05\/2024).<\/mark><\/strong><br>Todos os itens do pacote 1 + Diploma em arquivo PDF em formato A4 (20x30cm), com qualidade para impress\u00e3o em 300 dpi. Receba o diploma em at\u00e9 48 horas para imprimir na gr\u00e1fica de sua prefer\u00eancia e receba a placa personalizada e os 4 adesivos em at\u00e9 45 dias no distribuidor de sua cidade.<\/p>\n<\/div><\/div>\n\n\n\n<p class=\"has-medium-font-size\"><\/p>\n\n\n\n<div class=\"wp-block-media-text alignwide is-stacked-on-mobile\"><figure class=\"wp-block-media-text__media\"><img decoding=\"async\" width=\"1024\" height=\"1024\" src=\"https:\/\/premiolocalbest.com.br\/wp-content\/uploads\/2024\/01\/localbest-pag-vendas-qr-code-2-1024x1024.png\" alt=\"\" class=\"wp-image-5327 size-full\" srcset=\"https:\/\/premiolocalbest.com.br\/wp-content\/uploads\/2024\/01\/localbest-pag-vendas-qr-code-2-1024x1024.png 1024w, https:\/\/premiolocalbest.com.br\/wp-content\/uploads\/2024\/01\/localbest-pag-vendas-qr-code-2-300x300.png 300w, https:\/\/premiolocalbest.com.br\/wp-content\/uploads\/2024\/01\/localbest-pag-vendas-qr-code-2-150x150.png 150w, https:\/\/premiolocalbest.com.br\/wp-content\/uploads\/2024\/01\/localbest-pag-vendas-qr-code-2-768x768.png 768w, https:\/\/premiolocalbest.com.br\/wp-content\/uploads\/2024\/01\/localbest-pag-vendas-qr-code-2-500x500.png 500w, https:\/\/premiolocalbest.com.br\/wp-content\/uploads\/2024\/01\/localbest-pag-vendas-qr-code-2-400x400.png 400w, https:\/\/premiolocalbest.com.br\/wp-content\/uploads\/2024\/01\/localbest-pag-vendas-qr-code-2-1536x1536.png 1536w, https:\/\/premiolocalbest.com.br\/wp-content\/uploads\/2024\/01\/localbest-pag-vendas-qr-code-2.png 2000w\" sizes=\"(max-width: 1024px) 100vw, 1024px\" \/><\/figure><div class=\"wp-block-media-text__content\">\n<p class=\"has-medium-font-size\"><strong>QR CODE MULTIFUNCIONAL<\/strong> <br>As placas em acr\u00edlico personalizadas e os diplomas (pdf) da LocalBest possuem um exclusivo QR CODE individual para cada empresa. Ao apontar com o celular para o QR CODE, o consumidor tem acesso a uma p\u00e1gina exclusiva da empresa dentro do site da LocalBest. Al\u00e9m de comprovar a legitimidade do pr\u00eamio, essa p\u00e1gina \u00e9 um espa\u00e7o perfeito para a empresa divulgar suas promo\u00e7\u00f5es e novidades.<\/p>\n<\/div><\/div>\n\n\n\n<p><\/p>\n\n\n\n<h4 class=\"wp-block-heading\"><em><strong>Fa\u00e7a a sua escolha<\/strong>&#8230;<\/em><\/h4>\n\n\n\n<p><mark style=\"background-color:rgba(0, 0, 0, 0);color:#e2506c\" class=\"has-inline-color\"><strong>1) PLACA PERSONALIZADA: R$260 no cart\u00e3o ou R$247 \u00e0 vista no pix. <strong>Receba em at\u00e9 45 dias no distribuidor de sua cidade.<\/strong><br>2) KIT COMPLETO: R$297 no cart\u00e3o ou R$282 \u00e0 vista no pix. Receba a placa em at\u00e9 45 dias no distribuidor de sua cidade e o diploma (pdf) em at\u00e9 48 horas pelo whatsapp.<\/strong><\/mark><\/p>\n\n\n\n<h4 class=\"wp-block-heading\"><strong><em>&#8230; e encomende AGORA!<\/em><\/strong><\/h4>\n\n\n\n<p><strong>&gt;&gt;<\/strong> <strong>Fa\u00e7a o pagamento via chave PIX CNPJ: <strong>18.073.675\/0001-26 ou clique aqui para pagar o kit completo no cart\u00e3o de cr\u00e9dito.<\/strong><\/strong>  <br>Link para adquirir o KIt Completo parcelado no cart\u00e3o de cr\u00e9dito: <\/p>\n\n\n\n<p><a href=\"https:\/\/bit.ly\/KITCOMPLETO2024\" data-type=\"URL\" data-id=\"https:\/\/bit.ly\/KITCOMPLETO2024\">https:\/\/bit.ly\/KITCOMPLETO2024<\/a><\/p>\n\n\n\n<p>&gt;&gt;<strong> Envie uma imagem do comprovante do pix<\/strong> junto com o nome e o CNPJ da sua empresa (ou seu CPF se preferir) para o WhatsApp (14) 99891-1637 com Beatriz Rodrigues. No caso de pagamento por <strong>cart\u00e3o de cr\u00e9dito<\/strong>, o Mercado Pago fornece um comprovante com o N\u00famero da Opera\u00e7\u00e3o no ato do pagamento. Voc\u00ea pode nos <strong>enviar para o mesmo whatsapp acima o print desse comprovante ou o pr\u00f3prio N\u00famero da Opera\u00e7\u00e3o<\/strong> para que possamos identificar o seu pagamento.<br><strong>&gt;&gt;<\/strong> O kit com a placa com o diploma de sua empresa e os quatro selos adesivos (R$297) poder\u00e3o ser <strong>retirados em nosso distribuidor <\/strong>de sua cidade em m\u00e9dia <strong>45 dias ap\u00f3s o fechamento do lote da cidade<\/strong>. Esse prazo pode variar em fun\u00e7\u00e3o da transportadora que atenda a sua cidade. A partir da comprova\u00e7\u00e3o do pagamento, sua empresa j\u00e1 poder\u00e1 utilizar a <strong>propaganda semanal<\/strong> no grupo de vota\u00e7\u00e3o de sua cidade no Facebook.<br><strong>&gt;&gt;<\/strong> O <strong>Diploma<\/strong> em arquivo PDF ser\u00e1 enviado no seu whatsapp at\u00e9 <strong>48 horas ap\u00f3s a identifica\u00e7\u00e3o do pagamento<\/strong>. <\/p>\n\n\n\n<p><\/p>\n\n\n\n<p>Aten\u00e7\u00e3o: Fa\u00e7a o pagamento apenas pelas op\u00e7\u00f5es indicadas acima. Ningu\u00e9m est\u00e1 autorizado a receber o pagamento de sua empresa pessoalmente ou atrav\u00e9s de outras contas banc\u00e1rias ou outras chaves PIX. Para assegurar a seguran\u00e7a da premia\u00e7\u00e3o, o nome da sua empresa no diploma ser\u00e1 impresso como consta no resultado da premia\u00e7\u00e3o, publicado no grupo de vota\u00e7\u00e3o de sua cidade no Facebook. <\/p>\n\n\n\n<p>O LocalBest nasceu no bairro do Morumbi em S\u00e3o Paulo em 2004 e hoje \u00e9 realizado em mais de 350 cidades de 12 estados do Brasil. <strong>A premia\u00e7\u00e3o e sua medalha exclusiva est\u00e3o protegidas pelo INPI e apenas esta premia\u00e7\u00e3o tem autoriza\u00e7\u00e3o para utiliz\u00e1-las e para oferecer a medalha \u00e0s empresas vencedoras.<\/strong> Confira em nosso site: <strong><a href=\"http:\/\/premiolocalbest.com.br\/\">www.premiolocalbest.com.br<\/a><\/strong><\/p>\n\n\n\n<p><strong>Equipe LocalBest<\/strong><\/p>\n\n\n\n<p><strong>Celular\/Whatsapp:<strong><strong>(14) 99891-1637 com Beatriz Rodrigues<\/strong>.<\/strong><br>contato@premiolocalbest.com.br<\/strong><\/p>\n\n\n\n<p><\/p>\n","protected":false},"excerpt":{"rendered":"","protected":false},"author":1,"featured_media":0,"parent":0,"menu_order":0,"comment_status":"closed","ping_status":"closed","template":"","meta":{"footnotes":""},"class_list":["post-7329","page","type-page","status-publish","hentry"],"_links":{"self":[{"href":"https:\/\/premiolocalbest.com.br\/index.php\/wp-json\/wp\/v2\/pages\/7329","targetHints":{"allow":["GET"]}}],"collection":[{"href":"https:\/\/premiolocalbest.com.br\/index.php\/wp-json\/wp\/v2\/pages"}],"about":[{"href":"https:\/\/premiolocalbest.com.br\/index.php\/wp-json\/wp\/v2\/types\/page"}],"author":[{"embeddable":true,"href":"https:\/\/premiolocalbest.com.br\/index.php\/wp-json\/wp\/v2\/users\/1"}],"replies":[{"embeddable":true,"href":"https:\/\/premiolocalbest.com.br\/index.php\/wp-json\/wp\/v2\/comments?post=7329"}],"version-history":[{"count":1,"href":"https:\/\/premiolocalbest.com.br\/index.php\/wp-json\/wp\/v2\/pages\/7329\/revisions"}],"predecessor-version":[{"id":7330,"href":"https:\/\/premiolocalbest.com.br\/index.php\/wp-json\/wp\/v2\/pages\/7329\/revisions\/7330"}],"wp:attachment":[{"href":"https:\/\/premiolocalbest.com.br\/index.php\/wp-json\/wp\/v2\/media?parent=7329"}],"curies":[{"name":"wp","href":"https:\/\/api.w.org\/{rel}","templated":true}]}}