{"id":7884,"date":"2024-07-01T09:30:28","date_gmt":"2024-07-01T12:30:28","guid":{"rendered":"https:\/\/premiolocalbest.com.br\/?page_id=7884"},"modified":"2025-07-04T14:54:44","modified_gmt":"2025-07-04T17:54:44","slug":"15-153-327-0001-70","status":"publish","type":"page","link":"https:\/\/premiolocalbest.com.br\/index.php\/15-153-327-0001-70\/","title":{"rendered":"Empresa: AUTO ESCOLA PREMIER"},"content":{"rendered":"\n<h2 class=\"wp-block-heading\"><strong>Premia\u00e7\u00f5es<\/strong>:<\/h2>\n\n\n\n<p>Ano: 2025<br>Cidade: NOVA FRIBURGO &#8211; RJ<br>Segmento: AUTO ESCOLA<br>Medalha: BRONZE<\/p>\n\n\n\n<p>Ano: 2024<br>Cidade: NOVA FRIBURGO &#8211; RJ<br>Segmento: AUTO ESCOLA<br>Medalha: BRONZE<\/p>\n\n\n\n<p>Se voc\u00ea \u00e9 propriet\u00e1rio dessa empresa, saiba como usar esta p\u00e1gina para divulgar as promo\u00e7\u00f5es e outras novidades da sua empresa. Para isso, entre em contato conosco pelo email contato@premiolocalbest.com.br.<\/p>\n","protected":false},"excerpt":{"rendered":"","protected":false},"author":1,"featured_media":0,"parent":0,"menu_order":0,"comment_status":"closed","ping_status":"closed","template":"","meta":{"footnotes":""},"class_list":["post-7884","page","type-page","status-publish","hentry"],"_links":{"self":[{"href":"https:\/\/premiolocalbest.com.br\/index.php\/wp-json\/wp\/v2\/pages\/7884","targetHints":{"allow":["GET"]}}],"collection":[{"href":"https:\/\/premiolocalbest.com.br\/index.php\/wp-json\/wp\/v2\/pages"}],"about":[{"href":"https:\/\/premiolocalbest.com.br\/index.php\/wp-json\/wp\/v2\/types\/page"}],"author":[{"embeddable":true,"href":"https:\/\/premiolocalbest.com.br\/index.php\/wp-json\/wp\/v2\/users\/1"}],"replies":[{"embeddable":true,"href":"https:\/\/premiolocalbest.com.br\/index.php\/wp-json\/wp\/v2\/comments?post=7884"}],"version-history":[{"count":2,"href":"https:\/\/premiolocalbest.com.br\/index.php\/wp-json\/wp\/v2\/pages\/7884\/revisions"}],"predecessor-version":[{"id":11490,"href":"https:\/\/premiolocalbest.com.br\/index.php\/wp-json\/wp\/v2\/pages\/7884\/revisions\/11490"}],"wp:attachment":[{"href":"https:\/\/premiolocalbest.com.br\/index.php\/wp-json\/wp\/v2\/media?parent=7884"}],"curies":[{"name":"wp","href":"https:\/\/api.w.org\/{rel}","templated":true}]}}