{"id":7949,"date":"2024-07-01T14:32:33","date_gmt":"2024-07-01T17:32:33","guid":{"rendered":"https:\/\/premiolocalbest.com.br\/?page_id=7949"},"modified":"2025-06-25T15:23:12","modified_gmt":"2025-06-25T18:23:12","slug":"27-681-578-0001-07","status":"publish","type":"page","link":"https:\/\/premiolocalbest.com.br\/index.php\/27-681-578-0001-07\/","title":{"rendered":"Empresa: BARBEARIA DO CADU"},"content":{"rendered":"\n<h2 class=\"wp-block-heading\"><strong>Premia\u00e7\u00f5es<\/strong>:<\/h2>\n\n\n\n<p>Ano: 2025<br>Cidade: LEN\u00c7\u00d3IS PAULISTA &#8211; SP<br>Segmento: BARBEARIA<br>Medalha: OURO<\/p>\n\n\n\n<p>Ano: 2024<br>Cidade: LEN\u00c7\u00d3IS PAULISTA &#8211; SP<br>Segmento: BARBEARIA<br>Medalha: OURO<\/p>\n\n\n\n<p>Se voc\u00ea \u00e9 propriet\u00e1rio dessa empresa, saiba como usar esta p\u00e1gina para divulgar as promo\u00e7\u00f5es e outras novidades da sua empresa. Para isso, entre em contato conosco pelo email contato@premiolocalbest.com.br.<\/p>\n","protected":false},"excerpt":{"rendered":"","protected":false},"author":1,"featured_media":0,"parent":0,"menu_order":0,"comment_status":"closed","ping_status":"closed","template":"","meta":{"footnotes":""},"class_list":["post-7949","page","type-page","status-publish","hentry"],"_links":{"self":[{"href":"https:\/\/premiolocalbest.com.br\/index.php\/wp-json\/wp\/v2\/pages\/7949","targetHints":{"allow":["GET"]}}],"collection":[{"href":"https:\/\/premiolocalbest.com.br\/index.php\/wp-json\/wp\/v2\/pages"}],"about":[{"href":"https:\/\/premiolocalbest.com.br\/index.php\/wp-json\/wp\/v2\/types\/page"}],"author":[{"embeddable":true,"href":"https:\/\/premiolocalbest.com.br\/index.php\/wp-json\/wp\/v2\/users\/1"}],"replies":[{"embeddable":true,"href":"https:\/\/premiolocalbest.com.br\/index.php\/wp-json\/wp\/v2\/comments?post=7949"}],"version-history":[{"count":2,"href":"https:\/\/premiolocalbest.com.br\/index.php\/wp-json\/wp\/v2\/pages\/7949\/revisions"}],"predecessor-version":[{"id":11441,"href":"https:\/\/premiolocalbest.com.br\/index.php\/wp-json\/wp\/v2\/pages\/7949\/revisions\/11441"}],"wp:attachment":[{"href":"https:\/\/premiolocalbest.com.br\/index.php\/wp-json\/wp\/v2\/media?parent=7949"}],"curies":[{"name":"wp","href":"https:\/\/api.w.org\/{rel}","templated":true}]}}