{"id":8,"date":"2018-07-16T15:59:31","date_gmt":"2018-07-16T15:59:31","guid":{"rendered":"http:\/\/premiolocalbest.com.br\/?page_id=8"},"modified":"2024-02-13T14:18:15","modified_gmt":"2024-02-13T17:18:15","slug":"home","status":"publish","type":"page","link":"https:\/\/premiolocalbest.com.br\/","title":{"rendered":"HOME"},"content":{"rendered":"\n<div class=\"wp-block-group\"><div class=\"wp-block-group__inner-container is-layout-constrained wp-block-group-is-layout-constrained\">\n<p><img fetchpriority=\"high\" decoding=\"async\" class=\"wp-image-5839 alignright\" src=\"https:\/\/premiolocalbest.com.br\/wp-content\/uploads\/2024\/02\/localbest-apenas-diplomas-base-para-tudo.png\" alt=\"\" width=\"358\" height=\"310\">Seja bem-vindo ao site da maior premia\u00e7\u00e3o empresarial do Brasil!<br>O Pr\u00eamio LocalBest nasceu em 2004 como uma premia\u00e7\u00e3o espec\u00edfica para o bairro do Morumbi, na capital paulista. A partir de 2017, come\u00e7amos a levar nossa premia\u00e7\u00e3o a munic\u00edpios do interior do estado de S\u00e3o Paulo. <br>Em 2023, alcan\u00e7amos mais de 350 munic\u00edpios em 12 estados do Brasil. Sempre dando voz ao p\u00fablico, para que ele possa eleger, de forma direta e transparente, as melhores empresas e profissionais de suas cidades.<br>Nosso objetivo \u00e9 fortalecer o com\u00e9rcio local, disseminando reconhecimento e gratid\u00e3o.<br>Para consultar o resultado da premia\u00e7\u00e3o em sua cidade, acesse a p\u00e1gina <a href=\"https:\/\/premiolocalbest.com.br\/index.php\/category\/resultados\/\"><span style=\"color: #003366;\"><strong>Resultados<\/strong><\/span><\/a> e busque seu munic\u00edpio&nbsp; clicando numa das duas buscas dispon\u00edveis: filtrando pelo local ou digitando o nome do munic\u00edpio.<br>Se quiser visitar as p\u00e1ginas das empresas vencedoras com espa\u00e7o de divulga\u00e7\u00e3o exclusivo dentro do nosso site, acesse a p\u00e1gina <a href=\"https:\/\/premiolocalbest.com.br\/index.php\/category\/empresas-em-destaque\/\"><span style=\"color: #003366;\"><strong>Empresas em Destaque<\/strong><\/span><\/a>, onde voc\u00ea tamb\u00e9m pode filtrar pela localiza\u00e7\u00e3o ou digitando o nome da empresa.<\/p>\n<\/div><\/div>\n","protected":false},"excerpt":{"rendered":"","protected":false},"author":1,"featured_media":0,"parent":0,"menu_order":0,"comment_status":"closed","ping_status":"closed","template":"","meta":{"footnotes":""},"class_list":["post-8","page","type-page","status-publish","hentry"],"_links":{"self":[{"href":"https:\/\/premiolocalbest.com.br\/index.php\/wp-json\/wp\/v2\/pages\/8","targetHints":{"allow":["GET"]}}],"collection":[{"href":"https:\/\/premiolocalbest.com.br\/index.php\/wp-json\/wp\/v2\/pages"}],"about":[{"href":"https:\/\/premiolocalbest.com.br\/index.php\/wp-json\/wp\/v2\/types\/page"}],"author":[{"embeddable":true,"href":"https:\/\/premiolocalbest.com.br\/index.php\/wp-json\/wp\/v2\/users\/1"}],"replies":[{"embeddable":true,"href":"https:\/\/premiolocalbest.com.br\/index.php\/wp-json\/wp\/v2\/comments?post=8"}],"version-history":[{"count":14,"href":"https:\/\/premiolocalbest.com.br\/index.php\/wp-json\/wp\/v2\/pages\/8\/revisions"}],"predecessor-version":[{"id":5895,"href":"https:\/\/premiolocalbest.com.br\/index.php\/wp-json\/wp\/v2\/pages\/8\/revisions\/5895"}],"wp:attachment":[{"href":"https:\/\/premiolocalbest.com.br\/index.php\/wp-json\/wp\/v2\/media?parent=8"}],"curies":[{"name":"wp","href":"https:\/\/api.w.org\/{rel}","templated":true}]}}