{"id":8140,"date":"2024-07-17T10:38:42","date_gmt":"2024-07-17T13:38:42","guid":{"rendered":"https:\/\/premiolocalbest.com.br\/?page_id=8140"},"modified":"2025-07-10T11:35:52","modified_gmt":"2025-07-10T14:35:52","slug":"49-319-016-0001-50","status":"publish","type":"page","link":"https:\/\/premiolocalbest.com.br\/index.php\/49-319-016-0001-50\/","title":{"rendered":"Empresa: BABI LIPTCZINSKI FOTOGRAFIA"},"content":{"rendered":"\n<h2 class=\"wp-block-heading\"><strong>Premia\u00e7\u00f5es<\/strong>:<\/h2>\n\n\n\n<p>Ano: 2025<br>Cidade: UBATUBA &#8211; SP<br>Segmento: EMPRESA DE FOTOGRAFIA<br>Medalha: OURO<\/p>\n\n\n\n<p>Ano: 2024<br>Cidade: UBATUBA &#8211; SP<br>Segmento: EMPRESA DE FOTOGRAFIA<br>Medalha: OURO<\/p>\n\n\n\n<p>Se voc\u00ea \u00e9 propriet\u00e1rio dessa empresa, saiba como usar esta p\u00e1gina para divulgar as promo\u00e7\u00f5es e outras novidades da sua empresa. Para isso, entre em contato conosco pelo email contato@premiolocalbest.com.br.<\/p>\n","protected":false},"excerpt":{"rendered":"","protected":false},"author":1,"featured_media":0,"parent":0,"menu_order":0,"comment_status":"closed","ping_status":"closed","template":"","meta":{"footnotes":""},"class_list":["post-8140","page","type-page","status-publish","hentry"],"_links":{"self":[{"href":"https:\/\/premiolocalbest.com.br\/index.php\/wp-json\/wp\/v2\/pages\/8140","targetHints":{"allow":["GET"]}}],"collection":[{"href":"https:\/\/premiolocalbest.com.br\/index.php\/wp-json\/wp\/v2\/pages"}],"about":[{"href":"https:\/\/premiolocalbest.com.br\/index.php\/wp-json\/wp\/v2\/types\/page"}],"author":[{"embeddable":true,"href":"https:\/\/premiolocalbest.com.br\/index.php\/wp-json\/wp\/v2\/users\/1"}],"replies":[{"embeddable":true,"href":"https:\/\/premiolocalbest.com.br\/index.php\/wp-json\/wp\/v2\/comments?post=8140"}],"version-history":[{"count":2,"href":"https:\/\/premiolocalbest.com.br\/index.php\/wp-json\/wp\/v2\/pages\/8140\/revisions"}],"predecessor-version":[{"id":11534,"href":"https:\/\/premiolocalbest.com.br\/index.php\/wp-json\/wp\/v2\/pages\/8140\/revisions\/11534"}],"wp:attachment":[{"href":"https:\/\/premiolocalbest.com.br\/index.php\/wp-json\/wp\/v2\/media?parent=8140"}],"curies":[{"name":"wp","href":"https:\/\/api.w.org\/{rel}","templated":true}]}}