{"id":8142,"date":"2024-07-17T10:39:44","date_gmt":"2024-07-17T13:39:44","guid":{"rendered":"https:\/\/premiolocalbest.com.br\/?page_id=8142"},"modified":"2025-06-26T08:46:54","modified_gmt":"2025-06-26T11:46:54","slug":"49-448-415-0001-11","status":"publish","type":"page","link":"https:\/\/premiolocalbest.com.br\/index.php\/49-448-415-0001-11\/","title":{"rendered":"Empresa: STUDIO ANDRIELI SANTOS"},"content":{"rendered":"\n<h2 class=\"wp-block-heading\"><strong>Premia\u00e7\u00f5es<\/strong>:<\/h2>\n\n\n\n<p>Ano: 2025<br>Cidade: UBATUBA &#8211; SP<br>Segmento: DESIGNER DE UNHAS<br>Medalha: OURO<\/p>\n\n\n\n<p>Ano: 2024<br>Cidade: UBATUBA &#8211; SP<br>Segmento: DESIGNER DE UNHAS<br>Medalha: PRATA<\/p>\n\n\n\n<p>Se voc\u00ea \u00e9 propriet\u00e1rio dessa empresa, saiba como usar esta p\u00e1gina para divulgar as promo\u00e7\u00f5es e outras novidades da sua empresa. Para isso, entre em contato conosco pelo email contato@premiolocalbest.com.br.<\/p>\n","protected":false},"excerpt":{"rendered":"","protected":false},"author":1,"featured_media":0,"parent":0,"menu_order":0,"comment_status":"closed","ping_status":"closed","template":"","meta":{"footnotes":""},"class_list":["post-8142","page","type-page","status-publish","hentry"],"_links":{"self":[{"href":"https:\/\/premiolocalbest.com.br\/index.php\/wp-json\/wp\/v2\/pages\/8142","targetHints":{"allow":["GET"]}}],"collection":[{"href":"https:\/\/premiolocalbest.com.br\/index.php\/wp-json\/wp\/v2\/pages"}],"about":[{"href":"https:\/\/premiolocalbest.com.br\/index.php\/wp-json\/wp\/v2\/types\/page"}],"author":[{"embeddable":true,"href":"https:\/\/premiolocalbest.com.br\/index.php\/wp-json\/wp\/v2\/users\/1"}],"replies":[{"embeddable":true,"href":"https:\/\/premiolocalbest.com.br\/index.php\/wp-json\/wp\/v2\/comments?post=8142"}],"version-history":[{"count":2,"href":"https:\/\/premiolocalbest.com.br\/index.php\/wp-json\/wp\/v2\/pages\/8142\/revisions"}],"predecessor-version":[{"id":11449,"href":"https:\/\/premiolocalbest.com.br\/index.php\/wp-json\/wp\/v2\/pages\/8142\/revisions\/11449"}],"wp:attachment":[{"href":"https:\/\/premiolocalbest.com.br\/index.php\/wp-json\/wp\/v2\/media?parent=8142"}],"curies":[{"name":"wp","href":"https:\/\/api.w.org\/{rel}","templated":true}]}}