{"id":8426,"date":"2024-08-05T13:38:13","date_gmt":"2024-08-05T16:38:13","guid":{"rendered":"https:\/\/premiolocalbest.com.br\/?page_id=8426"},"modified":"2025-08-11T08:38:33","modified_gmt":"2025-08-11T11:38:33","slug":"401409838-99","status":"publish","type":"page","link":"https:\/\/premiolocalbest.com.br\/index.php\/401409838-99\/","title":{"rendered":"Empresa: THAMIRES COVIZZI DIAS"},"content":{"rendered":"\n<h2 class=\"wp-block-heading\"><strong>Premia\u00e7\u00f5es<\/strong>:<\/h2>\n\n\n\n<p>Ano: 2025<br>Cidade: VOTUPORANGA &#8211; SP<br>Segmento: SAL\u00c3O DE BELEZA<br>Medalha: OURO<\/p>\n\n\n\n<p>Ano: 2024<br>Cidade: VOTUPORANGA &#8211; SP<br>Segmento: SAL\u00c3O DE BELEZA<br>Medalha: OURO<\/p>\n\n\n\n<p>Se voc\u00ea \u00e9 propriet\u00e1rio dessa empresa, saiba como usar esta p\u00e1gina para divulgar as promo\u00e7\u00f5es e outras novidades da sua empresa. Para isso, entre em contato conosco pelo email contato@premiolocalbest.com.br.<\/p>\n","protected":false},"excerpt":{"rendered":"","protected":false},"author":1,"featured_media":0,"parent":0,"menu_order":0,"comment_status":"closed","ping_status":"closed","template":"","meta":{"footnotes":""},"class_list":["post-8426","page","type-page","status-publish","hentry"],"_links":{"self":[{"href":"https:\/\/premiolocalbest.com.br\/index.php\/wp-json\/wp\/v2\/pages\/8426","targetHints":{"allow":["GET"]}}],"collection":[{"href":"https:\/\/premiolocalbest.com.br\/index.php\/wp-json\/wp\/v2\/pages"}],"about":[{"href":"https:\/\/premiolocalbest.com.br\/index.php\/wp-json\/wp\/v2\/types\/page"}],"author":[{"embeddable":true,"href":"https:\/\/premiolocalbest.com.br\/index.php\/wp-json\/wp\/v2\/users\/1"}],"replies":[{"embeddable":true,"href":"https:\/\/premiolocalbest.com.br\/index.php\/wp-json\/wp\/v2\/comments?post=8426"}],"version-history":[{"count":2,"href":"https:\/\/premiolocalbest.com.br\/index.php\/wp-json\/wp\/v2\/pages\/8426\/revisions"}],"predecessor-version":[{"id":11796,"href":"https:\/\/premiolocalbest.com.br\/index.php\/wp-json\/wp\/v2\/pages\/8426\/revisions\/11796"}],"wp:attachment":[{"href":"https:\/\/premiolocalbest.com.br\/index.php\/wp-json\/wp\/v2\/media?parent=8426"}],"curies":[{"name":"wp","href":"https:\/\/api.w.org\/{rel}","templated":true}]}}