{"id":8540,"date":"2024-08-13T09:00:52","date_gmt":"2024-08-13T12:00:52","guid":{"rendered":"https:\/\/premiolocalbest.com.br\/?page_id=8540"},"modified":"2025-07-29T13:42:10","modified_gmt":"2025-07-29T16:42:10","slug":"41-051-893-0001-81","status":"publish","type":"page","link":"https:\/\/premiolocalbest.com.br\/index.php\/41-051-893-0001-81\/","title":{"rendered":"Empresa: DR SALATI CL\u00cdNICA VETERIN\u00c1RIA 24H"},"content":{"rendered":"\n<h2 class=\"wp-block-heading\"><strong>Premia\u00e7\u00f5es<\/strong>:<\/h2>\n\n\n\n<p>Ano: 2025<br>Cidade: ITANHA\u00c9M &#8211; SP<br>Segmento: CL\u00cdNICA VETERIN\u00c1RIA<br>Medalha: OURO<\/p>\n\n\n\n<p>Ano: 2024<br>Cidade: ITANHA\u00c9M &#8211; SP<br>Segmento: CL\u00cdNICA VETERIN\u00c1RIA<br>Medalha: OURO<\/p>\n\n\n\n<p>Se voc\u00ea \u00e9 propriet\u00e1rio dessa empresa, saiba como usar esta p\u00e1gina para divulgar as promo\u00e7\u00f5es e outras novidades da sua empresa. Para isso, entre em contato conosco pelo email contato@premiolocalbest.com.br.<\/p>\n","protected":false},"excerpt":{"rendered":"","protected":false},"author":1,"featured_media":0,"parent":0,"menu_order":0,"comment_status":"closed","ping_status":"closed","template":"","meta":{"footnotes":""},"class_list":["post-8540","page","type-page","status-publish","hentry"],"_links":{"self":[{"href":"https:\/\/premiolocalbest.com.br\/index.php\/wp-json\/wp\/v2\/pages\/8540","targetHints":{"allow":["GET"]}}],"collection":[{"href":"https:\/\/premiolocalbest.com.br\/index.php\/wp-json\/wp\/v2\/pages"}],"about":[{"href":"https:\/\/premiolocalbest.com.br\/index.php\/wp-json\/wp\/v2\/types\/page"}],"author":[{"embeddable":true,"href":"https:\/\/premiolocalbest.com.br\/index.php\/wp-json\/wp\/v2\/users\/1"}],"replies":[{"embeddable":true,"href":"https:\/\/premiolocalbest.com.br\/index.php\/wp-json\/wp\/v2\/comments?post=8540"}],"version-history":[{"count":2,"href":"https:\/\/premiolocalbest.com.br\/index.php\/wp-json\/wp\/v2\/pages\/8540\/revisions"}],"predecessor-version":[{"id":11729,"href":"https:\/\/premiolocalbest.com.br\/index.php\/wp-json\/wp\/v2\/pages\/8540\/revisions\/11729"}],"wp:attachment":[{"href":"https:\/\/premiolocalbest.com.br\/index.php\/wp-json\/wp\/v2\/media?parent=8540"}],"curies":[{"name":"wp","href":"https:\/\/api.w.org\/{rel}","templated":true}]}}