{"id":8750,"date":"2024-08-26T15:24:15","date_gmt":"2024-08-26T18:24:15","guid":{"rendered":"https:\/\/premiolocalbest.com.br\/?page_id=8750"},"modified":"2025-08-22T14:56:03","modified_gmt":"2025-08-22T17:56:03","slug":"61-517-496-0001-60","status":"publish","type":"page","link":"https:\/\/premiolocalbest.com.br\/index.php\/61-517-496-0001-60\/","title":{"rendered":"Empresa: DEP\u00d3SITO CASAS PR\u00d3PRIAS"},"content":{"rendered":"\n<h2 class=\"wp-block-heading\"><strong>Premia\u00e7\u00f5es<\/strong>:<\/h2>\n\n\n\n<p>Ano: 2025<br>Cidade: RIBEIR\u00c3O PIRES &#8211; SP<br>Segmento: LOJA DE MATERIAIS DE CONSTRU\u00c7\u00c3O<br>Medalha: OURO<\/p>\n\n\n\n<p>Ano: 2024<br>Cidade: RIBEIR\u00c3O PIRES &#8211; SP<br>Segmento: LOJA DE MATERIAIS DE CONSTRU\u00c7\u00c3O<br>Medalha: OURO<\/p>\n\n\n\n<p>Se voc\u00ea \u00e9 propriet\u00e1rio dessa empresa, saiba como usar esta p\u00e1gina para divulgar as promo\u00e7\u00f5es e outras novidades da sua empresa. Para isso, entre em contato conosco pelo email contato@premiolocalbest.com.br.<\/p>\n","protected":false},"excerpt":{"rendered":"","protected":false},"author":1,"featured_media":0,"parent":0,"menu_order":0,"comment_status":"closed","ping_status":"closed","template":"","meta":{"footnotes":""},"class_list":["post-8750","page","type-page","status-publish","hentry"],"_links":{"self":[{"href":"https:\/\/premiolocalbest.com.br\/index.php\/wp-json\/wp\/v2\/pages\/8750","targetHints":{"allow":["GET"]}}],"collection":[{"href":"https:\/\/premiolocalbest.com.br\/index.php\/wp-json\/wp\/v2\/pages"}],"about":[{"href":"https:\/\/premiolocalbest.com.br\/index.php\/wp-json\/wp\/v2\/types\/page"}],"author":[{"embeddable":true,"href":"https:\/\/premiolocalbest.com.br\/index.php\/wp-json\/wp\/v2\/users\/1"}],"replies":[{"embeddable":true,"href":"https:\/\/premiolocalbest.com.br\/index.php\/wp-json\/wp\/v2\/comments?post=8750"}],"version-history":[{"count":2,"href":"https:\/\/premiolocalbest.com.br\/index.php\/wp-json\/wp\/v2\/pages\/8750\/revisions"}],"predecessor-version":[{"id":11838,"href":"https:\/\/premiolocalbest.com.br\/index.php\/wp-json\/wp\/v2\/pages\/8750\/revisions\/11838"}],"wp:attachment":[{"href":"https:\/\/premiolocalbest.com.br\/index.php\/wp-json\/wp\/v2\/media?parent=8750"}],"curies":[{"name":"wp","href":"https:\/\/api.w.org\/{rel}","templated":true}]}}