{"id":8801,"date":"2024-08-27T13:40:00","date_gmt":"2024-08-27T16:40:00","guid":{"rendered":"https:\/\/premiolocalbest.com.br\/?page_id=8801"},"modified":"2025-09-11T15:05:29","modified_gmt":"2025-09-11T18:05:29","slug":"352-078-788-16","status":"publish","type":"page","link":"https:\/\/premiolocalbest.com.br\/index.php\/352-078-788-16\/","title":{"rendered":"Empresa: EST\u00c9TICA JENIFER CAROLINE"},"content":{"rendered":"\n<h2 class=\"wp-block-heading\"><strong>Premia\u00e7\u00f5es<\/strong>:<\/h2>\n\n\n\n<p>Ano: 2025<br>Cidade: TAQUARITINGA &#8211; SP<br>Segmento: CL\u00cdNICA DE EST\u00c9TICA E SA\u00daDE<br>Medalha: OURO<\/p>\n\n\n\n<p>Ano: 2024<br>Cidade: TAQUARITINGA &#8211; SP<br>Segmento: CL\u00cdNICA DE EST\u00c9TICA E SA\u00daDE<br>Medalha: OURO<\/p>\n\n\n\n<p>Se voc\u00ea \u00e9 propriet\u00e1rio dessa empresa, saiba como usar esta p\u00e1gina para divulgar as promo\u00e7\u00f5es e outras novidades da sua empresa. Para isso, entre em contato conosco pelo email contato@premiolocalbest.com.br.<\/p>\n","protected":false},"excerpt":{"rendered":"","protected":false},"author":1,"featured_media":0,"parent":0,"menu_order":0,"comment_status":"closed","ping_status":"closed","template":"","meta":{"footnotes":""},"class_list":["post-8801","page","type-page","status-publish","hentry"],"_links":{"self":[{"href":"https:\/\/premiolocalbest.com.br\/index.php\/wp-json\/wp\/v2\/pages\/8801","targetHints":{"allow":["GET"]}}],"collection":[{"href":"https:\/\/premiolocalbest.com.br\/index.php\/wp-json\/wp\/v2\/pages"}],"about":[{"href":"https:\/\/premiolocalbest.com.br\/index.php\/wp-json\/wp\/v2\/types\/page"}],"author":[{"embeddable":true,"href":"https:\/\/premiolocalbest.com.br\/index.php\/wp-json\/wp\/v2\/users\/1"}],"replies":[{"embeddable":true,"href":"https:\/\/premiolocalbest.com.br\/index.php\/wp-json\/wp\/v2\/comments?post=8801"}],"version-history":[{"count":2,"href":"https:\/\/premiolocalbest.com.br\/index.php\/wp-json\/wp\/v2\/pages\/8801\/revisions"}],"predecessor-version":[{"id":11972,"href":"https:\/\/premiolocalbest.com.br\/index.php\/wp-json\/wp\/v2\/pages\/8801\/revisions\/11972"}],"wp:attachment":[{"href":"https:\/\/premiolocalbest.com.br\/index.php\/wp-json\/wp\/v2\/media?parent=8801"}],"curies":[{"name":"wp","href":"https:\/\/api.w.org\/{rel}","templated":true}]}}