{"id":8906,"date":"2024-08-28T19:08:21","date_gmt":"2024-08-28T22:08:21","guid":{"rendered":"https:\/\/premiolocalbest.com.br\/?page_id=8906"},"modified":"2025-09-01T16:17:17","modified_gmt":"2025-09-01T19:17:17","slug":"42-595-500-0001-63","status":"publish","type":"page","link":"https:\/\/premiolocalbest.com.br\/index.php\/42-595-500-0001-63\/","title":{"rendered":"Empresa: BRIETZKE OFICINA MEC\u00c2NICA"},"content":{"rendered":"\n<h2 class=\"wp-block-heading\"><strong>Premia\u00e7\u00f5es<\/strong>:<\/h2>\n\n\n\n<p>Ano: 2025<br>Cidade: ALVORADA &#8211; RS<br>Segmento: OFICINA MEC\u00c2NICA DE AUTOM\u00d3VEIS<br>Medalha: OURO<\/p>\n\n\n\n<p>Ano: 2024<br>Cidade: ALVORADA &#8211; RS<br>Segmento: OFICINA MEC\u00c2NICA DE AUTOM\u00d3VEIS<br>Medalha: OURO<\/p>\n\n\n\n<p>Se voc\u00ea \u00e9 propriet\u00e1rio dessa empresa, saiba como usar esta p\u00e1gina para divulgar as promo\u00e7\u00f5es e outras novidades da sua empresa. Para isso, entre em contato conosco pelo email contato@premiolocalbest.com.br.<\/p>\n","protected":false},"excerpt":{"rendered":"","protected":false},"author":1,"featured_media":0,"parent":0,"menu_order":0,"comment_status":"closed","ping_status":"closed","template":"","meta":{"footnotes":""},"class_list":["post-8906","page","type-page","status-publish","hentry"],"_links":{"self":[{"href":"https:\/\/premiolocalbest.com.br\/index.php\/wp-json\/wp\/v2\/pages\/8906","targetHints":{"allow":["GET"]}}],"collection":[{"href":"https:\/\/premiolocalbest.com.br\/index.php\/wp-json\/wp\/v2\/pages"}],"about":[{"href":"https:\/\/premiolocalbest.com.br\/index.php\/wp-json\/wp\/v2\/types\/page"}],"author":[{"embeddable":true,"href":"https:\/\/premiolocalbest.com.br\/index.php\/wp-json\/wp\/v2\/users\/1"}],"replies":[{"embeddable":true,"href":"https:\/\/premiolocalbest.com.br\/index.php\/wp-json\/wp\/v2\/comments?post=8906"}],"version-history":[{"count":2,"href":"https:\/\/premiolocalbest.com.br\/index.php\/wp-json\/wp\/v2\/pages\/8906\/revisions"}],"predecessor-version":[{"id":11933,"href":"https:\/\/premiolocalbest.com.br\/index.php\/wp-json\/wp\/v2\/pages\/8906\/revisions\/11933"}],"wp:attachment":[{"href":"https:\/\/premiolocalbest.com.br\/index.php\/wp-json\/wp\/v2\/media?parent=8906"}],"curies":[{"name":"wp","href":"https:\/\/api.w.org\/{rel}","templated":true}]}}