{"id":9086,"date":"2024-09-12T17:11:25","date_gmt":"2024-09-12T20:11:25","guid":{"rendered":"https:\/\/premiolocalbest.com.br\/?page_id=9086"},"modified":"2024-09-12T17:11:25","modified_gmt":"2024-09-12T20:11:25","slug":"23-735-295-0001-40","status":"publish","type":"page","link":"https:\/\/premiolocalbest.com.br\/index.php\/23-735-295-0001-40\/","title":{"rendered":"Empresa: \u00d3TICAS STYLUS"},"content":{"rendered":"\n<h2 class=\"wp-block-heading\"><strong>Premia\u00e7\u00f5es<\/strong>:<\/h2>\n\n\n\n<p>Ano: 2024<br>Cidade: AGUA\u00cd &#8211; SP<br>Segmento: \u00d3TICA<br>Medalha: OURO<\/p>\n\n\n\n<p>Se voc\u00ea \u00e9 propriet\u00e1rio dessa empresa, saiba como usar esta p\u00e1gina para divulgar as promo\u00e7\u00f5es e outras novidades da sua empresa. Para isso, entre em contato conosco pelo email contato@premiolocalbest.com.br.<\/p>\n","protected":false},"excerpt":{"rendered":"","protected":false},"author":1,"featured_media":0,"parent":0,"menu_order":0,"comment_status":"closed","ping_status":"closed","template":"","meta":{"footnotes":""},"class_list":["post-9086","page","type-page","status-publish","hentry"],"_links":{"self":[{"href":"https:\/\/premiolocalbest.com.br\/index.php\/wp-json\/wp\/v2\/pages\/9086","targetHints":{"allow":["GET"]}}],"collection":[{"href":"https:\/\/premiolocalbest.com.br\/index.php\/wp-json\/wp\/v2\/pages"}],"about":[{"href":"https:\/\/premiolocalbest.com.br\/index.php\/wp-json\/wp\/v2\/types\/page"}],"author":[{"embeddable":true,"href":"https:\/\/premiolocalbest.com.br\/index.php\/wp-json\/wp\/v2\/users\/1"}],"replies":[{"embeddable":true,"href":"https:\/\/premiolocalbest.com.br\/index.php\/wp-json\/wp\/v2\/comments?post=9086"}],"version-history":[{"count":1,"href":"https:\/\/premiolocalbest.com.br\/index.php\/wp-json\/wp\/v2\/pages\/9086\/revisions"}],"predecessor-version":[{"id":9087,"href":"https:\/\/premiolocalbest.com.br\/index.php\/wp-json\/wp\/v2\/pages\/9086\/revisions\/9087"}],"wp:attachment":[{"href":"https:\/\/premiolocalbest.com.br\/index.php\/wp-json\/wp\/v2\/media?parent=9086"}],"curies":[{"name":"wp","href":"https:\/\/api.w.org\/{rel}","templated":true}]}}