{"id":9203,"date":"2024-09-23T09:04:11","date_gmt":"2024-09-23T12:04:11","guid":{"rendered":"https:\/\/premiolocalbest.com.br\/?page_id=9203"},"modified":"2025-09-29T15:06:26","modified_gmt":"2025-09-29T18:06:26","slug":"52-531-884-0001-04","status":"publish","type":"page","link":"https:\/\/premiolocalbest.com.br\/index.php\/52-531-884-0001-04\/","title":{"rendered":"Empresa: PLANOS S\u00c3O JUDAS TADEU ASSIST\u00caNCIA FUNER\u00c1RIA"},"content":{"rendered":"\n<h2 class=\"wp-block-heading\"><strong>Premia\u00e7\u00f5es<\/strong>:<\/h2>\n\n\n\n<p>Ano: 2025<br>Cidade: ITIRAPINA &#8211; SP<br>Segmento: FUNER\u00c1RIA<br>Medalha: OURO<\/p>\n\n\n\n<p>Ano: 2024<br>Cidade: ITIRAPINA &#8211; SP<br>Segmento: FUNER\u00c1RIA<br>Medalha: OURO<\/p>\n\n\n\n<p>Se voc\u00ea \u00e9 propriet\u00e1rio dessa empresa, saiba como usar esta p\u00e1gina para divulgar as promo\u00e7\u00f5es e outras novidades da sua empresa. Para isso, entre em contato conosco pelo email contato@premiolocalbest.com.br.<\/p>\n","protected":false},"excerpt":{"rendered":"","protected":false},"author":1,"featured_media":0,"parent":0,"menu_order":0,"comment_status":"closed","ping_status":"closed","template":"","meta":{"footnotes":""},"class_list":["post-9203","page","type-page","status-publish","hentry"],"_links":{"self":[{"href":"https:\/\/premiolocalbest.com.br\/index.php\/wp-json\/wp\/v2\/pages\/9203","targetHints":{"allow":["GET"]}}],"collection":[{"href":"https:\/\/premiolocalbest.com.br\/index.php\/wp-json\/wp\/v2\/pages"}],"about":[{"href":"https:\/\/premiolocalbest.com.br\/index.php\/wp-json\/wp\/v2\/types\/page"}],"author":[{"embeddable":true,"href":"https:\/\/premiolocalbest.com.br\/index.php\/wp-json\/wp\/v2\/users\/1"}],"replies":[{"embeddable":true,"href":"https:\/\/premiolocalbest.com.br\/index.php\/wp-json\/wp\/v2\/comments?post=9203"}],"version-history":[{"count":2,"href":"https:\/\/premiolocalbest.com.br\/index.php\/wp-json\/wp\/v2\/pages\/9203\/revisions"}],"predecessor-version":[{"id":12033,"href":"https:\/\/premiolocalbest.com.br\/index.php\/wp-json\/wp\/v2\/pages\/9203\/revisions\/12033"}],"wp:attachment":[{"href":"https:\/\/premiolocalbest.com.br\/index.php\/wp-json\/wp\/v2\/media?parent=9203"}],"curies":[{"name":"wp","href":"https:\/\/api.w.org\/{rel}","templated":true}]}}