{"id":9340,"date":"2024-10-02T07:39:24","date_gmt":"2024-10-02T10:39:24","guid":{"rendered":"https:\/\/premiolocalbest.com.br\/?page_id=9340"},"modified":"2025-10-13T16:23:47","modified_gmt":"2025-10-13T19:23:47","slug":"39-306-473-0001-57","status":"publish","type":"page","link":"https:\/\/premiolocalbest.com.br\/index.php\/39-306-473-0001-57\/","title":{"rendered":"Empresa: VIDRA\u00c7ARIA E SERRALHERIA V DE VIDRO \u2013 BERTIOGA"},"content":{"rendered":"\n<h2 class=\"wp-block-heading\"><strong>Premia\u00e7\u00f5es<\/strong>:<\/h2>\n\n\n\n<p>Ano: 2025<br>Cidade: BERTIOGA &#8211; SP<br>Segmento: SERRALHERIA<br>Medalha: OURO<\/p>\n\n\n\n<p>Ano: 2024<br>Cidade: BERTIOGA &#8211; SP<br>Segmento: SERRALHERIA<br>Medalha: OURO<\/p>\n\n\n\n<p>Se voc\u00ea \u00e9 propriet\u00e1rio dessa empresa, saiba como usar esta p\u00e1gina para divulgar as promo\u00e7\u00f5es e outras novidades da sua empresa. Para isso, entre em contato conosco pelo email contato@premiolocalbest.com.br.<\/p>\n","protected":false},"excerpt":{"rendered":"","protected":false},"author":1,"featured_media":0,"parent":0,"menu_order":0,"comment_status":"closed","ping_status":"closed","template":"","meta":{"footnotes":""},"class_list":["post-9340","page","type-page","status-publish","hentry"],"_links":{"self":[{"href":"https:\/\/premiolocalbest.com.br\/index.php\/wp-json\/wp\/v2\/pages\/9340","targetHints":{"allow":["GET"]}}],"collection":[{"href":"https:\/\/premiolocalbest.com.br\/index.php\/wp-json\/wp\/v2\/pages"}],"about":[{"href":"https:\/\/premiolocalbest.com.br\/index.php\/wp-json\/wp\/v2\/types\/page"}],"author":[{"embeddable":true,"href":"https:\/\/premiolocalbest.com.br\/index.php\/wp-json\/wp\/v2\/users\/1"}],"replies":[{"embeddable":true,"href":"https:\/\/premiolocalbest.com.br\/index.php\/wp-json\/wp\/v2\/comments?post=9340"}],"version-history":[{"count":2,"href":"https:\/\/premiolocalbest.com.br\/index.php\/wp-json\/wp\/v2\/pages\/9340\/revisions"}],"predecessor-version":[{"id":12101,"href":"https:\/\/premiolocalbest.com.br\/index.php\/wp-json\/wp\/v2\/pages\/9340\/revisions\/12101"}],"wp:attachment":[{"href":"https:\/\/premiolocalbest.com.br\/index.php\/wp-json\/wp\/v2\/media?parent=9340"}],"curies":[{"name":"wp","href":"https:\/\/api.w.org\/{rel}","templated":true}]}}