{"id":9440,"date":"2024-10-10T14:44:41","date_gmt":"2024-10-10T17:44:41","guid":{"rendered":"https:\/\/premiolocalbest.com.br\/?page_id=9440"},"modified":"2025-10-13T16:33:32","modified_gmt":"2025-10-13T19:33:32","slug":"14-899-813-0001-70","status":"publish","type":"page","link":"https:\/\/premiolocalbest.com.br\/index.php\/14-899-813-0001-70\/","title":{"rendered":"Empresa: ELETR\u00d4NICA FABER TECH"},"content":{"rendered":"\n<h2 class=\"wp-block-heading\"><strong>Premia\u00e7\u00f5es<\/strong>:<\/h2>\n\n\n\n<p>Ano: 2025<br>Cidade: BERTIOGA &#8211; SP<br>Segmento: ASSIST\u00caNCIA T\u00c9CNICA DE ELETR\u00d4NICOS<br>Medalha: OURO<\/p>\n\n\n\n<p>Ano: 2024<br>Cidade: BERTIOGA &#8211; SP<br>Segmento: ASSIST\u00caNCIA T\u00c9CNICA DE ELETR\u00d4NICOS<br>Medalha: OURO<\/p>\n\n\n\n<p>Se voc\u00ea \u00e9 propriet\u00e1rio dessa empresa, saiba como usar esta p\u00e1gina para divulgar as promo\u00e7\u00f5es e outras novidades da sua empresa. Para isso, entre em contato conosco pelo email contato@premiolocalbest.com.br.<\/p>\n","protected":false},"excerpt":{"rendered":"","protected":false},"author":1,"featured_media":0,"parent":0,"menu_order":0,"comment_status":"closed","ping_status":"closed","template":"","meta":{"footnotes":""},"class_list":["post-9440","page","type-page","status-publish","hentry"],"_links":{"self":[{"href":"https:\/\/premiolocalbest.com.br\/index.php\/wp-json\/wp\/v2\/pages\/9440","targetHints":{"allow":["GET"]}}],"collection":[{"href":"https:\/\/premiolocalbest.com.br\/index.php\/wp-json\/wp\/v2\/pages"}],"about":[{"href":"https:\/\/premiolocalbest.com.br\/index.php\/wp-json\/wp\/v2\/types\/page"}],"author":[{"embeddable":true,"href":"https:\/\/premiolocalbest.com.br\/index.php\/wp-json\/wp\/v2\/users\/1"}],"replies":[{"embeddable":true,"href":"https:\/\/premiolocalbest.com.br\/index.php\/wp-json\/wp\/v2\/comments?post=9440"}],"version-history":[{"count":2,"href":"https:\/\/premiolocalbest.com.br\/index.php\/wp-json\/wp\/v2\/pages\/9440\/revisions"}],"predecessor-version":[{"id":12111,"href":"https:\/\/premiolocalbest.com.br\/index.php\/wp-json\/wp\/v2\/pages\/9440\/revisions\/12111"}],"wp:attachment":[{"href":"https:\/\/premiolocalbest.com.br\/index.php\/wp-json\/wp\/v2\/media?parent=9440"}],"curies":[{"name":"wp","href":"https:\/\/api.w.org\/{rel}","templated":true}]}}