{"id":9496,"date":"2024-10-17T07:20:33","date_gmt":"2024-10-17T10:20:33","guid":{"rendered":"https:\/\/premiolocalbest.com.br\/?page_id=9496"},"modified":"2025-11-10T09:41:14","modified_gmt":"2025-11-10T12:41:14","slug":"42-256-350-0001-63","status":"publish","type":"page","link":"https:\/\/premiolocalbest.com.br\/index.php\/42-256-350-0001-63\/","title":{"rendered":"Empresa: CAROLINA HELEODORO"},"content":{"rendered":"\n<h2 class=\"wp-block-heading\"><strong>Premia\u00e7\u00f5es<\/strong>:<\/h2>\n\n\n\n<p>Ano: 2025<br>Cidade: SOCORRO &#8211; SP<br>Segmento: SERVI\u00c7O DE MAQUIAGEM<br>Medalha: OURO<\/p>\n\n\n\n<p>Ano: 2024<br>Cidade: SOCORRO &#8211; SP<br>Segmento: SERVI\u00c7O DE MAQUIAGEM<br>Medalha: OURO<\/p>\n\n\n\n<p>Se voc\u00ea \u00e9 propriet\u00e1rio dessa empresa, saiba como usar esta p\u00e1gina para divulgar as promo\u00e7\u00f5es e outras novidades da sua empresa. Para isso, entre em contato conosco pelo email contato@premiolocalbest.com.br.<\/p>\n","protected":false},"excerpt":{"rendered":"","protected":false},"author":1,"featured_media":0,"parent":0,"menu_order":0,"comment_status":"closed","ping_status":"closed","template":"","meta":{"footnotes":""},"class_list":["post-9496","page","type-page","status-publish","hentry"],"_links":{"self":[{"href":"https:\/\/premiolocalbest.com.br\/index.php\/wp-json\/wp\/v2\/pages\/9496","targetHints":{"allow":["GET"]}}],"collection":[{"href":"https:\/\/premiolocalbest.com.br\/index.php\/wp-json\/wp\/v2\/pages"}],"about":[{"href":"https:\/\/premiolocalbest.com.br\/index.php\/wp-json\/wp\/v2\/types\/page"}],"author":[{"embeddable":true,"href":"https:\/\/premiolocalbest.com.br\/index.php\/wp-json\/wp\/v2\/users\/1"}],"replies":[{"embeddable":true,"href":"https:\/\/premiolocalbest.com.br\/index.php\/wp-json\/wp\/v2\/comments?post=9496"}],"version-history":[{"count":2,"href":"https:\/\/premiolocalbest.com.br\/index.php\/wp-json\/wp\/v2\/pages\/9496\/revisions"}],"predecessor-version":[{"id":12256,"href":"https:\/\/premiolocalbest.com.br\/index.php\/wp-json\/wp\/v2\/pages\/9496\/revisions\/12256"}],"wp:attachment":[{"href":"https:\/\/premiolocalbest.com.br\/index.php\/wp-json\/wp\/v2\/media?parent=9496"}],"curies":[{"name":"wp","href":"https:\/\/api.w.org\/{rel}","templated":true}]}}