{"id":9762,"date":"2024-11-07T15:18:36","date_gmt":"2024-11-07T18:18:36","guid":{"rendered":"https:\/\/premiolocalbest.com.br\/?page_id=9762"},"modified":"2025-11-03T08:19:49","modified_gmt":"2025-11-03T11:19:49","slug":"32-511-744-0001-67","status":"publish","type":"page","link":"https:\/\/premiolocalbest.com.br\/index.php\/32-511-744-0001-67\/","title":{"rendered":"Empresa: PET C\u00c3OTAREIRA"},"content":{"rendered":"\n<h2 class=\"wp-block-heading\"><strong>Premia\u00e7\u00f5es<\/strong>:<\/h2>\n\n\n\n<p>Ano: 2025<br>Cidade: MAIRIPOR\u00c3 &#8211; SP<br>Segmento: EST\u00c9TICA ANIMAL<br>Medalha: OURO<\/p>\n\n\n\n<p>Ano: 2025<br>Cidade: MAIRIPOR\u00c3 &#8211; SP<br>Segmento: BANHO E TOSA<br>Medalha: BRONZE<\/p>\n\n\n\n<p>Ano: 2024<br>Cidade: MAIRIPOR\u00c3 &#8211; SP<br>Segmento: BANHO E TOSA<br>Medalha: OURO<\/p>\n\n\n\n<p>Se voc\u00ea \u00e9 propriet\u00e1rio dessa empresa, saiba como usar esta p\u00e1gina para divulgar as promo\u00e7\u00f5es e outras novidades da sua empresa. Para isso, entre em contato conosco pelo email contato@premiolocalbest.com.br.<\/p>\n","protected":false},"excerpt":{"rendered":"","protected":false},"author":1,"featured_media":0,"parent":0,"menu_order":0,"comment_status":"closed","ping_status":"closed","template":"","meta":{"footnotes":""},"class_list":["post-9762","page","type-page","status-publish","hentry"],"_links":{"self":[{"href":"https:\/\/premiolocalbest.com.br\/index.php\/wp-json\/wp\/v2\/pages\/9762","targetHints":{"allow":["GET"]}}],"collection":[{"href":"https:\/\/premiolocalbest.com.br\/index.php\/wp-json\/wp\/v2\/pages"}],"about":[{"href":"https:\/\/premiolocalbest.com.br\/index.php\/wp-json\/wp\/v2\/types\/page"}],"author":[{"embeddable":true,"href":"https:\/\/premiolocalbest.com.br\/index.php\/wp-json\/wp\/v2\/users\/1"}],"replies":[{"embeddable":true,"href":"https:\/\/premiolocalbest.com.br\/index.php\/wp-json\/wp\/v2\/comments?post=9762"}],"version-history":[{"count":3,"href":"https:\/\/premiolocalbest.com.br\/index.php\/wp-json\/wp\/v2\/pages\/9762\/revisions"}],"predecessor-version":[{"id":12211,"href":"https:\/\/premiolocalbest.com.br\/index.php\/wp-json\/wp\/v2\/pages\/9762\/revisions\/12211"}],"wp:attachment":[{"href":"https:\/\/premiolocalbest.com.br\/index.php\/wp-json\/wp\/v2\/media?parent=9762"}],"curies":[{"name":"wp","href":"https:\/\/api.w.org\/{rel}","templated":true}]}}