{"id":9849,"date":"2024-11-14T15:18:46","date_gmt":"2024-11-14T18:18:46","guid":{"rendered":"https:\/\/premiolocalbest.com.br\/?page_id=9849"},"modified":"2026-01-06T14:43:35","modified_gmt":"2026-01-06T17:43:35","slug":"24-360-260-0001-36","status":"publish","type":"page","link":"https:\/\/premiolocalbest.com.br\/index.php\/24-360-260-0001-36\/","title":{"rendered":"Empresa: ITUFERRAGENS"},"content":{"rendered":"\n<h2 class=\"wp-block-heading\"><strong>Premia\u00e7\u00f5es<\/strong>:<\/h2>\n\n\n\n<p>Ano: 2025<br>Cidade: IGARAPAVA &#8211; SP<br>Segmento: LOJA DE FERRAMENTAS E FERRAGENS<br>Medalha: OURO<\/p>\n\n\n\n<p>Ano: 2024<br>Cidade: IGARAPAVA &#8211; SP<br>Segmento: LOJA DE FERRAMENTAS E FERRAGENS<br>Medalha: OURO<\/p>\n\n\n\n<p>Se voc\u00ea \u00e9 propriet\u00e1rio dessa empresa, saiba como usar esta p\u00e1gina para divulgar as promo\u00e7\u00f5es e outras novidades da sua empresa. Para isso, entre em contato conosco pelo email contato@premiolocalbest.com.br.<\/p>\n","protected":false},"excerpt":{"rendered":"","protected":false},"author":1,"featured_media":0,"parent":0,"menu_order":0,"comment_status":"closed","ping_status":"closed","template":"","meta":{"footnotes":""},"class_list":["post-9849","page","type-page","status-publish","hentry"],"_links":{"self":[{"href":"https:\/\/premiolocalbest.com.br\/index.php\/wp-json\/wp\/v2\/pages\/9849","targetHints":{"allow":["GET"]}}],"collection":[{"href":"https:\/\/premiolocalbest.com.br\/index.php\/wp-json\/wp\/v2\/pages"}],"about":[{"href":"https:\/\/premiolocalbest.com.br\/index.php\/wp-json\/wp\/v2\/types\/page"}],"author":[{"embeddable":true,"href":"https:\/\/premiolocalbest.com.br\/index.php\/wp-json\/wp\/v2\/users\/1"}],"replies":[{"embeddable":true,"href":"https:\/\/premiolocalbest.com.br\/index.php\/wp-json\/wp\/v2\/comments?post=9849"}],"version-history":[{"count":2,"href":"https:\/\/premiolocalbest.com.br\/index.php\/wp-json\/wp\/v2\/pages\/9849\/revisions"}],"predecessor-version":[{"id":12741,"href":"https:\/\/premiolocalbest.com.br\/index.php\/wp-json\/wp\/v2\/pages\/9849\/revisions\/12741"}],"wp:attachment":[{"href":"https:\/\/premiolocalbest.com.br\/index.php\/wp-json\/wp\/v2\/media?parent=9849"}],"curies":[{"name":"wp","href":"https:\/\/api.w.org\/{rel}","templated":true}]}}